{"id":9395,"date":"2026-03-23T14:01:15","date_gmt":"2026-03-23T13:01:15","guid":{"rendered":"https:\/\/thecomptoir.com\/fr\/?post_type=product&#038;p=9395"},"modified":"2026-03-23T14:10:50","modified_gmt":"2026-03-23T13:10:50","slug":"mini-kit-de-broderie-sur-papier-mere-veilleuse","status":"publish","type":"product","link":"https:\/\/thecomptoir.com\/fr\/produit\/mini-kit-de-broderie-sur-papier-mere-veilleuse\/","title":{"rendered":"mini kit de broderie sur papier &#8211; M\u00e8re-Veilleuse"},"content":{"rendered":"<p>If you follow me on Instagram (@thecomptoir) you know that I love making embroideries on paper, more than on fabric. I am using this technic daily and I am happy for finally being able to share it with you. I know you are looking for this project for a long time, so enjoy !<br \/>\nThis project is a free project, it means that you are not going to find any indication printed on the picture, but in the tutoriel, I am giving all explanations you need. I am explaining all the basics including how to make the different stitches in a tutorial video coming with the kit.<\/p>\n<p>This project is a beginner friendly project, I am here to help if you have any questions.<\/p>\n<p>This kit includes:<br \/>\n1 picture to embroider printed on a postcard size paper<br \/>\n1 template sheet to exercise<br \/>\n1 guide page<br \/>\n1 embroidery needle<br \/>\n4 colors of embroidery flosses<br \/>\n1 online video tutorial<\/p>\n<p>All papers are coming from an eco-friendly printing company working only with 100% recycled paper.<\/p>\n<p><strong>En fran\u00e7ais<\/strong><\/p>\n<p>Si vous me suivez sur Instagram @thecomptoir vous savez que j\u2019adore broder le papier, bien plus que le tissu. C\u2019est une technique que j\u2019utilise quotidiennement dans mes cr\u00e9ations et je suis contente de pouvoir enfin partager \u00e7a avec vous. Je sais que vous l\u2019attendiez ce projet, donc amusez-vous !<br \/>\nCe projet est un projet libre, ce qui signifie que vous trouverez aucune indication pour r\u00e9aliser votre projet sur la photo \u00e0 broder. Dans le tutoriel, je vous explique comment r\u00e9aliser ce mod\u00e8le, vous \u00eates livres de vous en inspirer ou de le reproduire. Tous les points de broderie sont expliqu\u00e9s dans les tutoriels vid\u00e9o qui accompagne cette s\u00e9rie de kits.<\/p>\n<p>Ce projet est tout \u00e0 fait \u00e0 la port\u00e9e des d\u00e9butant.e.s, je suis l\u00e0 pour vous accompagner et pour que vous puissiez mener \u00e0 bien ce projet. Il s\u2019agit d\u2019un projet libre.<\/p>\n<p>Ce kit comprend :<br \/>\n1 photo \u00e0 broder au format carte postale<br \/>\n1 page d\u2019exercice<br \/>\n1 page guide<br \/>\n1 aiguille \u00e0 broder<br \/>\n4 couleurs de fil \u00e0 broder<br \/>\n1 tutoriel vid\u00e9o en ligne<\/p>\n","protected":false},"excerpt":{"rendered":"<p>If you follow me on Instagram (@thecomptoir) you know that I love making embroideries on paper, more than on fabric. I am using this technic daily and I am happy [&hellip;]<\/p>\n","protected":false},"featured_media":9396,"comment_status":"open","ping_status":"closed","template":"","meta":{"jetpack_post_was_ever_published":false,"jetpack_publicize_message":"","jetpack_publicize_feature_enabled":true,"jetpack_social_post_already_shared":true,"jetpack_social_options":{"image_generator_settings":{"template":"highway","default_image_id":0,"font":"","enabled":false},"version":2}},"product_brand":[],"product_cat":[1597,1596],"product_tag":[],"class_list":{"0":"post-9395","1":"product","2":"type-product","3":"status-publish","4":"has-post-thumbnail","6":"product_cat-mini-kits","7":"product_cat-projets-sur-papier","8":"product_shipping_class-lettre","10":"first","11":"instock","12":"shipping-taxable","13":"purchasable","14":"product-type-simple"},"jetpack_publicize_connections":[],"jetpack_sharing_enabled":true,"_links":{"self":[{"href":"https:\/\/thecomptoir.com\/fr\/wp-json\/wp\/v2\/product\/9395","targetHints":{"allow":["GET"]}}],"collection":[{"href":"https:\/\/thecomptoir.com\/fr\/wp-json\/wp\/v2\/product"}],"about":[{"href":"https:\/\/thecomptoir.com\/fr\/wp-json\/wp\/v2\/types\/product"}],"replies":[{"embeddable":true,"href":"https:\/\/thecomptoir.com\/fr\/wp-json\/wp\/v2\/comments?post=9395"}],"wp:featuredmedia":[{"embeddable":true,"href":"https:\/\/thecomptoir.com\/fr\/wp-json\/wp\/v2\/media\/9396"}],"wp:attachment":[{"href":"https:\/\/thecomptoir.com\/fr\/wp-json\/wp\/v2\/media?parent=9395"}],"wp:term":[{"taxonomy":"product_brand","embeddable":true,"href":"https:\/\/thecomptoir.com\/fr\/wp-json\/wp\/v2\/product_brand?post=9395"},{"taxonomy":"product_cat","embeddable":true,"href":"https:\/\/thecomptoir.com\/fr\/wp-json\/wp\/v2\/product_cat?post=9395"},{"taxonomy":"product_tag","embeddable":true,"href":"https:\/\/thecomptoir.com\/fr\/wp-json\/wp\/v2\/product_tag?post=9395"}],"curies":[{"name":"wp","href":"https:\/\/api.w.org\/{rel}","templated":true}]}}