{"id":9365,"date":"2026-03-07T13:23:18","date_gmt":"2026-03-07T12:23:18","guid":{"rendered":"https:\/\/thecomptoir.com\/fr\/?post_type=product&#038;p=9365"},"modified":"2026-03-13T12:10:11","modified_gmt":"2026-03-13T11:10:11","slug":"atelier-decouverte-du-cyanotype-couture-et-soi","status":"publish","type":"product","link":"https:\/\/thecomptoir.com\/fr\/produit\/atelier-decouverte-du-cyanotype-couture-et-soi\/","title":{"rendered":"Atelier d\u00e9couverte du Cyanotype \u2013 Couture et soi"},"content":{"rendered":"<p>Je vous donne RDV le samedi 6 Juin 2026 de 14h \u00e0 16h30 \u00e0 l&rsquo;occasion du week-end \u00ab\u00a0Couture et soi\u00a0\u00bb pr\u00e8s de Montauban pour un atelier de d\u00e9couverte de la s\u00e9rigraphie. Une occasion de d\u00e9couvrir cette technique cr\u00e9ative et ludique30.<\/p>\n<p>Au cours de cet atelier, nous passerons en revue tout ce qu&rsquo;il faut savoir pour se familiariser avec la technique du Cyanotype et nous pourrons m\u00eame voir comment appliquer les techniques apprises \u00e0 vos futurs projets.<\/p>\n<p>Aucune exp\u00e9rience en s\u00e9rigraphie ou tout autre loisir cr\u00e9atif n\u2019est n\u00e9cessaire pour participer \u00e0 cet atelier. Tout le mat\u00e9riel est inclus, vous n\u2019avez qu\u2019\u00e0 apporter votre bonne humeur ! Cet atelier est accessible \u00e0 partir de 14 ans.<\/p>\n<p><strong>Nous ferons des cr\u00e9ations sur papier et tissu mais vous \u00eates tout \u00e0 fait libre d&rsquo;apporter un coupon de tissu de votre choix.<\/strong><\/p>\n<p>Si vous avez la moindre question \u00e0 me poser avant l\u2019atelier, n\u2019h\u00e9sitez pas \u00e0 me contacter par email : thecomptoir@gmail.com<\/p>\n<p>Lieu de l&rsquo;atelier : chez Fairy factory &#8211; 718 chemin de barbier &#8211; Montauban\/saint martial<\/p>\n","protected":false},"excerpt":{"rendered":"<p>Je vous donne RDV le samedi 6 Juin 2026 de 14h \u00e0 16h30 \u00e0 l&rsquo;occasion du week-end \u00ab\u00a0Couture et soi\u00a0\u00bb pr\u00e8s de Montauban pour un atelier de d\u00e9couverte de la [&hellip;]<\/p>\n","protected":false},"featured_media":8655,"comment_status":"open","ping_status":"closed","template":"","meta":{"jetpack_post_was_ever_published":false,"jetpack_publicize_message":"","jetpack_publicize_feature_enabled":true,"jetpack_social_post_already_shared":true,"jetpack_social_options":{"image_generator_settings":{"template":"highway","default_image_id":0,"font":"","enabled":false},"version":2}},"product_brand":[],"product_cat":[1643],"product_tag":[],"class_list":{"0":"post-9365","1":"product","2":"type-product","3":"status-publish","4":"has-post-thumbnail","6":"product_cat-atelier","8":"first","9":"instock","10":"virtual","11":"purchasable","12":"product-type-simple"},"jetpack_publicize_connections":[],"jetpack_sharing_enabled":true,"_links":{"self":[{"href":"https:\/\/thecomptoir.com\/fr\/wp-json\/wp\/v2\/product\/9365","targetHints":{"allow":["GET"]}}],"collection":[{"href":"https:\/\/thecomptoir.com\/fr\/wp-json\/wp\/v2\/product"}],"about":[{"href":"https:\/\/thecomptoir.com\/fr\/wp-json\/wp\/v2\/types\/product"}],"replies":[{"embeddable":true,"href":"https:\/\/thecomptoir.com\/fr\/wp-json\/wp\/v2\/comments?post=9365"}],"wp:featuredmedia":[{"embeddable":true,"href":"https:\/\/thecomptoir.com\/fr\/wp-json\/wp\/v2\/media\/8655"}],"wp:attachment":[{"href":"https:\/\/thecomptoir.com\/fr\/wp-json\/wp\/v2\/media?parent=9365"}],"wp:term":[{"taxonomy":"product_brand","embeddable":true,"href":"https:\/\/thecomptoir.com\/fr\/wp-json\/wp\/v2\/product_brand?post=9365"},{"taxonomy":"product_cat","embeddable":true,"href":"https:\/\/thecomptoir.com\/fr\/wp-json\/wp\/v2\/product_cat?post=9365"},{"taxonomy":"product_tag","embeddable":true,"href":"https:\/\/thecomptoir.com\/fr\/wp-json\/wp\/v2\/product_tag?post=9365"}],"curies":[{"name":"wp","href":"https:\/\/api.w.org\/{rel}","templated":true}]}}