{"id":9320,"date":"2026-02-18T13:38:08","date_gmt":"2026-02-18T12:38:08","guid":{"rendered":"https:\/\/thecomptoir.com\/fr\/?post_type=product&#038;p=9320"},"modified":"2026-04-15T19:38:02","modified_gmt":"2026-04-15T18:38:02","slug":"kit-dapprentissage-de-broderie-double-points-de-base-de-perles","status":"publish","type":"product","link":"https:\/\/thecomptoir.com\/fr\/produit\/kit-dapprentissage-de-broderie-double-points-de-base-de-perles\/","title":{"rendered":"Kit d\u2019apprentissage de broderie double &#8211; points de base de perles"},"content":{"rendered":"<p>Ce projet regroupe deux techniques diff\u00e9rentes et compl\u00e9mentaires qui sont tout \u00e0 fait \u00e0 la port\u00e9e de personnes d\u00e9butantes.<br \/>\nCe kit convient aux d\u00e9butants ou si vous voulez d\u00e9couvrir plus de points de broderie ou la technique de broderie de perles qui n&rsquo;est pas \u00ab\u00a0que de la broderie\u00a0\u00bb. Vous trouverez toutes les explications dont vous avez besoin dans les livrets qui accompagnent ce kit.<\/p>\n<p>Ce kit de broderie comprend :<\/p>\n<ul>\n<li>2 cercles de broderie de 12,7 cm<\/li>\n<li>2 mod\u00e8les imprim\u00e9s sur tissu pour apprendre les different points de broderie<\/li>\n<li>3 aiguilles<\/li>\n<li>1 sachet avec 5 types de perles<\/li>\n<li>3 fils \u00e0 broder DMC (nuances de bleu)<\/li>\n<li>2 livrets agr\u00e9ment\u00e9s de photos afin de vous guider dans la r\u00e9alisation de ce projet<\/li>\n<li>2 tutoriels vid\u00e9o<\/li>\n<\/ul>\n<p>Ce kit est disponible en Fran\u00e7ais uniquement<\/p>\n","protected":false},"excerpt":{"rendered":"<p>Ce projet regroupe deux techniques diff\u00e9rentes et compl\u00e9mentaires qui sont tout \u00e0 fait \u00e0 la port\u00e9e de personnes d\u00e9butantes. Ce kit convient aux d\u00e9butants ou si vous voulez d\u00e9couvrir plus [&hellip;]<\/p>\n","protected":false},"featured_media":9321,"comment_status":"open","ping_status":"closed","template":"","meta":{"jetpack_post_was_ever_published":false,"jetpack_publicize_message":"","jetpack_publicize_feature_enabled":true,"jetpack_social_post_already_shared":true,"jetpack_social_options":{"image_generator_settings":{"template":"highway","default_image_id":0,"font":"","enabled":false},"version":2}},"product_brand":[],"product_cat":[1595],"product_tag":[],"class_list":{"0":"post-9320","1":"product","2":"type-product","3":"status-publish","4":"has-post-thumbnail","6":"product_cat-projets-dapprentissage","7":"product_shipping_class-lettre","9":"first","10":"instock","11":"featured","12":"shipping-taxable","13":"purchasable","14":"product-type-simple"},"jetpack_publicize_connections":[],"jetpack_sharing_enabled":true,"_links":{"self":[{"href":"https:\/\/thecomptoir.com\/fr\/wp-json\/wp\/v2\/product\/9320","targetHints":{"allow":["GET"]}}],"collection":[{"href":"https:\/\/thecomptoir.com\/fr\/wp-json\/wp\/v2\/product"}],"about":[{"href":"https:\/\/thecomptoir.com\/fr\/wp-json\/wp\/v2\/types\/product"}],"replies":[{"embeddable":true,"href":"https:\/\/thecomptoir.com\/fr\/wp-json\/wp\/v2\/comments?post=9320"}],"wp:featuredmedia":[{"embeddable":true,"href":"https:\/\/thecomptoir.com\/fr\/wp-json\/wp\/v2\/media\/9321"}],"wp:attachment":[{"href":"https:\/\/thecomptoir.com\/fr\/wp-json\/wp\/v2\/media?parent=9320"}],"wp:term":[{"taxonomy":"product_brand","embeddable":true,"href":"https:\/\/thecomptoir.com\/fr\/wp-json\/wp\/v2\/product_brand?post=9320"},{"taxonomy":"product_cat","embeddable":true,"href":"https:\/\/thecomptoir.com\/fr\/wp-json\/wp\/v2\/product_cat?post=9320"},{"taxonomy":"product_tag","embeddable":true,"href":"https:\/\/thecomptoir.com\/fr\/wp-json\/wp\/v2\/product_tag?post=9320"}],"curies":[{"name":"wp","href":"https:\/\/api.w.org\/{rel}","templated":true}]}}