{"id":9283,"date":"2026-02-08T10:31:26","date_gmt":"2026-02-08T09:31:26","guid":{"rendered":"https:\/\/thecomptoir.com\/fr\/?post_type=product&#038;p=9283"},"modified":"2026-03-04T07:55:27","modified_gmt":"2026-03-04T06:55:27","slug":"cherie-a-broder-kit-de-broderie-en-collaboration-avec-avril-fabrics","status":"publish","type":"product","link":"https:\/\/thecomptoir.com\/fr\/produit\/cherie-a-broder-kit-de-broderie-en-collaboration-avec-avril-fabrics\/","title":{"rendered":"Ch\u00e9rie \u00e0 broder &#8211; kit de broderie en collaboration avec Avril Fabrics"},"content":{"rendered":"<p>Voici le kit r\u00e9alis\u00e9 en collaboration avec Julie de Avril Fabrics.<\/p>\n<p>Ce projet est un projet libre, simple et rapide. Le kit contient tout ce dont vous aurez besoin pour r\u00e9aliser ce projet :<\/p>\n<ul>\n<li>1 tambour \u00e0 broder de 10cm<\/li>\n<li>2 aiguilles<\/li>\n<li>1 tutoriel en ligne<\/li>\n<li>1 coupon de popeline Avril Fabrics<\/li>\n<li>3 couleurs de fil \u00e0 broder<\/li>\n<li>quelques perles<\/li>\n<li>1 tutoriel vid\u00e9o<\/li>\n<\/ul>\n<p>Avant de passer commande, n\u2019h\u00e9sitez pas \u00e0 me contacter : thecomptoir@gmail.com<\/p>\n","protected":false},"excerpt":{"rendered":"<p>Voici le kit r\u00e9alis\u00e9 en collaboration avec Julie de Avril Fabrics. Ce projet est un projet libre, simple et rapide. Le kit contient tout ce dont vous aurez besoin pour [&hellip;]<\/p>\n","protected":false},"featured_media":9284,"comment_status":"open","ping_status":"closed","template":"","meta":{"jetpack_post_was_ever_published":false,"jetpack_publicize_message":"","jetpack_publicize_feature_enabled":true,"jetpack_social_post_already_shared":true,"jetpack_social_options":{"image_generator_settings":{"template":"highway","default_image_id":0,"font":"","enabled":false},"version":2}},"product_brand":[],"product_cat":[1597],"product_tag":[1657,1487,1648],"class_list":{"0":"post-9283","1":"product","2":"type-product","3":"status-publish","4":"has-post-thumbnail","6":"product_cat-mini-kits","7":"product_tag-avril-fabrics","8":"product_tag-kit-de-broderie","9":"product_tag-perles","10":"product_shipping_class-lettre","12":"first","13":"instock","14":"shipping-taxable","15":"purchasable","16":"product-type-simple"},"jetpack_publicize_connections":[],"jetpack_sharing_enabled":true,"_links":{"self":[{"href":"https:\/\/thecomptoir.com\/fr\/wp-json\/wp\/v2\/product\/9283","targetHints":{"allow":["GET"]}}],"collection":[{"href":"https:\/\/thecomptoir.com\/fr\/wp-json\/wp\/v2\/product"}],"about":[{"href":"https:\/\/thecomptoir.com\/fr\/wp-json\/wp\/v2\/types\/product"}],"replies":[{"embeddable":true,"href":"https:\/\/thecomptoir.com\/fr\/wp-json\/wp\/v2\/comments?post=9283"}],"wp:featuredmedia":[{"embeddable":true,"href":"https:\/\/thecomptoir.com\/fr\/wp-json\/wp\/v2\/media\/9284"}],"wp:attachment":[{"href":"https:\/\/thecomptoir.com\/fr\/wp-json\/wp\/v2\/media?parent=9283"}],"wp:term":[{"taxonomy":"product_brand","embeddable":true,"href":"https:\/\/thecomptoir.com\/fr\/wp-json\/wp\/v2\/product_brand?post=9283"},{"taxonomy":"product_cat","embeddable":true,"href":"https:\/\/thecomptoir.com\/fr\/wp-json\/wp\/v2\/product_cat?post=9283"},{"taxonomy":"product_tag","embeddable":true,"href":"https:\/\/thecomptoir.com\/fr\/wp-json\/wp\/v2\/product_tag?post=9283"}],"curies":[{"name":"wp","href":"https:\/\/api.w.org\/{rel}","templated":true}]}}