{"id":9153,"date":"2025-12-20T10:37:49","date_gmt":"2025-12-20T09:37:49","guid":{"rendered":"https:\/\/thecomptoir.com\/fr\/?post_type=product&#038;p=9153"},"modified":"2025-12-21T14:04:18","modified_gmt":"2025-12-21T13:04:18","slug":"la-mere-noel-est-une-sale-conne","status":"publish","type":"product","link":"https:\/\/thecomptoir.com\/fr\/produit\/la-mere-noel-est-une-sale-conne\/","title":{"rendered":"La m\u00e8re-No\u00ebl est une sale conne"},"content":{"rendered":"<p>Broderie sur papier, encadr\u00e9e, perles et posca<\/p>\n<p>Dimensions du cadre : 18\u00d724 cm<\/p>\n<p>Dimension de la photo : 14\u00d719 cm<\/p>\n<p>D\u00e9cembre 2025<\/p>\n","protected":false},"excerpt":{"rendered":"<p>Broderie sur papier, encadr\u00e9e, perles et posca Dimensions du cadre : 18\u00d724 cm Dimension de la photo : 14\u00d719 cm D\u00e9cembre 2025<\/p>\n","protected":false},"featured_media":9154,"comment_status":"open","ping_status":"closed","template":"","meta":{"jetpack_post_was_ever_published":true,"jetpack_publicize_message":"","jetpack_publicize_feature_enabled":true,"jetpack_social_post_already_shared":true,"jetpack_social_options":{"image_generator_settings":{"template":"highway","default_image_id":0,"font":"","enabled":false},"version":2}},"product_brand":[],"product_cat":[1631],"product_tag":[1652,1653,1654],"class_list":{"0":"post-9153","1":"product","2":"type-product","3":"status-publish","4":"has-post-thumbnail","6":"product_cat-pieces-uniques","7":"product_tag-mere-noel","8":"product_tag-noel","9":"product_tag-sale-conne","10":"product_shipping_class-lettre","12":"first","13":"instock","14":"shipping-taxable","15":"purchasable","16":"product-type-simple"},"jetpack_publicize_connections":[],"jetpack_sharing_enabled":true,"_links":{"self":[{"href":"https:\/\/thecomptoir.com\/fr\/wp-json\/wp\/v2\/product\/9153","targetHints":{"allow":["GET"]}}],"collection":[{"href":"https:\/\/thecomptoir.com\/fr\/wp-json\/wp\/v2\/product"}],"about":[{"href":"https:\/\/thecomptoir.com\/fr\/wp-json\/wp\/v2\/types\/product"}],"replies":[{"embeddable":true,"href":"https:\/\/thecomptoir.com\/fr\/wp-json\/wp\/v2\/comments?post=9153"}],"wp:featuredmedia":[{"embeddable":true,"href":"https:\/\/thecomptoir.com\/fr\/wp-json\/wp\/v2\/media\/9154"}],"wp:attachment":[{"href":"https:\/\/thecomptoir.com\/fr\/wp-json\/wp\/v2\/media?parent=9153"}],"wp:term":[{"taxonomy":"product_brand","embeddable":true,"href":"https:\/\/thecomptoir.com\/fr\/wp-json\/wp\/v2\/product_brand?post=9153"},{"taxonomy":"product_cat","embeddable":true,"href":"https:\/\/thecomptoir.com\/fr\/wp-json\/wp\/v2\/product_cat?post=9153"},{"taxonomy":"product_tag","embeddable":true,"href":"https:\/\/thecomptoir.com\/fr\/wp-json\/wp\/v2\/product_tag?post=9153"}],"curies":[{"name":"wp","href":"https:\/\/api.w.org\/{rel}","templated":true}]}}