{"id":9129,"date":"2025-12-16T19:54:16","date_gmt":"2025-12-16T18:54:16","guid":{"rendered":"https:\/\/thecomptoir.com\/fr\/?post_type=product&#038;p=9129"},"modified":"2026-01-21T13:30:54","modified_gmt":"2026-01-21T12:30:54","slug":"printable-sales-connes-kit-sur-papier","status":"publish","type":"product","link":"https:\/\/thecomptoir.com\/fr\/produit\/printable-sales-connes-kit-sur-papier\/","title":{"rendered":"Printable Sales connes &#8211; kit sur papier"},"content":{"rendered":"<div class=\"woocommerce-tabs wc-tabs-wrapper\">\n<div id=\"tab-description\" class=\"woocommerce-Tabs-panel woocommerce-Tabs-panel--description panel entry-content wc-tab\" role=\"tabpanel\" aria-labelledby=\"tab-title-description\">\n<p>Ce projet a \u00e9t\u00e9 cr\u00e9\u00e9 pour que toutes les personnes qui souhaitent se revendiquer en tant que tel puissent broder ce mantra !<\/p>\n<p>Dans cette fiche produit, vous trouverez les diff\u00e9rents \u00e9l\u00e9ments \u00e0 t\u00e9l\u00e9charger et \u00e0 imprimer pour r\u00e9aliser une broderie sur papier. Le fichier de ce projet intitul\u00e9 contient deux versions, une version guid\u00e9e et une version libre, pour laisser plus de place \u00e0 votre imagination.<\/p>\n<p>N\u2019h\u00e9sitez pas \u00e0 me contacter si vous avez des questions avant ou apr\u00e8s avoir pass\u00e9 votre commande : thecomptoir@gmail.com<\/p>\n<p>Ce projet ne s\u2019accompagne pas d\u2019une vid\u00e9o tutoriel, mais je vous conseille d&rsquo;aller regarder la vid\u00e9o d\u00e9di\u00e9e au projet \u00ab\u00a0Rocket Ladies\u00a0\u00bb. Vous y trouverez toutes les informations n\u00e9cessaires, y compris tous les conseils pour le choix du papier sur lequel imprimer votre photo. Vous retrouverez \u00e9galement davantage d\u2019explications dans <a href=\"https:\/\/thecomptoir.com\/fr\/armoire\/broderie\/le-cadeau-des-10k-6879\/\" target=\"_blank\" rel=\"noopener\">cet article<\/a>.<\/p>\n<\/div>\n<\/div>\n","protected":false},"excerpt":{"rendered":"[embed]https:\/\/www.youtube.com\/watch?v=U8UMYOpx_JM[\/embed]\n","protected":false},"featured_media":9133,"comment_status":"open","ping_status":"closed","template":"","meta":{"jetpack_post_was_ever_published":false,"jetpack_publicize_message":"","jetpack_publicize_feature_enabled":true,"jetpack_social_post_already_shared":true,"jetpack_social_options":{"image_generator_settings":{"template":"highway","default_image_id":0,"font":"","enabled":false},"version":2}},"product_brand":[],"product_cat":[1596],"product_tag":[],"class_list":{"0":"post-9129","1":"product","2":"type-product","3":"status-publish","4":"has-post-thumbnail","6":"product_cat-projets-sur-papier","7":"product_shipping_class-lettre","9":"first","10":"instock","11":"downloadable","12":"virtual","13":"purchasable","14":"product-type-simple"},"jetpack_publicize_connections":[],"jetpack_sharing_enabled":true,"_links":{"self":[{"href":"https:\/\/thecomptoir.com\/fr\/wp-json\/wp\/v2\/product\/9129","targetHints":{"allow":["GET"]}}],"collection":[{"href":"https:\/\/thecomptoir.com\/fr\/wp-json\/wp\/v2\/product"}],"about":[{"href":"https:\/\/thecomptoir.com\/fr\/wp-json\/wp\/v2\/types\/product"}],"replies":[{"embeddable":true,"href":"https:\/\/thecomptoir.com\/fr\/wp-json\/wp\/v2\/comments?post=9129"}],"wp:featuredmedia":[{"embeddable":true,"href":"https:\/\/thecomptoir.com\/fr\/wp-json\/wp\/v2\/media\/9133"}],"wp:attachment":[{"href":"https:\/\/thecomptoir.com\/fr\/wp-json\/wp\/v2\/media?parent=9129"}],"wp:term":[{"taxonomy":"product_brand","embeddable":true,"href":"https:\/\/thecomptoir.com\/fr\/wp-json\/wp\/v2\/product_brand?post=9129"},{"taxonomy":"product_cat","embeddable":true,"href":"https:\/\/thecomptoir.com\/fr\/wp-json\/wp\/v2\/product_cat?post=9129"},{"taxonomy":"product_tag","embeddable":true,"href":"https:\/\/thecomptoir.com\/fr\/wp-json\/wp\/v2\/product_tag?post=9129"}],"curies":[{"name":"wp","href":"https:\/\/api.w.org\/{rel}","templated":true}]}}