{"id":9127,"date":"2025-12-16T19:51:40","date_gmt":"2025-12-16T18:51:40","guid":{"rendered":"https:\/\/thecomptoir.com\/fr\/?post_type=product&#038;p=9127"},"modified":"2025-12-16T19:53:10","modified_gmt":"2025-12-16T18:53:10","slug":"je-vais-bien-carte-postale","status":"publish","type":"product","link":"https:\/\/thecomptoir.com\/fr\/produit\/je-vais-bien-carte-postale\/","title":{"rendered":"Je vais bien &#8211; carte postale"},"content":{"rendered":"<p>Carte postale rectangulaire sur papier satin\u00e9<\/p>\n<p>Format 15&#215;10,5cm<\/p>\n<p>reprographie d&rsquo;une broderie r\u00e9alis\u00e9e en janvier 2023<\/p>\n","protected":false},"excerpt":{"rendered":"<p>Carte postale rectangulaire sur papier satin\u00e9 Format 15&#215;10,5cm reprographie d&rsquo;une broderie r\u00e9alis\u00e9e en janvier 2023<\/p>\n","protected":false},"featured_media":9128,"comment_status":"open","ping_status":"closed","template":"","meta":{"jetpack_post_was_ever_published":false,"jetpack_publicize_message":"","jetpack_publicize_feature_enabled":true,"jetpack_social_post_already_shared":true,"jetpack_social_options":{"image_generator_settings":{"template":"highway","default_image_id":0,"font":"","enabled":false},"version":2}},"product_brand":[],"product_cat":[1628],"product_tag":[],"class_list":{"0":"post-9127","1":"product","2":"type-product","3":"status-publish","4":"has-post-thumbnail","6":"product_cat-papeterie","7":"product_shipping_class-lettre","9":"first","10":"instock","11":"shipping-taxable","12":"purchasable","13":"product-type-simple"},"jetpack_publicize_connections":[],"jetpack_sharing_enabled":true,"_links":{"self":[{"href":"https:\/\/thecomptoir.com\/fr\/wp-json\/wp\/v2\/product\/9127","targetHints":{"allow":["GET"]}}],"collection":[{"href":"https:\/\/thecomptoir.com\/fr\/wp-json\/wp\/v2\/product"}],"about":[{"href":"https:\/\/thecomptoir.com\/fr\/wp-json\/wp\/v2\/types\/product"}],"replies":[{"embeddable":true,"href":"https:\/\/thecomptoir.com\/fr\/wp-json\/wp\/v2\/comments?post=9127"}],"wp:featuredmedia":[{"embeddable":true,"href":"https:\/\/thecomptoir.com\/fr\/wp-json\/wp\/v2\/media\/9128"}],"wp:attachment":[{"href":"https:\/\/thecomptoir.com\/fr\/wp-json\/wp\/v2\/media?parent=9127"}],"wp:term":[{"taxonomy":"product_brand","embeddable":true,"href":"https:\/\/thecomptoir.com\/fr\/wp-json\/wp\/v2\/product_brand?post=9127"},{"taxonomy":"product_cat","embeddable":true,"href":"https:\/\/thecomptoir.com\/fr\/wp-json\/wp\/v2\/product_cat?post=9127"},{"taxonomy":"product_tag","embeddable":true,"href":"https:\/\/thecomptoir.com\/fr\/wp-json\/wp\/v2\/product_tag?post=9127"}],"curies":[{"name":"wp","href":"https:\/\/api.w.org\/{rel}","templated":true}]}}