{"id":8938,"date":"2025-10-28T18:55:11","date_gmt":"2025-10-28T17:55:11","guid":{"rendered":"https:\/\/thecomptoir.com\/fr\/?post_type=product&#038;p=8938"},"modified":"2026-04-15T19:37:42","modified_gmt":"2026-04-15T18:37:42","slug":"kit-dapprentissage-de-broderie-de-perles-pre-commande","status":"publish","type":"product","link":"https:\/\/thecomptoir.com\/fr\/produit\/kit-dapprentissage-de-broderie-de-perles-pre-commande\/","title":{"rendered":"Kit d\u2019apprentissage de broderie de perles"},"content":{"rendered":"<p>Ce projet est un compl\u00e9ment \u00e0 mes quatre pr\u00e9c\u00e9dents kits de broderie d\u2019apprentissage. Contrairement aux autres mod\u00e8les de cette cat\u00e9gorie, ce kit ne sera propos\u00e9 qu&rsquo;\u00e0 l&rsquo;unit\u00e9 pour le moment et ne sera pas disponible en kit double ou plus avec d&rsquo;autres mod\u00e8les. N\u2019h\u00e9sitez pas jeter un oeil \u00e0 ma boutique pour voir tous les kits de cette collection que je propose.<\/p>\n<p>Ce kit convient donc aux d\u00e9butants mais aussi \u00e0 celleux qui ont d\u00e9j\u00e0 quelques notions et souhaitent apprendre de nouveaux points. Gr\u00e2ce \u00e0 ce kit, vous apprendrez 11 points pour apprendre \u00e0 poser et broder des perles.\u2028Toutes les explications dont vous aurez besoin se trouvent dans le livret compris dans le kit ainsi que dans la vid\u00e9o tutoriel \u00e0 retrouver sur ma cha\u00eene YouTube. Il contient \u00e9galement tout le mat\u00e9riel dont vous aurez besoin :<\/p>\n<ul>\n<li>1 tambour \u00e0 broder de 13cm<\/li>\n<li>1 patron \u00e0 broder imprim\u00e9 sur tissu bio<\/li>\n<li>1 aiguille \u00e0 broder<\/li>\n<li>1 aiguille sp\u00e9ciale perles<\/li>\n<li>un peu de fil de broderie<\/li>\n<li>1 livret explicatif<\/li>\n<li>1 sachet avec toutes les perles (rocailles, tubes, paillettes) n\u00e9cessaires<\/li>\n<\/ul>\n<p>N\u2019h\u00e9sitez pas \u00e0 me contacter avant ou apr\u00e8s avoir pass\u00e9 votre commande @TheComptoir ou thecomptoir@gmail.com<\/p>\n","protected":false},"excerpt":{"rendered":"<p>Ce projet est un compl\u00e9ment \u00e0 mes quatre pr\u00e9c\u00e9dents kits de broderie d\u2019apprentissage. Contrairement aux autres mod\u00e8les de cette cat\u00e9gorie, ce kit ne sera propos\u00e9 qu&rsquo;\u00e0 l&rsquo;unit\u00e9 pour le moment [&hellip;]<\/p>\n","protected":false},"featured_media":8923,"comment_status":"open","ping_status":"closed","template":"","meta":{"jetpack_post_was_ever_published":false,"jetpack_publicize_message":"","jetpack_publicize_feature_enabled":true,"jetpack_social_post_already_shared":true,"jetpack_social_options":{"image_generator_settings":{"template":"highway","default_image_id":0,"font":"","enabled":false},"version":2}},"product_brand":[],"product_cat":[1595],"product_tag":[601,1648,1632],"class_list":{"0":"post-8938","1":"product","2":"type-product","3":"status-publish","4":"has-post-thumbnail","6":"product_cat-projets-dapprentissage","7":"product_tag-broderie","8":"product_tag-perles","9":"product_tag-toulouse","10":"product_shipping_class-lettre","12":"first","13":"instock","14":"shipping-taxable","15":"purchasable","16":"product-type-simple"},"jetpack_publicize_connections":[],"jetpack_sharing_enabled":true,"_links":{"self":[{"href":"https:\/\/thecomptoir.com\/fr\/wp-json\/wp\/v2\/product\/8938","targetHints":{"allow":["GET"]}}],"collection":[{"href":"https:\/\/thecomptoir.com\/fr\/wp-json\/wp\/v2\/product"}],"about":[{"href":"https:\/\/thecomptoir.com\/fr\/wp-json\/wp\/v2\/types\/product"}],"replies":[{"embeddable":true,"href":"https:\/\/thecomptoir.com\/fr\/wp-json\/wp\/v2\/comments?post=8938"}],"wp:featuredmedia":[{"embeddable":true,"href":"https:\/\/thecomptoir.com\/fr\/wp-json\/wp\/v2\/media\/8923"}],"wp:attachment":[{"href":"https:\/\/thecomptoir.com\/fr\/wp-json\/wp\/v2\/media?parent=8938"}],"wp:term":[{"taxonomy":"product_brand","embeddable":true,"href":"https:\/\/thecomptoir.com\/fr\/wp-json\/wp\/v2\/product_brand?post=8938"},{"taxonomy":"product_cat","embeddable":true,"href":"https:\/\/thecomptoir.com\/fr\/wp-json\/wp\/v2\/product_cat?post=8938"},{"taxonomy":"product_tag","embeddable":true,"href":"https:\/\/thecomptoir.com\/fr\/wp-json\/wp\/v2\/product_tag?post=8938"}],"curies":[{"name":"wp","href":"https:\/\/api.w.org\/{rel}","templated":true}]}}