{"id":8922,"date":"2025-10-15T20:32:14","date_gmt":"2025-10-15T19:32:14","guid":{"rendered":"https:\/\/thecomptoir.com\/fr\/?post_type=product&#038;p=8922"},"modified":"2026-05-12T11:11:54","modified_gmt":"2026-05-12T10:11:54","slug":"atelier-de-broderie-de-perles-make-it-club-toulouse-26-6-26","status":"publish","type":"product","link":"https:\/\/thecomptoir.com\/fr\/produit\/atelier-de-broderie-de-perles-make-it-club-toulouse-26-6-26\/","title":{"rendered":"Atelier de broderie de perles \u2013 Make it Club (Toulouse) \u2013 26\/6\/26"},"content":{"rendered":"<p>Je vous donne RDV le <strong>vendredi 26 juin de 18h30 \u00e0 21h<\/strong> pour un atelier d&rsquo;initiation pour apprendre \u00e0 broder des perles gr\u00e2ce \u00e0 mon tout nouveau kit de broderie ! Cet atelier est accessible pour tout le monde, peu importe votre niveau. Que vous ayez d\u00e9j\u00e0 r\u00e9aliser de grands projets de broderie ou que vous n\u2019ayez jamais touch\u00e9 une aiguille, je suis l\u00e0 pour m\u2019adapter \u00e0 votre niveau. Aucun pr\u00e9requis n\u2019est n\u00e9cessaire. Si vous n&rsquo;\u00eates pas disponible \u00e0 18h30 tapante, n&rsquo;h\u00e9sitez pas m&rsquo;en faire qu&rsquo;on puisse chercher une solution ensemble.<\/p>\n<p>Vous n\u2019avez rien d\u2019autre \u00e0 apporter que votre bonne humeur, je m\u2019occupe du reste !<\/p>\n<p>Si vous avez des questions avant de r\u00e9server votre place pour l&rsquo;atelier, n&rsquo;h\u00e9sitez pas \u00e0 me contacter par email : thecomptoir@gmail.com<\/p>\n<p>&nbsp;<\/p>\n<p><strong>Quand ?<\/strong> 26\/06\/26, de 18h30 \u00e0 21h<\/p>\n<p><strong>O\u00f9 ?<\/strong> au Make it Club \u2013 Metro Fran\u00e7ois Verdier (22 all\u00e9es F.F. Verdier, 31000 Toulouse)<\/p>\n","protected":false},"excerpt":{"rendered":"<p>Je vous donne RDV le vendredi 26 juin de 18h30 \u00e0 21h pour un atelier d&rsquo;initiation pour apprendre \u00e0 broder des perles gr\u00e2ce \u00e0 mon tout nouveau kit de broderie [&hellip;]<\/p>\n","protected":false},"featured_media":8923,"comment_status":"open","ping_status":"closed","template":"","meta":{"jetpack_publicize_message":"","jetpack_publicize_feature_enabled":true,"jetpack_social_post_already_shared":true,"jetpack_social_options":{"image_generator_settings":{"template":"highway","default_image_id":0,"font":"","enabled":false},"version":2}},"product_brand":[],"product_cat":[1643],"product_tag":[1540,601,1648,1632],"class_list":{"0":"post-8922","1":"product","2":"type-product","3":"status-publish","4":"has-post-thumbnail","6":"product_cat-atelier","7":"product_tag-atelier","8":"product_tag-broderie","9":"product_tag-perles","10":"product_tag-toulouse","12":"first","13":"instock","14":"virtual","15":"purchasable","16":"product-type-simple"},"jetpack_publicize_connections":[],"jetpack_sharing_enabled":true,"_links":{"self":[{"href":"https:\/\/thecomptoir.com\/fr\/wp-json\/wp\/v2\/product\/8922","targetHints":{"allow":["GET"]}}],"collection":[{"href":"https:\/\/thecomptoir.com\/fr\/wp-json\/wp\/v2\/product"}],"about":[{"href":"https:\/\/thecomptoir.com\/fr\/wp-json\/wp\/v2\/types\/product"}],"replies":[{"embeddable":true,"href":"https:\/\/thecomptoir.com\/fr\/wp-json\/wp\/v2\/comments?post=8922"}],"wp:featuredmedia":[{"embeddable":true,"href":"https:\/\/thecomptoir.com\/fr\/wp-json\/wp\/v2\/media\/8923"}],"wp:attachment":[{"href":"https:\/\/thecomptoir.com\/fr\/wp-json\/wp\/v2\/media?parent=8922"}],"wp:term":[{"taxonomy":"product_brand","embeddable":true,"href":"https:\/\/thecomptoir.com\/fr\/wp-json\/wp\/v2\/product_brand?post=8922"},{"taxonomy":"product_cat","embeddable":true,"href":"https:\/\/thecomptoir.com\/fr\/wp-json\/wp\/v2\/product_cat?post=8922"},{"taxonomy":"product_tag","embeddable":true,"href":"https:\/\/thecomptoir.com\/fr\/wp-json\/wp\/v2\/product_tag?post=8922"}],"curies":[{"name":"wp","href":"https:\/\/api.w.org\/{rel}","templated":true}]}}