{"id":8790,"date":"2025-06-27T12:54:35","date_gmt":"2025-06-27T11:54:35","guid":{"rendered":"https:\/\/thecomptoir.com\/fr\/?post_type=product&#038;p=8790"},"modified":"2026-03-15T15:42:58","modified_gmt":"2026-03-15T14:42:58","slug":"assiettes-kitchs-kit-de-broderie","status":"publish","type":"product","link":"https:\/\/thecomptoir.com\/fr\/produit\/assiettes-kitchs-kit-de-broderie\/","title":{"rendered":"Assiettes Kitchs &#8211; kit de broderie"},"content":{"rendered":"<p>Ce projet est n\u00e9 d&rsquo;une collaboration avec Lisa, illustratrice nantaise et cr\u00e9atrice d&rsquo;assiettes d\u00e9coratives. Ce kit de broderie contient tout ce dont vous avez besoin pour mener \u00e0 bien votre projet. Vous pourrez apprendre diff\u00e9rents points de broderie. Toutes les explications dont vous aurez besoin, pour broder cette photo, se trouvent dans le livret inclus dans ce kit. Vous y trouverez toutes les informations n\u00e9cessaires en commen\u00e7ant par \u201ccomment placer le tissu dans le tambour\u201d, jusqu\u2019\u00e0 \u201ccomment finir le dos de la broderie\u201d. Ce projet est un projet libre, ce qui signifie que vous ne trouverez aucun dessin sur le tissu, cependant, 3 patrons viennent avec ce kit.<\/p>\n<p>Ce kit conviendra aux d\u00e9butants.es mais aussi aux personnes plus \u00e0 l\u2019aise en broderie.<\/p>\n<p>Ce kit contient :<\/p>\n<ul>\n<li>1 aiguille \u00e0 broder<\/li>\n<li>1 tambour de 15 cm<\/li>\n<li>du fil \u00e0 broder<\/li>\n<li>1 photo imprim\u00e9e sur de la popeline de coton biologique \u00e0 broder (mod\u00e8le \u00e0 choisir)<\/li>\n<li>1 livret explicatif<\/li>\n<li>1 fiche avec les 3 patrons<\/li>\n<\/ul>\n<p>N\u2019h\u00e9sitez pas \u00e0 me contacter avant ou apr\u00e8s avoir pass\u00e9 votre commande. Je ne garantis pas que je pourrais le respecter, mais vous pouvez toujours ajouter une notre \u00e0 votre commande me sp\u00e9cifier la ou les couleurs de fil que vous aimeriez ou au contraire que vous ne voudriez surtout pas !<\/p>\n","protected":false},"excerpt":{"rendered":"<p>https:\/\/www.youtube.com\/watch?v=XX4ZjsXxMRQ<\/p>\n","protected":false},"featured_media":8786,"comment_status":"open","ping_status":"closed","template":"","meta":{"jetpack_post_was_ever_published":false,"jetpack_publicize_message":"","jetpack_publicize_feature_enabled":true,"jetpack_social_post_already_shared":true,"jetpack_social_options":{"image_generator_settings":{"template":"highway","default_image_id":0,"font":"","enabled":false},"version":2}},"product_brand":[],"product_cat":[1593],"product_tag":[],"class_list":{"0":"post-8790","1":"product","2":"type-product","3":"status-publish","4":"has-post-thumbnail","6":"product_cat-projets-libres","8":"first","9":"instock","10":"shipping-taxable","11":"purchasable","12":"product-type-variable"},"jetpack_publicize_connections":[],"jetpack_sharing_enabled":true,"_links":{"self":[{"href":"https:\/\/thecomptoir.com\/fr\/wp-json\/wp\/v2\/product\/8790","targetHints":{"allow":["GET"]}}],"collection":[{"href":"https:\/\/thecomptoir.com\/fr\/wp-json\/wp\/v2\/product"}],"about":[{"href":"https:\/\/thecomptoir.com\/fr\/wp-json\/wp\/v2\/types\/product"}],"replies":[{"embeddable":true,"href":"https:\/\/thecomptoir.com\/fr\/wp-json\/wp\/v2\/comments?post=8790"}],"wp:featuredmedia":[{"embeddable":true,"href":"https:\/\/thecomptoir.com\/fr\/wp-json\/wp\/v2\/media\/8786"}],"wp:attachment":[{"href":"https:\/\/thecomptoir.com\/fr\/wp-json\/wp\/v2\/media?parent=8790"}],"wp:term":[{"taxonomy":"product_brand","embeddable":true,"href":"https:\/\/thecomptoir.com\/fr\/wp-json\/wp\/v2\/product_brand?post=8790"},{"taxonomy":"product_cat","embeddable":true,"href":"https:\/\/thecomptoir.com\/fr\/wp-json\/wp\/v2\/product_cat?post=8790"},{"taxonomy":"product_tag","embeddable":true,"href":"https:\/\/thecomptoir.com\/fr\/wp-json\/wp\/v2\/product_tag?post=8790"}],"curies":[{"name":"wp","href":"https:\/\/api.w.org\/{rel}","templated":true}]}}