{"id":8779,"date":"2025-06-27T12:45:50","date_gmt":"2025-06-27T11:45:50","guid":{"rendered":"https:\/\/thecomptoir.com\/fr\/?post_type=product&#038;p=8779"},"modified":"2025-06-27T12:49:19","modified_gmt":"2025-06-27T11:49:19","slug":"assiettes-kitchs-les-essentiels","status":"publish","type":"product","link":"https:\/\/thecomptoir.com\/fr\/produit\/assiettes-kitchs-les-essentiels\/","title":{"rendered":"Assiettes kitchs &#8211; Les Essentiels"},"content":{"rendered":"<p>Ce produit est la version \u201call\u00e9g\u00e9e\u201d du kit complet, que vous retrouverez dans la cat\u00e9gorie \u201cprojets libres\u201d, \u00e9galement en vente sur ma boutique. \u00c0 vous de compl\u00e9ter le mat\u00e9riel n\u00e9cessaire avec ce que vous pourriez d\u00e9j\u00e0 avoir (tambours, fils et aiguilles).<\/p>\n<p>Ce kit de broderie comprend :<\/p>\n<ul>\n<li>3 photos imprim\u00e9es sur tissu \u00e0 broder (des 3 diff\u00e9rentes assiettes)<\/li>\n<li>1 livret explicatif agr\u00e9ment\u00e9 de photos afin de vous guider dans la r\u00e9alisation de ce projet<\/li>\n<li>le patron avec les 3 mod\u00e8les \u00e0 broder<\/li>\n<\/ul>\n","protected":false},"excerpt":{"rendered":"<p>Ce produit est la version \u201call\u00e9g\u00e9e\u201d du kit complet, que vous retrouverez dans la cat\u00e9gorie \u201cprojets libres\u201d, \u00e9galement en vente sur ma boutique. \u00c0 vous de compl\u00e9ter le mat\u00e9riel n\u00e9cessaire [&hellip;]<\/p>\n","protected":false},"featured_media":8787,"comment_status":"open","ping_status":"closed","template":"","meta":{"jetpack_post_was_ever_published":false,"jetpack_publicize_message":"","jetpack_publicize_feature_enabled":true,"jetpack_social_post_already_shared":true,"jetpack_social_options":{"image_generator_settings":{"template":"highway","default_image_id":0,"font":"","enabled":false},"version":2}},"product_brand":[],"product_cat":[1629],"product_tag":[],"class_list":{"0":"post-8779","1":"product","2":"type-product","3":"status-publish","4":"has-post-thumbnail","6":"product_cat-les-essentiels","7":"product_shipping_class-lettre","9":"first","10":"instock","11":"shipping-taxable","12":"purchasable","13":"product-type-simple"},"jetpack_publicize_connections":[],"jetpack_sharing_enabled":true,"_links":{"self":[{"href":"https:\/\/thecomptoir.com\/fr\/wp-json\/wp\/v2\/product\/8779","targetHints":{"allow":["GET"]}}],"collection":[{"href":"https:\/\/thecomptoir.com\/fr\/wp-json\/wp\/v2\/product"}],"about":[{"href":"https:\/\/thecomptoir.com\/fr\/wp-json\/wp\/v2\/types\/product"}],"replies":[{"embeddable":true,"href":"https:\/\/thecomptoir.com\/fr\/wp-json\/wp\/v2\/comments?post=8779"}],"wp:featuredmedia":[{"embeddable":true,"href":"https:\/\/thecomptoir.com\/fr\/wp-json\/wp\/v2\/media\/8787"}],"wp:attachment":[{"href":"https:\/\/thecomptoir.com\/fr\/wp-json\/wp\/v2\/media?parent=8779"}],"wp:term":[{"taxonomy":"product_brand","embeddable":true,"href":"https:\/\/thecomptoir.com\/fr\/wp-json\/wp\/v2\/product_brand?post=8779"},{"taxonomy":"product_cat","embeddable":true,"href":"https:\/\/thecomptoir.com\/fr\/wp-json\/wp\/v2\/product_cat?post=8779"},{"taxonomy":"product_tag","embeddable":true,"href":"https:\/\/thecomptoir.com\/fr\/wp-json\/wp\/v2\/product_tag?post=8779"}],"curies":[{"name":"wp","href":"https:\/\/api.w.org\/{rel}","templated":true}]}}