{"id":8762,"date":"2025-06-27T09:50:20","date_gmt":"2025-06-27T08:50:20","guid":{"rendered":"https:\/\/thecomptoir.com\/fr\/?post_type=product&#038;p=8762"},"modified":"2025-06-27T10:05:17","modified_gmt":"2025-06-27T09:05:17","slug":"faites-vos-jeux-kit-de-point-de-croix","status":"publish","type":"product","link":"https:\/\/thecomptoir.com\/fr\/produit\/faites-vos-jeux-kit-de-point-de-croix\/","title":{"rendered":"Faites vos jeux &#8211; kit de point de croix"},"content":{"rendered":"<p>Ce kit est pens\u00e9 pour r\u00e9aliser 1 projet de point de croix, technique de broderie particuli\u00e8rement accessible m\u00eame aux tr\u00e8s grand.e.s d\u00e9butant.e.s. Deux grilles (mod\u00e8les) sont incluses dans le kit, \u00e0 vous de choisir la version que vous pr\u00e9f\u00e9rez, voir m\u00eame d&rsquo;inventer votre propre mod\u00e8le. L&rsquo;un des mod\u00e8les est d\u00e9di\u00e9 \u00e0 la reine de Coeur, l&rsquo;autre \u00e0 la reine de Pique.<\/p>\n<p>Ce kit comprend:<br \/>\n-1 cercle \u00e0 broder des 12 cm<br \/>\n-1 carr\u00e9 de toile A\u00efda blanche<br \/>\n-1 aiguille \u00e0 broder<br \/>\n-6 couleurs de fil \u00e0 broder<br \/>\n-2 grilles \u00e0 suivre (au choix)<\/p>\n<p>Une vid\u00e9o explicative sera tr\u00e8s prochainement mise en ligne sur <a href=\"https:\/\/www.youtube.com\/channel\/UCOLa-WMQZkh_nJTG06Hv1aw\">ma chaine Youtube<\/a> pour vous accompagner \u00e0 la r\u00e9alisation de votre projet.<\/p>\n","protected":false},"excerpt":{"rendered":"[embed]https:\/\/www.youtube.com\/watch?v=S9jTl3j1Ae8&#038;t=7s&#038;ab_channel=EliseTheComptoir[\/embed]\n","protected":false},"featured_media":8763,"comment_status":"open","ping_status":"closed","template":"","meta":{"jetpack_post_was_ever_published":false,"jetpack_publicize_message":"","jetpack_publicize_feature_enabled":true,"jetpack_social_post_already_shared":true,"jetpack_social_options":{"image_generator_settings":{"template":"highway","default_image_id":0,"font":"","enabled":false},"version":2}},"product_brand":[],"product_cat":[651,1630],"product_tag":[],"class_list":{"0":"post-8762","1":"product","2":"type-product","3":"status-publish","4":"has-post-thumbnail","6":"product_cat-other","7":"product_cat-point-de-croix","9":"first","10":"instock","11":"shipping-taxable","12":"purchasable","13":"product-type-simple"},"jetpack_publicize_connections":[],"jetpack_sharing_enabled":true,"_links":{"self":[{"href":"https:\/\/thecomptoir.com\/fr\/wp-json\/wp\/v2\/product\/8762","targetHints":{"allow":["GET"]}}],"collection":[{"href":"https:\/\/thecomptoir.com\/fr\/wp-json\/wp\/v2\/product"}],"about":[{"href":"https:\/\/thecomptoir.com\/fr\/wp-json\/wp\/v2\/types\/product"}],"replies":[{"embeddable":true,"href":"https:\/\/thecomptoir.com\/fr\/wp-json\/wp\/v2\/comments?post=8762"}],"wp:featuredmedia":[{"embeddable":true,"href":"https:\/\/thecomptoir.com\/fr\/wp-json\/wp\/v2\/media\/8763"}],"wp:attachment":[{"href":"https:\/\/thecomptoir.com\/fr\/wp-json\/wp\/v2\/media?parent=8762"}],"wp:term":[{"taxonomy":"product_brand","embeddable":true,"href":"https:\/\/thecomptoir.com\/fr\/wp-json\/wp\/v2\/product_brand?post=8762"},{"taxonomy":"product_cat","embeddable":true,"href":"https:\/\/thecomptoir.com\/fr\/wp-json\/wp\/v2\/product_cat?post=8762"},{"taxonomy":"product_tag","embeddable":true,"href":"https:\/\/thecomptoir.com\/fr\/wp-json\/wp\/v2\/product_tag?post=8762"}],"curies":[{"name":"wp","href":"https:\/\/api.w.org\/{rel}","templated":true}]}}