{"id":8639,"date":"2025-04-09T21:36:14","date_gmt":"2025-04-09T20:36:14","guid":{"rendered":"https:\/\/thecomptoir.com\/fr\/?post_type=product&#038;p=8639"},"modified":"2026-03-13T21:21:02","modified_gmt":"2026-03-13T20:21:02","slug":"atelier-decouverte-de-la-serigraphie-couture-et-soi","status":"publish","type":"product","link":"https:\/\/thecomptoir.com\/fr\/produit\/atelier-decouverte-de-la-serigraphie-couture-et-soi\/","title":{"rendered":"Atelier d\u00e9couverte de la S\u00e9rigraphie &#8211; Couture et soi"},"content":{"rendered":"<p>Je vous donne RDV le samedi 6 Juin 2026 de 10h \u00e0 12h \u00e0 l&rsquo;occasion du week-end \u00ab\u00a0Couture et soi\u00a0\u00bb pr\u00e8s de Montauban pour un atelier de d\u00e9couverte de la s\u00e9rigraphie. Une occasion de d\u00e9couvrir cette technique cr\u00e9ative et ludique.<\/p>\n<p>Au cours de cet atelier, nous passerons en revue tout ce qu&rsquo;il faut savoir pour r\u00e9aliser des s\u00e9rigraphies uniques et nous pourrons m\u00eame voir comment appliquer les techniques apprises \u00e0 vos futurs projets.<\/p>\n<p>Aucune exp\u00e9rience en s\u00e9rigraphie ou tout autre loisir cr\u00e9atif n\u2019est n\u00e9cessaire pour participer \u00e0 cet atelier. Tout le mat\u00e9riel est inclus, vous n\u2019avez qu\u2019\u00e0 apporter votre bonne humeur ! Cet atelier est accessible \u00e0 partir de 14 ans.<\/p>\n<p><strong>Nous ferons des cr\u00e9ations sur papier et tissu mais vous \u00eates tout \u00e0 fait libre d&rsquo;apporter un t-shirt, un tote-bag, ou m\u00eame un coupon de tissu de votre choix. Nous pourrons cr\u00e9er un motif simple \u00e0 imprimer en s\u00e9rie.<\/strong><\/p>\n<p>Si vous avez la moindre question \u00e0 me poser avant l\u2019atelier, n\u2019h\u00e9sitez pas \u00e0 me contacter par email : thecomptoir@gmail.com<\/p>\n<p>Lieu de l&rsquo;atelier : chez Fairy factory &#8211; 718 chemin de barbier &#8211; Montauban\/saint martial<\/p>\n","protected":false},"excerpt":{"rendered":"<p>Je vous donne RDV le samedi 6 Juin 2026 de 10h \u00e0 12h \u00e0 l&rsquo;occasion du week-end \u00ab\u00a0Couture et soi\u00a0\u00bb pr\u00e8s de Montauban pour un atelier de d\u00e9couverte de la [&hellip;]<\/p>\n","protected":false},"featured_media":8643,"comment_status":"open","ping_status":"closed","template":"","meta":{"jetpack_post_was_ever_published":true,"jetpack_publicize_message":"","jetpack_publicize_feature_enabled":true,"jetpack_social_post_already_shared":true,"jetpack_social_options":{"image_generator_settings":{"template":"highway","default_image_id":0,"font":"","enabled":false},"version":2}},"product_brand":[],"product_cat":[1643],"product_tag":[1540,601,1644],"class_list":{"0":"post-8639","1":"product","2":"type-product","3":"status-publish","4":"has-post-thumbnail","6":"product_cat-atelier","7":"product_tag-atelier","8":"product_tag-broderie","9":"product_tag-serigraphie","11":"first","12":"instock","13":"virtual","14":"purchasable","15":"product-type-simple"},"jetpack_publicize_connections":[],"jetpack_sharing_enabled":true,"_links":{"self":[{"href":"https:\/\/thecomptoir.com\/fr\/wp-json\/wp\/v2\/product\/8639","targetHints":{"allow":["GET"]}}],"collection":[{"href":"https:\/\/thecomptoir.com\/fr\/wp-json\/wp\/v2\/product"}],"about":[{"href":"https:\/\/thecomptoir.com\/fr\/wp-json\/wp\/v2\/types\/product"}],"replies":[{"embeddable":true,"href":"https:\/\/thecomptoir.com\/fr\/wp-json\/wp\/v2\/comments?post=8639"}],"wp:featuredmedia":[{"embeddable":true,"href":"https:\/\/thecomptoir.com\/fr\/wp-json\/wp\/v2\/media\/8643"}],"wp:attachment":[{"href":"https:\/\/thecomptoir.com\/fr\/wp-json\/wp\/v2\/media?parent=8639"}],"wp:term":[{"taxonomy":"product_brand","embeddable":true,"href":"https:\/\/thecomptoir.com\/fr\/wp-json\/wp\/v2\/product_brand?post=8639"},{"taxonomy":"product_cat","embeddable":true,"href":"https:\/\/thecomptoir.com\/fr\/wp-json\/wp\/v2\/product_cat?post=8639"},{"taxonomy":"product_tag","embeddable":true,"href":"https:\/\/thecomptoir.com\/fr\/wp-json\/wp\/v2\/product_tag?post=8639"}],"curies":[{"name":"wp","href":"https:\/\/api.w.org\/{rel}","templated":true}]}}