{"id":8456,"date":"2024-12-13T15:43:32","date_gmt":"2024-12-13T14:43:32","guid":{"rendered":"https:\/\/thecomptoir.com\/fr\/?post_type=product&#038;p=8456"},"modified":"2025-12-14T15:26:11","modified_gmt":"2025-12-14T14:26:11","slug":"8456","status":"publish","type":"product","link":"https:\/\/thecomptoir.com\/fr\/produit\/8456\/","title":{"rendered":"T&rsquo;as l&rsquo;air d&rsquo;une tarte"},"content":{"rendered":"<div class=\"woocommerce-tabs wc-tabs-wrapper\">\n<div id=\"tab-description\" class=\"woocommerce-Tabs-panel woocommerce-Tabs-panel--description panel entry-content wc-tab\" role=\"tabpanel\" aria-labelledby=\"tab-title-description\">\n<p>Broderie sur papier, encadr\u00e9e<\/p>\n<p>Dimensions du cadre : 30\u00d740 cm<\/p>\n<p>Dimension de la photo : 20\u00d725 cm<\/p>\n<p>Pour voir d\u2019autres images de cette cr\u00e9ation :\u00a0<a href=\"https:\/\/www.instagram.com\/p\/C2mZqEaNMCv\/?hl=fr&amp;img_index=1\">cliquez ici<\/a><\/p>\n<p>Janvier 2024<\/p>\n<\/div>\n<\/div>\n","protected":false},"excerpt":{"rendered":"<p>Broderie sur papier, encadr\u00e9e Dimensions du cadre : 30\u00d740 cm Dimension de la photo : 20\u00d725 cm Pour voir d\u2019autres images de cette cr\u00e9ation :\u00a0cliquez ici Janvier 2024<\/p>\n","protected":false},"featured_media":8477,"comment_status":"open","ping_status":"closed","template":"","meta":{"jetpack_post_was_ever_published":false,"jetpack_publicize_message":"","jetpack_publicize_feature_enabled":true,"jetpack_social_post_already_shared":true,"jetpack_social_options":{"image_generator_settings":{"template":"highway","default_image_id":0,"font":"","enabled":false},"version":2}},"product_brand":[],"product_cat":[1631],"product_tag":[],"class_list":{"0":"post-8456","1":"product","2":"type-product","3":"status-publish","4":"has-post-thumbnail","6":"product_cat-pieces-uniques","7":"product_shipping_class-colissimo","9":"first","10":"outofstock","11":"sale","12":"shipping-taxable","13":"purchasable","14":"product-type-simple"},"jetpack_publicize_connections":[],"jetpack_sharing_enabled":true,"_links":{"self":[{"href":"https:\/\/thecomptoir.com\/fr\/wp-json\/wp\/v2\/product\/8456","targetHints":{"allow":["GET"]}}],"collection":[{"href":"https:\/\/thecomptoir.com\/fr\/wp-json\/wp\/v2\/product"}],"about":[{"href":"https:\/\/thecomptoir.com\/fr\/wp-json\/wp\/v2\/types\/product"}],"replies":[{"embeddable":true,"href":"https:\/\/thecomptoir.com\/fr\/wp-json\/wp\/v2\/comments?post=8456"}],"wp:featuredmedia":[{"embeddable":true,"href":"https:\/\/thecomptoir.com\/fr\/wp-json\/wp\/v2\/media\/8477"}],"wp:attachment":[{"href":"https:\/\/thecomptoir.com\/fr\/wp-json\/wp\/v2\/media?parent=8456"}],"wp:term":[{"taxonomy":"product_brand","embeddable":true,"href":"https:\/\/thecomptoir.com\/fr\/wp-json\/wp\/v2\/product_brand?post=8456"},{"taxonomy":"product_cat","embeddable":true,"href":"https:\/\/thecomptoir.com\/fr\/wp-json\/wp\/v2\/product_cat?post=8456"},{"taxonomy":"product_tag","embeddable":true,"href":"https:\/\/thecomptoir.com\/fr\/wp-json\/wp\/v2\/product_tag?post=8456"}],"curies":[{"name":"wp","href":"https:\/\/api.w.org\/{rel}","templated":true}]}}