{"id":8273,"date":"2024-09-23T08:46:14","date_gmt":"2024-09-23T07:46:14","guid":{"rendered":"https:\/\/thecomptoir.com\/fr\/?post_type=product&#038;p=8273"},"modified":"2026-02-16T15:12:48","modified_gmt":"2026-02-16T14:12:48","slug":"marseille-mini-kit","status":"publish","type":"product","link":"https:\/\/thecomptoir.com\/fr\/produit\/marseille-mini-kit\/","title":{"rendered":"Marseille &#8211; mini kit"},"content":{"rendered":"<p>Ami.e.s marseillais.e.s, la s\u00e9rie des kits des villes \u00e0 broder s\u2019agrandit avec ce mod\u00e8le en l\u2019honneur de la ville de Marseille ! Le motif brod\u00e9 en photo de pr\u00e9sentation de ce produit n&rsquo;est qu&rsquo;une proposition de ma part, vous \u00eates libres de broder ce que vous souhaitez sur la photo.<\/p>\n<p>Ce projet est un projet libre, simple et rapide. Le kit contient tout ce dont vous aurez besoin pour r\u00e9aliser ce projet :<\/p>\n<ul>\n<li>1 tambour \u00e0 broder de 10cm<\/li>\n<li>1 aiguille<\/li>\n<li>1 tutoriel en ligne<\/li>\n<li>1 photo imprim\u00e9e sur du coton bio<\/li>\n<li>3 \u00e9chevettes de fil \u00e0 broder<\/li>\n<\/ul>\n<p>\u00c9galement disponible dans la s\u00e9rie des villes \u00e0 broder : Toulouse, Montmartre, Paris, Angers, Strasbourg, N\u00eemes, Lyon, Le Havre et Bourges.<\/p>\n<p>Avant de passer commande, n\u2019h\u00e9sitez pas \u00e0 me contacter : thecomptoir@gmail.com<\/p>\n","protected":false},"excerpt":{"rendered":"<p>Ami.e.s marseillais.e.s, la s\u00e9rie des kits des villes \u00e0 broder s\u2019agrandit avec ce mod\u00e8le en l\u2019honneur de la ville de Marseille ! Le motif brod\u00e9 en photo de pr\u00e9sentation de [&hellip;]<\/p>\n","protected":false},"featured_media":8266,"comment_status":"open","ping_status":"closed","template":"","meta":{"jetpack_post_was_ever_published":false,"jetpack_publicize_message":"","jetpack_publicize_feature_enabled":true,"jetpack_social_post_already_shared":true,"jetpack_social_options":{"image_generator_settings":{"template":"highway","default_image_id":0,"font":"","enabled":false},"version":2}},"product_brand":[],"product_cat":[1597],"product_tag":[],"class_list":{"0":"post-8273","1":"product","2":"type-product","3":"status-publish","4":"has-post-thumbnail","6":"product_cat-mini-kits","8":"first","9":"instock","10":"shipping-taxable","11":"purchasable","12":"product-type-simple"},"jetpack_publicize_connections":[],"jetpack_sharing_enabled":true,"_links":{"self":[{"href":"https:\/\/thecomptoir.com\/fr\/wp-json\/wp\/v2\/product\/8273","targetHints":{"allow":["GET"]}}],"collection":[{"href":"https:\/\/thecomptoir.com\/fr\/wp-json\/wp\/v2\/product"}],"about":[{"href":"https:\/\/thecomptoir.com\/fr\/wp-json\/wp\/v2\/types\/product"}],"replies":[{"embeddable":true,"href":"https:\/\/thecomptoir.com\/fr\/wp-json\/wp\/v2\/comments?post=8273"}],"wp:featuredmedia":[{"embeddable":true,"href":"https:\/\/thecomptoir.com\/fr\/wp-json\/wp\/v2\/media\/8266"}],"wp:attachment":[{"href":"https:\/\/thecomptoir.com\/fr\/wp-json\/wp\/v2\/media?parent=8273"}],"wp:term":[{"taxonomy":"product_brand","embeddable":true,"href":"https:\/\/thecomptoir.com\/fr\/wp-json\/wp\/v2\/product_brand?post=8273"},{"taxonomy":"product_cat","embeddable":true,"href":"https:\/\/thecomptoir.com\/fr\/wp-json\/wp\/v2\/product_cat?post=8273"},{"taxonomy":"product_tag","embeddable":true,"href":"https:\/\/thecomptoir.com\/fr\/wp-json\/wp\/v2\/product_tag?post=8273"}],"curies":[{"name":"wp","href":"https:\/\/api.w.org\/{rel}","templated":true}]}}