{"id":8127,"date":"2024-06-07T16:16:10","date_gmt":"2024-06-07T15:16:10","guid":{"rendered":"https:\/\/thecomptoir.com\/fr\/?post_type=product&#038;p=8127"},"modified":"2026-04-04T03:35:20","modified_gmt":"2026-04-04T02:35:20","slug":"la-grenadiere-kit-de-broderie","status":"publish","type":"product","link":"https:\/\/thecomptoir.com\/fr\/produit\/la-grenadiere-kit-de-broderie\/","title":{"rendered":"La Grenadi\u00e8re &#8211; kit de broderie"},"content":{"rendered":"<p>Ce kit est une cr\u00e9ation unique pour rendre hommage (ou femmage plut\u00f4t) au savoir-faire si singulier des grenadi\u00e8res. C&rsquo;est un projet qui a \u00e9t\u00e9 pens\u00e9 et d\u00e9velopp\u00e9 en collaboration avec <a href=\"https:\/\/www.grenadieres.com\/\">la Maison des Grenadi\u00e8res<\/a>, que je vous invite \u00e0 d\u00e9couvrir mais surtout \u00e0 visiter ! Dans ce projet se m\u00ealent de la broderie traditionnelle au fil et de la broderie au fil d&rsquo;or, deux techniques tr\u00e8s diff\u00e9rentes mais tr\u00e8s compl\u00e9mentaire pour autant.<\/p>\n<p>Ce kit comprend:<\/p>\n<ul>\n<li>1 cercle \u00e0 broder des 15 cm<\/li>\n<li>1 photo \u00e0 broder imprim\u00e9e sur popeline de coton bio<\/li>\n<li>1 aiguille \u00e0 broder et une aiguille fine<\/li>\n<li>3 couleurs de fil \u00e0 broder + du fil de couture<\/li>\n<li>1 livret explicatif pour vous accompagner dans la r\u00e9alisation de ce projet<\/li>\n<li>une section de jaseron dor\u00e9, une section de cannetille lisse dor\u00e9e et une section de cannetille fris\u00e9e dor\u00e9e<\/li>\n<\/ul>\n<p>Ce kit conviendra tr\u00e8s bien aux d\u00e9butants.es, mais \u00e9galement \u00e0 celleux qui sont d\u00e9j\u00e0 \u00e0 l\u2019aise pour broder ou tout simplement aux personnes qui savent d\u00e9j\u00e0 broder et qui ont envie de d\u00e9couvrir la broderie au fil d&rsquo;or.<br \/>\nDans le livret, vous trouver les explications pour apprendre 3 points de broderie : le point de noeud, le point de bouclette et le point d&rsquo;araign\u00e9e. Vous apprendrez \u00e9galement la pose du jaseron et de la cannetille.<\/p>\n","protected":false},"excerpt":{"rendered":"<p>Ce kit est une cr\u00e9ation unique pour rendre hommage (ou femmage plut\u00f4t) au savoir-faire si singulier des grenadi\u00e8res. C&rsquo;est un projet qui a \u00e9t\u00e9 pens\u00e9 et d\u00e9velopp\u00e9 en collaboration avec [&hellip;]<\/p>\n","protected":false},"featured_media":8128,"comment_status":"open","ping_status":"closed","template":"","meta":{"jetpack_post_was_ever_published":false,"jetpack_publicize_message":"","jetpack_publicize_feature_enabled":true,"jetpack_social_post_already_shared":true,"jetpack_social_options":{"image_generator_settings":{"template":"highway","default_image_id":0,"font":"","enabled":false},"version":2}},"product_brand":[],"product_cat":[1594],"product_tag":[],"class_list":{"0":"post-8127","1":"product","2":"type-product","3":"status-publish","4":"has-post-thumbnail","6":"product_cat-projets-guides","7":"product_shipping_class-lettre","9":"first","10":"instock","11":"shipping-taxable","12":"purchasable","13":"product-type-simple"},"jetpack_publicize_connections":[],"jetpack_sharing_enabled":true,"_links":{"self":[{"href":"https:\/\/thecomptoir.com\/fr\/wp-json\/wp\/v2\/product\/8127","targetHints":{"allow":["GET"]}}],"collection":[{"href":"https:\/\/thecomptoir.com\/fr\/wp-json\/wp\/v2\/product"}],"about":[{"href":"https:\/\/thecomptoir.com\/fr\/wp-json\/wp\/v2\/types\/product"}],"replies":[{"embeddable":true,"href":"https:\/\/thecomptoir.com\/fr\/wp-json\/wp\/v2\/comments?post=8127"}],"wp:featuredmedia":[{"embeddable":true,"href":"https:\/\/thecomptoir.com\/fr\/wp-json\/wp\/v2\/media\/8128"}],"wp:attachment":[{"href":"https:\/\/thecomptoir.com\/fr\/wp-json\/wp\/v2\/media?parent=8127"}],"wp:term":[{"taxonomy":"product_brand","embeddable":true,"href":"https:\/\/thecomptoir.com\/fr\/wp-json\/wp\/v2\/product_brand?post=8127"},{"taxonomy":"product_cat","embeddable":true,"href":"https:\/\/thecomptoir.com\/fr\/wp-json\/wp\/v2\/product_cat?post=8127"},{"taxonomy":"product_tag","embeddable":true,"href":"https:\/\/thecomptoir.com\/fr\/wp-json\/wp\/v2\/product_tag?post=8127"}],"curies":[{"name":"wp","href":"https:\/\/api.w.org\/{rel}","templated":true}]}}