{"id":8110,"date":"2024-05-31T08:20:19","date_gmt":"2024-05-31T07:20:19","guid":{"rendered":"https:\/\/thecomptoir.com\/fr\/?post_type=product&#038;p=8110"},"modified":"2026-02-16T15:13:16","modified_gmt":"2026-02-16T14:13:16","slug":"la-maison-carree-nimes-mini-kit","status":"publish","type":"product","link":"https:\/\/thecomptoir.com\/fr\/produit\/la-maison-carree-nimes-mini-kit\/","title":{"rendered":"La maison carr\u00e9e N\u00eemes &#8211; mini kit"},"content":{"rendered":"<p>Ami.e.s d&rsquo;Occitanie, la s\u00e9rie des kits des villes \u00e0 broder s&rsquo;agrandit avec 2 mod\u00e8les en l&rsquo;honneur de la ville de N\u00eemes ! Pour ce mod\u00e8le, il s&rsquo;agit de la maison carr\u00e9e. Le motif brod\u00e9 en photo de pr\u00e9sentation de ce produit n&rsquo;est qu&rsquo;une proposition de ma part, vous \u00eates libres de broder ce que vous souhaitez sur la photo.<\/p>\n<p>Ce projet est un projet libre, simple et rapide. Le kit contient tout ce dont vous aurez besoin pour r\u00e9aliser ce projet :<\/p>\n<ul>\n<li>1 tambour \u00e0 broder de 10cm<\/li>\n<li>1 aiguille<\/li>\n<li>1 tutoriel en ligne<\/li>\n<li>1 photo imprim\u00e9e sur du coton bio<\/li>\n<li>3 \u00e9chevettes de fil \u00e0 broder<\/li>\n<\/ul>\n<p>\u00c9galement disponible dans la s\u00e9rie des villes \u00e0 broder : Toulouse, Montmartre, Paris, Angers, Strasbourg, Le Havre et Bourges.<\/p>\n<p>Avant de passer commande, n\u2019h\u00e9sitez pas \u00e0 me contacter : thecomptoir@gmail.com<\/p>\n","protected":false},"excerpt":{"rendered":"[embed]https:\/\/www.youtube.com\/watch?v=A27vJ0pm9SE&#038;ab_channel=EliseTheComptoir[\/embed]\n","protected":false},"featured_media":8254,"comment_status":"open","ping_status":"closed","template":"","meta":{"jetpack_post_was_ever_published":false,"jetpack_publicize_message":"","jetpack_publicize_feature_enabled":true,"jetpack_social_post_already_shared":true,"jetpack_social_options":{"image_generator_settings":{"template":"highway","default_image_id":0,"font":"","enabled":false},"version":2}},"product_brand":[],"product_cat":[1597],"product_tag":[],"class_list":{"0":"post-8110","1":"product","2":"type-product","3":"status-publish","4":"has-post-thumbnail","6":"product_cat-mini-kits","7":"product_shipping_class-lettre","9":"first","10":"instock","11":"shipping-taxable","12":"purchasable","13":"product-type-simple"},"jetpack_publicize_connections":[],"jetpack_sharing_enabled":true,"_links":{"self":[{"href":"https:\/\/thecomptoir.com\/fr\/wp-json\/wp\/v2\/product\/8110","targetHints":{"allow":["GET"]}}],"collection":[{"href":"https:\/\/thecomptoir.com\/fr\/wp-json\/wp\/v2\/product"}],"about":[{"href":"https:\/\/thecomptoir.com\/fr\/wp-json\/wp\/v2\/types\/product"}],"replies":[{"embeddable":true,"href":"https:\/\/thecomptoir.com\/fr\/wp-json\/wp\/v2\/comments?post=8110"}],"wp:featuredmedia":[{"embeddable":true,"href":"https:\/\/thecomptoir.com\/fr\/wp-json\/wp\/v2\/media\/8254"}],"wp:attachment":[{"href":"https:\/\/thecomptoir.com\/fr\/wp-json\/wp\/v2\/media?parent=8110"}],"wp:term":[{"taxonomy":"product_brand","embeddable":true,"href":"https:\/\/thecomptoir.com\/fr\/wp-json\/wp\/v2\/product_brand?post=8110"},{"taxonomy":"product_cat","embeddable":true,"href":"https:\/\/thecomptoir.com\/fr\/wp-json\/wp\/v2\/product_cat?post=8110"},{"taxonomy":"product_tag","embeddable":true,"href":"https:\/\/thecomptoir.com\/fr\/wp-json\/wp\/v2\/product_tag?post=8110"}],"curies":[{"name":"wp","href":"https:\/\/api.w.org\/{rel}","templated":true}]}}