{"id":8085,"date":"2024-05-19T06:40:46","date_gmt":"2024-05-19T05:40:46","guid":{"rendered":"https:\/\/thecomptoir.com\/fr\/?post_type=product&#038;p=8085"},"modified":"2026-02-17T16:41:27","modified_gmt":"2026-02-17T15:41:27","slug":"les-ouvrieres-kit-de-broderie","status":"publish","type":"product","link":"https:\/\/thecomptoir.com\/fr\/produit\/les-ouvrieres-kit-de-broderie\/","title":{"rendered":"Les Ouvri\u00e8res &#8211; kit de broderie"},"content":{"rendered":"<p>Le nouveau kit de broderie est arriv\u00e9 ! \u00c7a faisait un an que je n&rsquo;avais pas cr\u00e9\u00e9 de kit de broderie en projet guid\u00e9. Ce qui a \u00e9t\u00e9 cr\u00e9\u00e9 pour la premi\u00e8re fois gr\u00e2ce \u00e0 vous. Nombre d&rsquo;entre mes client.e.s et abonn\u00e9.e.s ont particip\u00e9 \u00e0 un sondage pour m&rsquo;aider \u00e0 l&rsquo;\u00e9laboration de ce projet, ce qui en fait un projet tr\u00e8s sp\u00e9cial ! Cette broderie est donc guid\u00e9e ( ce qui est \u00e0 brod\u00e9 est imprim\u00e9 sur la photo sur le tissu) mais ce kit est aussi pens\u00e9 pour \u00eatre adapt\u00e9 \u00e0 envie et permet d&rsquo;\u00eatre personnalis\u00e9 avec des parties \u00e0 broder en option.<\/p>\n<p>Ce kit comprend:<br \/>\n-1 cercle \u00e0 broder des 15 cm<br \/>\n-1 photo \u00e0 broder imprim\u00e9e sur popeline de coton bio<br \/>\n-1 aiguille \u00e0 broder<br \/>\n-4 couleurs de fil \u00e0 broder<br \/>\n-1 livret explicatif pour vous accompagner dans la r\u00e9alisation de ce projet<\/p>\n<p>Ce kit conviendra tr\u00e8s bien aux d\u00e9butants.es, mais \u00e9galement \u00e0 celleux qui sont d\u00e9j\u00e0 \u00e0 l\u2019aise pour broder.<br \/>\nDans le livret, vous trouver les explications n\u00e9cessaires \u00e0 la r\u00e9alisation de ce projet. Ce kit s&rsquo;accompagne \u00e9galement d&rsquo;une vid\u00e9o tutoriel.<\/p>\n","protected":false},"excerpt":{"rendered":"<p>Le nouveau kit de broderie est arriv\u00e9 ! \u00c7a faisait un an que je n&rsquo;avais pas cr\u00e9\u00e9 de kit de broderie en projet guid\u00e9. Ce qui a \u00e9t\u00e9 cr\u00e9\u00e9 pour [&hellip;]<\/p>\n","protected":false},"featured_media":8108,"comment_status":"open","ping_status":"closed","template":"","meta":{"jetpack_post_was_ever_published":false,"jetpack_publicize_message":"","jetpack_publicize_feature_enabled":true,"jetpack_social_post_already_shared":true,"jetpack_social_options":{"image_generator_settings":{"template":"highway","default_image_id":0,"font":"","enabled":false},"version":2}},"product_brand":[],"product_cat":[1594],"product_tag":[],"class_list":{"0":"post-8085","1":"product","2":"type-product","3":"status-publish","4":"has-post-thumbnail","6":"product_cat-projets-guides","7":"product_shipping_class-lettre","9":"first","10":"instock","11":"shipping-taxable","12":"purchasable","13":"product-type-simple"},"jetpack_publicize_connections":[],"jetpack_sharing_enabled":true,"_links":{"self":[{"href":"https:\/\/thecomptoir.com\/fr\/wp-json\/wp\/v2\/product\/8085","targetHints":{"allow":["GET"]}}],"collection":[{"href":"https:\/\/thecomptoir.com\/fr\/wp-json\/wp\/v2\/product"}],"about":[{"href":"https:\/\/thecomptoir.com\/fr\/wp-json\/wp\/v2\/types\/product"}],"replies":[{"embeddable":true,"href":"https:\/\/thecomptoir.com\/fr\/wp-json\/wp\/v2\/comments?post=8085"}],"wp:featuredmedia":[{"embeddable":true,"href":"https:\/\/thecomptoir.com\/fr\/wp-json\/wp\/v2\/media\/8108"}],"wp:attachment":[{"href":"https:\/\/thecomptoir.com\/fr\/wp-json\/wp\/v2\/media?parent=8085"}],"wp:term":[{"taxonomy":"product_brand","embeddable":true,"href":"https:\/\/thecomptoir.com\/fr\/wp-json\/wp\/v2\/product_brand?post=8085"},{"taxonomy":"product_cat","embeddable":true,"href":"https:\/\/thecomptoir.com\/fr\/wp-json\/wp\/v2\/product_cat?post=8085"},{"taxonomy":"product_tag","embeddable":true,"href":"https:\/\/thecomptoir.com\/fr\/wp-json\/wp\/v2\/product_tag?post=8085"}],"curies":[{"name":"wp","href":"https:\/\/api.w.org\/{rel}","templated":true}]}}