{"id":7860,"date":"2024-03-27T14:26:26","date_gmt":"2024-03-27T13:26:26","guid":{"rendered":"https:\/\/thecomptoir.com\/fr\/?post_type=product&#038;p=7860"},"modified":"2024-03-27T14:53:08","modified_gmt":"2024-03-27T13:53:08","slug":"tarte-kit-sur-papier","status":"publish","type":"product","link":"https:\/\/thecomptoir.com\/fr\/produit\/tarte-kit-sur-papier\/","title":{"rendered":"T&rsquo;as l&rsquo;air d&rsquo;une tarte &#8211; kit sur papier"},"content":{"rendered":"<div class=\"woocommerce-tabs wc-tabs-wrapper\">\n<div id=\"tab-description\" class=\"woocommerce-Tabs-panel woocommerce-Tabs-panel--description panel entry-content wc-tab\" role=\"tabpanel\" aria-labelledby=\"tab-title-description\">\n<p>Si vous me suivez sur Instagram @thecomptoir vous savez que j\u2019adore broder le papier, bien plus que le tissu. C\u2019est une technique que j\u2019utilise quotidiennement dans mes cr\u00e9ations et je suis contente de pouvoir enfin partager \u00e7a avec vous.<br \/>\nCe projet est un projet guid\u00e9, ce qui signifie que sur la photo vous trouverez, d\u2019imprim\u00e9, des pictogrammes correspondants \u00e0 diff\u00e9rents points de broderie. Tous les points de broderie sont expliqu\u00e9s dans le tutoriel vid\u00e9o qui accompagne le kit.<\/p>\n<p>Ce projet est tout \u00e0 fait \u00e0 la port\u00e9e des d\u00e9butant.e.s, je suis l\u00e0 pour vous accompagner et pour que vous puissiez mener \u00e0 bien ce projet. Il s&rsquo;agit d&rsquo;un projet guid\u00e9.<\/p>\n<p>Ce kit comprend :<br \/>\n1 photo \u00e0 broder sur une feuille A4<br \/>\n1 page d\u2019exercice<br \/>\n1 page guide<br \/>\n1 aiguille \u00e0 broder<br \/>\n4 couleurs de fil \u00e0 broder<br \/>\nun tutoriel en ligne avec une vid\u00e9o d\u00e9di\u00e9e \u00e0 ce projet<\/p>\n<p>Tous les papiers utilis\u00e9s pour ce kit sont des papiers faits 100% de papiers recycl\u00e9s et sont imprim\u00e9s par une imprimerie \u00e9co-responsable en Anjou.<\/p>\n<p>Si vous avez des questions avant de passer commande, n&rsquo;h\u00e9sitez pas \u00e0 me contacter : thecomptoir@gmail.com<\/p>\n<\/div>\n<\/div>\n","protected":false},"excerpt":{"rendered":"<p>Si vous me suivez sur Instagram @thecomptoir vous savez que j\u2019adore broder le papier, bien plus que le tissu. C\u2019est une technique que j\u2019utilise quotidiennement dans mes cr\u00e9ations et je [&hellip;]<\/p>\n","protected":false},"featured_media":7853,"comment_status":"open","ping_status":"closed","template":"","meta":{"jetpack_post_was_ever_published":false,"jetpack_publicize_message":"","jetpack_publicize_feature_enabled":true,"jetpack_social_post_already_shared":true,"jetpack_social_options":{"image_generator_settings":{"template":"highway","default_image_id":0,"font":"","enabled":false},"version":2}},"product_brand":[],"product_cat":[1596],"product_tag":[],"class_list":{"0":"post-7860","1":"product","2":"type-product","3":"status-publish","4":"has-post-thumbnail","6":"product_cat-projets-sur-papier","7":"product_shipping_class-lettre","9":"first","10":"instock","11":"shipping-taxable","12":"purchasable","13":"product-type-simple"},"jetpack_publicize_connections":[],"jetpack_sharing_enabled":true,"_links":{"self":[{"href":"https:\/\/thecomptoir.com\/fr\/wp-json\/wp\/v2\/product\/7860","targetHints":{"allow":["GET"]}}],"collection":[{"href":"https:\/\/thecomptoir.com\/fr\/wp-json\/wp\/v2\/product"}],"about":[{"href":"https:\/\/thecomptoir.com\/fr\/wp-json\/wp\/v2\/types\/product"}],"replies":[{"embeddable":true,"href":"https:\/\/thecomptoir.com\/fr\/wp-json\/wp\/v2\/comments?post=7860"}],"wp:featuredmedia":[{"embeddable":true,"href":"https:\/\/thecomptoir.com\/fr\/wp-json\/wp\/v2\/media\/7853"}],"wp:attachment":[{"href":"https:\/\/thecomptoir.com\/fr\/wp-json\/wp\/v2\/media?parent=7860"}],"wp:term":[{"taxonomy":"product_brand","embeddable":true,"href":"https:\/\/thecomptoir.com\/fr\/wp-json\/wp\/v2\/product_brand?post=7860"},{"taxonomy":"product_cat","embeddable":true,"href":"https:\/\/thecomptoir.com\/fr\/wp-json\/wp\/v2\/product_cat?post=7860"},{"taxonomy":"product_tag","embeddable":true,"href":"https:\/\/thecomptoir.com\/fr\/wp-json\/wp\/v2\/product_tag?post=7860"}],"curies":[{"name":"wp","href":"https:\/\/api.w.org\/{rel}","templated":true}]}}