{"id":7581,"date":"2023-11-11T22:03:54","date_gmt":"2023-11-11T21:03:54","guid":{"rendered":"https:\/\/thecomptoir.com\/fr\/?post_type=product&#038;p=7581"},"modified":"2024-02-13T10:22:02","modified_gmt":"2024-02-13T09:22:02","slug":"decorations-de-noel-a-broder-kit-sur-bois","status":"publish","type":"product","link":"https:\/\/thecomptoir.com\/fr\/produit\/decorations-de-noel-a-broder-kit-sur-bois\/","title":{"rendered":"D\u00e9corations de No\u00ebl \u00e0 broder &#8211; kit sur bois"},"content":{"rendered":"<p>Si vous \u00eates pass\u00e9.e.s en mode \u00ab\u00a0No\u00ebl\u00a0\u00bb, ce double kit de broderie est fait pour vous ! Ce double projet est simple et ludique \u00e0 r\u00e9aliser et il sera parfait pour parfaire la d\u00e9coration de votre int\u00e9rieur.<\/p>\n<p>Dans ce kit vous trouverez tout ce dont vous aurez besoin pour r\u00e9aliser ce projet :<\/p>\n<ul>\n<li>2 disque en bois grav\u00e9 (par mes soins) de 10cm<\/li>\n<li>1 aiguille \u00e0 broder<\/li>\n<li>3 couleurs de fil \u00e0 broder<\/li>\n<li>l\u2019acc\u00e8s \u00e0 un tutoriel en ligne pour vous aider \u00e0 r\u00e9aliser ce projet (avec vid\u00e9o<\/li>\n<\/ul>\n","protected":false},"excerpt":{"rendered":"[embed]https:\/\/www.youtube.com\/watch?v=S5EUQOsxnVk&#038;t=11s&#038;ab_channel=EliseTheComptoir[\/embed]\n","protected":false},"featured_media":7583,"comment_status":"open","ping_status":"closed","template":"","meta":{"jetpack_post_was_ever_published":false,"jetpack_publicize_message":"","jetpack_publicize_feature_enabled":true,"jetpack_social_post_already_shared":true,"jetpack_social_options":{"image_generator_settings":{"template":"highway","default_image_id":0,"font":"","enabled":false},"version":2}},"product_brand":[],"product_cat":[1598],"product_tag":[],"class_list":{"0":"post-7581","1":"product","2":"type-product","3":"status-publish","4":"has-post-thumbnail","6":"product_cat-projets-sur-bois","7":"product_shipping_class-lettre","9":"first","10":"instock","11":"shipping-taxable","12":"purchasable","13":"product-type-simple"},"jetpack_publicize_connections":[],"jetpack_sharing_enabled":true,"_links":{"self":[{"href":"https:\/\/thecomptoir.com\/fr\/wp-json\/wp\/v2\/product\/7581","targetHints":{"allow":["GET"]}}],"collection":[{"href":"https:\/\/thecomptoir.com\/fr\/wp-json\/wp\/v2\/product"}],"about":[{"href":"https:\/\/thecomptoir.com\/fr\/wp-json\/wp\/v2\/types\/product"}],"replies":[{"embeddable":true,"href":"https:\/\/thecomptoir.com\/fr\/wp-json\/wp\/v2\/comments?post=7581"}],"wp:featuredmedia":[{"embeddable":true,"href":"https:\/\/thecomptoir.com\/fr\/wp-json\/wp\/v2\/media\/7583"}],"wp:attachment":[{"href":"https:\/\/thecomptoir.com\/fr\/wp-json\/wp\/v2\/media?parent=7581"}],"wp:term":[{"taxonomy":"product_brand","embeddable":true,"href":"https:\/\/thecomptoir.com\/fr\/wp-json\/wp\/v2\/product_brand?post=7581"},{"taxonomy":"product_cat","embeddable":true,"href":"https:\/\/thecomptoir.com\/fr\/wp-json\/wp\/v2\/product_cat?post=7581"},{"taxonomy":"product_tag","embeddable":true,"href":"https:\/\/thecomptoir.com\/fr\/wp-json\/wp\/v2\/product_tag?post=7581"}],"curies":[{"name":"wp","href":"https:\/\/api.w.org\/{rel}","templated":true}]}}