{"id":7525,"date":"2023-11-05T14:36:51","date_gmt":"2023-11-05T13:36:51","guid":{"rendered":"https:\/\/thecomptoir.com\/fr\/?post_type=product&#038;p=7525"},"modified":"2025-12-14T14:07:39","modified_gmt":"2025-12-14T13:07:39","slug":"bourges","status":"publish","type":"product","link":"https:\/\/thecomptoir.com\/fr\/produit\/bourges\/","title":{"rendered":"Bourges"},"content":{"rendered":"<p>Broderie sur papier, encadr\u00e9e (vitre plastique fendue)<\/p>\n<p>Dimensions du cadre : 25&#215;25 cm<\/p>\n<p>Dimension de la photo : 11&#215;12 cm<\/p>\n<p>Pour voir d\u2019autres images de cette cr\u00e9ation :\u00a0<a href=\"https:\/\/www.instagram.com\/p\/B_ySQIGBSIA\/?hl=fr&amp;img_index=1\">cliquez ici<\/a><\/p>\n<p>Mars 2020<\/p>\n<p>Tous les cadres utilis\u00e9s sont des cadres de r\u00e9cup\u00e9ration, ils ne sont donc pas parfait. Merci de votre compr\u00e9hension.<\/p>\n","protected":false},"excerpt":{"rendered":"<p>Broderie sur papier, encadr\u00e9e (vitre plastique fendue) Dimensions du cadre : 25&#215;25 cm Dimension de la photo : 11&#215;12 cm Pour voir d\u2019autres images de cette cr\u00e9ation :\u00a0cliquez ici Mars [&hellip;]<\/p>\n","protected":false},"featured_media":7521,"comment_status":"open","ping_status":"closed","template":"","meta":{"jetpack_post_was_ever_published":false,"jetpack_publicize_message":"","jetpack_publicize_feature_enabled":true,"jetpack_social_post_already_shared":true,"jetpack_social_options":{"image_generator_settings":{"template":"highway","default_image_id":0,"font":"","enabled":false},"version":2}},"product_brand":[],"product_cat":[1631],"product_tag":[],"class_list":{"0":"post-7525","1":"product","2":"type-product","3":"status-publish","4":"has-post-thumbnail","6":"product_cat-pieces-uniques","7":"product_shipping_class-colissimo","9":"first","10":"instock","11":"sale","12":"shipping-taxable","13":"purchasable","14":"product-type-simple"},"jetpack_publicize_connections":[],"jetpack_sharing_enabled":true,"_links":{"self":[{"href":"https:\/\/thecomptoir.com\/fr\/wp-json\/wp\/v2\/product\/7525","targetHints":{"allow":["GET"]}}],"collection":[{"href":"https:\/\/thecomptoir.com\/fr\/wp-json\/wp\/v2\/product"}],"about":[{"href":"https:\/\/thecomptoir.com\/fr\/wp-json\/wp\/v2\/types\/product"}],"replies":[{"embeddable":true,"href":"https:\/\/thecomptoir.com\/fr\/wp-json\/wp\/v2\/comments?post=7525"}],"wp:featuredmedia":[{"embeddable":true,"href":"https:\/\/thecomptoir.com\/fr\/wp-json\/wp\/v2\/media\/7521"}],"wp:attachment":[{"href":"https:\/\/thecomptoir.com\/fr\/wp-json\/wp\/v2\/media?parent=7525"}],"wp:term":[{"taxonomy":"product_brand","embeddable":true,"href":"https:\/\/thecomptoir.com\/fr\/wp-json\/wp\/v2\/product_brand?post=7525"},{"taxonomy":"product_cat","embeddable":true,"href":"https:\/\/thecomptoir.com\/fr\/wp-json\/wp\/v2\/product_cat?post=7525"},{"taxonomy":"product_tag","embeddable":true,"href":"https:\/\/thecomptoir.com\/fr\/wp-json\/wp\/v2\/product_tag?post=7525"}],"curies":[{"name":"wp","href":"https:\/\/api.w.org\/{rel}","templated":true}]}}