{"id":7519,"date":"2023-11-05T14:34:33","date_gmt":"2023-11-05T13:34:33","guid":{"rendered":"https:\/\/thecomptoir.com\/fr\/?post_type=product&#038;p=7519"},"modified":"2026-01-01T21:23:16","modified_gmt":"2026-01-01T20:23:16","slug":"les-sorcieres-sont-de-sortie","status":"publish","type":"product","link":"https:\/\/thecomptoir.com\/fr\/produit\/les-sorcieres-sont-de-sortie\/","title":{"rendered":"Les sorci\u00e8res sont de sortie"},"content":{"rendered":"<p>Broderie sur papier, encadr\u00e9e<\/p>\n<p>Dimensions du cadre : 22&#215;22 cm<\/p>\n<p>Dimension de la photo : 15&#215;16 cm<\/p>\n<p>Pour voir d\u2019autres images de cette cr\u00e9ation :\u00a0<a href=\"https:\/\/www.instagram.com\/p\/CzEqoDnNJ-H\/?hl=fr&amp;img_index=1\">cliquez ici<\/a><\/p>\n<p>Octobre 2023<\/p>\n<p>Tous les cadres utilis\u00e9s sont des cadres de r\u00e9cup\u00e9ration, ils ne sont donc pas parfait. Merci de votre compr\u00e9hension.<\/p>\n","protected":false},"excerpt":{"rendered":"<p>Broderie sur papier, encadr\u00e9e Dimensions du cadre : 22&#215;22 cm Dimension de la photo : 15&#215;16 cm Pour voir d\u2019autres images de cette cr\u00e9ation :\u00a0cliquez ici Octobre 2023 Tous les [&hellip;]<\/p>\n","protected":false},"featured_media":7520,"comment_status":"open","ping_status":"closed","template":"","meta":{"jetpack_post_was_ever_published":false,"jetpack_publicize_message":"","jetpack_publicize_feature_enabled":true,"jetpack_social_post_already_shared":true,"jetpack_social_options":{"image_generator_settings":{"template":"highway","default_image_id":0,"font":"","enabled":false},"version":2}},"product_brand":[],"product_cat":[1631],"product_tag":[],"class_list":{"0":"post-7519","1":"product","2":"type-product","3":"status-publish","4":"has-post-thumbnail","6":"product_cat-pieces-uniques","7":"product_shipping_class-colissimo","9":"first","10":"outofstock","11":"sale","12":"shipping-taxable","13":"purchasable","14":"product-type-simple"},"jetpack_publicize_connections":[],"jetpack_sharing_enabled":true,"_links":{"self":[{"href":"https:\/\/thecomptoir.com\/fr\/wp-json\/wp\/v2\/product\/7519","targetHints":{"allow":["GET"]}}],"collection":[{"href":"https:\/\/thecomptoir.com\/fr\/wp-json\/wp\/v2\/product"}],"about":[{"href":"https:\/\/thecomptoir.com\/fr\/wp-json\/wp\/v2\/types\/product"}],"replies":[{"embeddable":true,"href":"https:\/\/thecomptoir.com\/fr\/wp-json\/wp\/v2\/comments?post=7519"}],"wp:featuredmedia":[{"embeddable":true,"href":"https:\/\/thecomptoir.com\/fr\/wp-json\/wp\/v2\/media\/7520"}],"wp:attachment":[{"href":"https:\/\/thecomptoir.com\/fr\/wp-json\/wp\/v2\/media?parent=7519"}],"wp:term":[{"taxonomy":"product_brand","embeddable":true,"href":"https:\/\/thecomptoir.com\/fr\/wp-json\/wp\/v2\/product_brand?post=7519"},{"taxonomy":"product_cat","embeddable":true,"href":"https:\/\/thecomptoir.com\/fr\/wp-json\/wp\/v2\/product_cat?post=7519"},{"taxonomy":"product_tag","embeddable":true,"href":"https:\/\/thecomptoir.com\/fr\/wp-json\/wp\/v2\/product_tag?post=7519"}],"curies":[{"name":"wp","href":"https:\/\/api.w.org\/{rel}","templated":true}]}}