{"id":7439,"date":"2023-11-03T16:11:53","date_gmt":"2023-11-03T15:11:53","guid":{"rendered":"https:\/\/thecomptoir.com\/fr\/?post_type=product&#038;p=7439"},"modified":"2026-02-16T14:56:09","modified_gmt":"2026-02-16T13:56:09","slug":"le-petit-prince-kit-de-broderie","status":"publish","type":"product","link":"https:\/\/thecomptoir.com\/fr\/produit\/le-petit-prince-kit-de-broderie\/","title":{"rendered":"Le Petit Prince \u2013 kit de broderie"},"content":{"rendered":"<div class=\"page\" title=\"Page 3\">\n<div class=\"section\">\n<div class=\"layoutArea\">\n<div class=\"column\">\n<p>Ce projet je l&rsquo;ai dans les tuyaux depuis mars 2021 et il est temps que ce kit voir le jour ! Ce kit a e\u0301te\u0301 cre\u0301e\u0301 pour ce\u0301le\u0301brer le 80e\u0300me anniversaire du Petit Prince \u00ae. La cre\u0301ation de ce kit a e\u0301te\u0301 possible que par l\u2019achat d\u2019une licence officielle. Merci de respecter tout le travail fourni ainsi que l\u2019investissement financier en ne copiant ou ne d\u00e9tournant pas ce produit a\u0300 des fins publicitaires ou commercials.<\/p>\n<\/div>\n<\/div>\n<\/div>\n<\/div>\n<p>Ce kit conviendra aux d\u00e9butants.es mais aussi aux personnes plus \u00e0 l\u2019aise en broderie. Ce kit est disponible en anglais ou en fran\u00e7ais.<\/p>\n<p>Ce kit contient :<\/p>\n<p>1 aiguille \u00e0 broder<br \/>\n1 tambour de 15 cm<br \/>\n4 couleurs de fil \u00e0 broder (dont 2 laines \u00e0 broder de chez Maison Septembre)<br \/>\n1 photo imprim\u00e9e sur de la popeline de coton biologique \u00e0 broder<br \/>\n1 livret explicatif<\/p>\n<p>N\u2019h\u00e9sitez pas \u00e0 me contacter avant ou apr\u00e8s avoir pass\u00e9 votre commande.<\/p>\n","protected":false},"excerpt":{"rendered":"<p>Ce projet je l&rsquo;ai dans les tuyaux depuis mars 2021 et il est temps que ce kit voir le jour ! Ce kit a e\u0301te\u0301 cre\u0301e\u0301 pour ce\u0301le\u0301brer le 80e\u0300me [&hellip;]<\/p>\n","protected":false},"featured_media":7442,"comment_status":"open","ping_status":"closed","template":"","meta":{"jetpack_post_was_ever_published":false,"jetpack_publicize_message":"","jetpack_publicize_feature_enabled":true,"jetpack_social_post_already_shared":true,"jetpack_social_options":{"image_generator_settings":{"template":"highway","default_image_id":0,"font":"","enabled":false},"version":2}},"product_brand":[],"product_cat":[1593],"product_tag":[],"class_list":{"0":"post-7439","1":"product","2":"type-product","3":"status-publish","4":"has-post-thumbnail","6":"product_cat-projets-libres","7":"product_shipping_class-lettre","9":"first","10":"instock","11":"shipping-taxable","12":"purchasable","13":"product-type-simple"},"jetpack_publicize_connections":[],"jetpack_sharing_enabled":true,"_links":{"self":[{"href":"https:\/\/thecomptoir.com\/fr\/wp-json\/wp\/v2\/product\/7439","targetHints":{"allow":["GET"]}}],"collection":[{"href":"https:\/\/thecomptoir.com\/fr\/wp-json\/wp\/v2\/product"}],"about":[{"href":"https:\/\/thecomptoir.com\/fr\/wp-json\/wp\/v2\/types\/product"}],"replies":[{"embeddable":true,"href":"https:\/\/thecomptoir.com\/fr\/wp-json\/wp\/v2\/comments?post=7439"}],"wp:featuredmedia":[{"embeddable":true,"href":"https:\/\/thecomptoir.com\/fr\/wp-json\/wp\/v2\/media\/7442"}],"wp:attachment":[{"href":"https:\/\/thecomptoir.com\/fr\/wp-json\/wp\/v2\/media?parent=7439"}],"wp:term":[{"taxonomy":"product_brand","embeddable":true,"href":"https:\/\/thecomptoir.com\/fr\/wp-json\/wp\/v2\/product_brand?post=7439"},{"taxonomy":"product_cat","embeddable":true,"href":"https:\/\/thecomptoir.com\/fr\/wp-json\/wp\/v2\/product_cat?post=7439"},{"taxonomy":"product_tag","embeddable":true,"href":"https:\/\/thecomptoir.com\/fr\/wp-json\/wp\/v2\/product_tag?post=7439"}],"curies":[{"name":"wp","href":"https:\/\/api.w.org\/{rel}","templated":true}]}}