{"id":7429,"date":"2023-10-26T11:05:27","date_gmt":"2023-10-26T10:05:27","guid":{"rendered":"https:\/\/thecomptoir.com\/fr\/?post_type=product&#038;p=7429"},"modified":"2024-03-27T14:57:48","modified_gmt":"2024-03-27T13:57:48","slug":"printable-happily-ever-after","status":"publish","type":"product","link":"https:\/\/thecomptoir.com\/fr\/produit\/printable-happily-ever-after\/","title":{"rendered":"Printable \u00ab\u00a0happily ever after\u00a0\u00bb"},"content":{"rendered":"<p>Ce projet a \u00e9t\u00e9 cr\u00e9\u00e9 pour le num\u00e9ro mai\/juin du magazines \u00ab\u00a0Id\u00e9es \u00e0 faire\u00a0\u00bb, ce num\u00e9ro \u00e9tait d\u00e9di\u00e9 au mariage.<\/p>\n<p>Dans cette fiche produit, vous trouverez les diff\u00e9rents \u00e9l\u00e9ments \u00e0 t\u00e9l\u00e9charger et \u00e0 imprimer pour r\u00e9aliser une broderie sur papier :<\/p>\n<ul>\n<li>La photo \u00e0 imprimer sur du papier A4 160g (pas plus \u00e9pais que 220g) en version projet libre (sans indication sur la photo)<\/li>\n<li>La photo \u00e0 imprimer sur du papier A4 160g (pas plus \u00e9pais que 220g) en version projet guid\u00e9 (avec des indications sur la photo)<\/li>\n<li>Une fiche pour s&rsquo;exercer \u00e0 r\u00e9aliser les points avant de vous lancer dans votre projet<\/li>\n<li>Une fiche guide pour vous accompagner \u00e0 la r\u00e9alisation de ce projet<\/li>\n<\/ul>\n<p>N\u2019h\u00e9sitez pas \u00e0 me contacter si vous avez des questions avant ou apr\u00e8s avoir pass\u00e9 votre commande : thecomptoir@gmail.com<\/p>\n","protected":false},"excerpt":{"rendered":"<p>Ce projet a \u00e9t\u00e9 cr\u00e9\u00e9 pour le num\u00e9ro mai\/juin du magazines \u00ab\u00a0Id\u00e9es \u00e0 faire\u00a0\u00bb, ce num\u00e9ro \u00e9tait d\u00e9di\u00e9 au mariage. Dans cette fiche produit, vous trouverez les diff\u00e9rents \u00e9l\u00e9ments \u00e0 [&hellip;]<\/p>\n","protected":false},"featured_media":7870,"comment_status":"open","ping_status":"closed","template":"","meta":{"jetpack_post_was_ever_published":false,"jetpack_publicize_message":"","jetpack_publicize_feature_enabled":true,"jetpack_social_post_already_shared":true,"jetpack_social_options":{"image_generator_settings":{"template":"highway","default_image_id":0,"font":"","enabled":false},"version":2}},"product_brand":[],"product_cat":[1596],"product_tag":[],"class_list":{"0":"post-7429","1":"product","2":"type-product","3":"status-publish","4":"has-post-thumbnail","6":"product_cat-projets-sur-papier","8":"first","9":"instock","10":"downloadable","11":"virtual","12":"purchasable","13":"product-type-simple"},"jetpack_publicize_connections":[],"jetpack_sharing_enabled":true,"_links":{"self":[{"href":"https:\/\/thecomptoir.com\/fr\/wp-json\/wp\/v2\/product\/7429","targetHints":{"allow":["GET"]}}],"collection":[{"href":"https:\/\/thecomptoir.com\/fr\/wp-json\/wp\/v2\/product"}],"about":[{"href":"https:\/\/thecomptoir.com\/fr\/wp-json\/wp\/v2\/types\/product"}],"replies":[{"embeddable":true,"href":"https:\/\/thecomptoir.com\/fr\/wp-json\/wp\/v2\/comments?post=7429"}],"wp:featuredmedia":[{"embeddable":true,"href":"https:\/\/thecomptoir.com\/fr\/wp-json\/wp\/v2\/media\/7870"}],"wp:attachment":[{"href":"https:\/\/thecomptoir.com\/fr\/wp-json\/wp\/v2\/media?parent=7429"}],"wp:term":[{"taxonomy":"product_brand","embeddable":true,"href":"https:\/\/thecomptoir.com\/fr\/wp-json\/wp\/v2\/product_brand?post=7429"},{"taxonomy":"product_cat","embeddable":true,"href":"https:\/\/thecomptoir.com\/fr\/wp-json\/wp\/v2\/product_cat?post=7429"},{"taxonomy":"product_tag","embeddable":true,"href":"https:\/\/thecomptoir.com\/fr\/wp-json\/wp\/v2\/product_tag?post=7429"}],"curies":[{"name":"wp","href":"https:\/\/api.w.org\/{rel}","templated":true}]}}