{"id":7307,"date":"2023-09-07T19:46:13","date_gmt":"2023-09-07T18:46:13","guid":{"rendered":"https:\/\/thecomptoir.com\/fr\/?post_type=product&#038;p=7307"},"modified":"2023-09-07T19:48:07","modified_gmt":"2023-09-07T18:48:07","slug":"7307","status":"publish","type":"product","link":"https:\/\/thecomptoir.com\/fr\/produit\/7307\/","title":{"rendered":"Les coquelicots &#8211; les Essentiels"},"content":{"rendered":"<p>Ce produit est la version \u201call\u00e9g\u00e9e\u201d du kit complet, que vous retrouverez dans la cat\u00e9gorie \u00ab\u00a0projets guid\u00e9s\u00a0\u00bb, \u00e9galement en vente sur ma boutique. \u00c0 vous de compl\u00e9ter le mat\u00e9riel n\u00e9cessaire avec ce que vous pourriez d\u00e9j\u00e0 avoir (tambours, fils et aiguilles).<\/p>\n<p>Ce kit de broderie comprend :<\/p>\n<p>1 photo imprim\u00e9e sur tissu \u00e0 broder<br \/>\n1 livret \u00ab\u00a0g\u00e9n\u00e9rique\u00a0\u00bb agr\u00e9ment\u00e9 de photos afin de vous guider dans la r\u00e9alisation de ce projet<\/p>\n","protected":false},"excerpt":{"rendered":"<p>Ce produit est la version \u201call\u00e9g\u00e9e\u201d du kit complet, que vous retrouverez dans la cat\u00e9gorie \u00ab\u00a0projets guid\u00e9s\u00a0\u00bb, \u00e9galement en vente sur ma boutique. \u00c0 vous de compl\u00e9ter le mat\u00e9riel n\u00e9cessaire [&hellip;]<\/p>\n","protected":false},"featured_media":7303,"comment_status":"open","ping_status":"closed","template":"","meta":{"jetpack_post_was_ever_published":false,"jetpack_publicize_message":"","jetpack_publicize_feature_enabled":true,"jetpack_social_post_already_shared":true,"jetpack_social_options":{"image_generator_settings":{"template":"highway","default_image_id":0,"font":"","enabled":false},"version":2}},"product_brand":[],"product_cat":[1629],"product_tag":[],"class_list":{"0":"post-7307","1":"product","2":"type-product","3":"status-publish","4":"has-post-thumbnail","6":"product_cat-les-essentiels","8":"first","9":"instock","10":"shipping-taxable","11":"purchasable","12":"product-type-simple"},"jetpack_publicize_connections":[],"jetpack_sharing_enabled":true,"_links":{"self":[{"href":"https:\/\/thecomptoir.com\/fr\/wp-json\/wp\/v2\/product\/7307","targetHints":{"allow":["GET"]}}],"collection":[{"href":"https:\/\/thecomptoir.com\/fr\/wp-json\/wp\/v2\/product"}],"about":[{"href":"https:\/\/thecomptoir.com\/fr\/wp-json\/wp\/v2\/types\/product"}],"replies":[{"embeddable":true,"href":"https:\/\/thecomptoir.com\/fr\/wp-json\/wp\/v2\/comments?post=7307"}],"wp:featuredmedia":[{"embeddable":true,"href":"https:\/\/thecomptoir.com\/fr\/wp-json\/wp\/v2\/media\/7303"}],"wp:attachment":[{"href":"https:\/\/thecomptoir.com\/fr\/wp-json\/wp\/v2\/media?parent=7307"}],"wp:term":[{"taxonomy":"product_brand","embeddable":true,"href":"https:\/\/thecomptoir.com\/fr\/wp-json\/wp\/v2\/product_brand?post=7307"},{"taxonomy":"product_cat","embeddable":true,"href":"https:\/\/thecomptoir.com\/fr\/wp-json\/wp\/v2\/product_cat?post=7307"},{"taxonomy":"product_tag","embeddable":true,"href":"https:\/\/thecomptoir.com\/fr\/wp-json\/wp\/v2\/product_tag?post=7307"}],"curies":[{"name":"wp","href":"https:\/\/api.w.org\/{rel}","templated":true}]}}