{"id":7269,"date":"2023-09-07T13:29:03","date_gmt":"2023-09-07T12:29:03","guid":{"rendered":"https:\/\/thecomptoir.com\/fr\/?post_type=product&#038;p=7269"},"modified":"2023-09-07T14:03:24","modified_gmt":"2023-09-07T13:03:24","slug":"girl-on-fire-carte-postale","status":"publish","type":"product","link":"https:\/\/thecomptoir.com\/fr\/produit\/girl-on-fire-carte-postale\/","title":{"rendered":"girl on fire &#8211; carte postale"},"content":{"rendered":"<p>Carte postale rectangulaire sur papier mat<\/p>\n<p>Format 15&#215;10,5cm<\/p>\n<p>reprographie d&rsquo;une broderie r\u00e9alis\u00e9e en 2018<\/p>\n<p>Ce mod\u00e8le est \u00e9galement disponible en poster format A4 (voir fiche produit d\u00e9di\u00e9e)<\/p>\n","protected":false},"excerpt":{"rendered":"<p>Carte postale rectangulaire sur papier mat Format 15&#215;10,5cm reprographie d&rsquo;une broderie r\u00e9alis\u00e9e en 2018 Ce mod\u00e8le est \u00e9galement disponible en poster format A4 (voir fiche produit d\u00e9di\u00e9e)<\/p>\n","protected":false},"featured_media":7260,"comment_status":"open","ping_status":"closed","template":"","meta":{"jetpack_post_was_ever_published":false,"jetpack_publicize_message":"","jetpack_publicize_feature_enabled":true,"jetpack_social_post_already_shared":true,"jetpack_social_options":{"image_generator_settings":{"template":"highway","default_image_id":0,"font":"","enabled":false},"version":2}},"product_brand":[],"product_cat":[1628],"product_tag":[],"class_list":{"0":"post-7269","1":"product","2":"type-product","3":"status-publish","4":"has-post-thumbnail","6":"product_cat-papeterie","8":"first","9":"instock","10":"shipping-taxable","11":"purchasable","12":"product-type-simple"},"jetpack_publicize_connections":[],"jetpack_sharing_enabled":true,"_links":{"self":[{"href":"https:\/\/thecomptoir.com\/fr\/wp-json\/wp\/v2\/product\/7269","targetHints":{"allow":["GET"]}}],"collection":[{"href":"https:\/\/thecomptoir.com\/fr\/wp-json\/wp\/v2\/product"}],"about":[{"href":"https:\/\/thecomptoir.com\/fr\/wp-json\/wp\/v2\/types\/product"}],"replies":[{"embeddable":true,"href":"https:\/\/thecomptoir.com\/fr\/wp-json\/wp\/v2\/comments?post=7269"}],"wp:featuredmedia":[{"embeddable":true,"href":"https:\/\/thecomptoir.com\/fr\/wp-json\/wp\/v2\/media\/7260"}],"wp:attachment":[{"href":"https:\/\/thecomptoir.com\/fr\/wp-json\/wp\/v2\/media?parent=7269"}],"wp:term":[{"taxonomy":"product_brand","embeddable":true,"href":"https:\/\/thecomptoir.com\/fr\/wp-json\/wp\/v2\/product_brand?post=7269"},{"taxonomy":"product_cat","embeddable":true,"href":"https:\/\/thecomptoir.com\/fr\/wp-json\/wp\/v2\/product_cat?post=7269"},{"taxonomy":"product_tag","embeddable":true,"href":"https:\/\/thecomptoir.com\/fr\/wp-json\/wp\/v2\/product_tag?post=7269"}],"curies":[{"name":"wp","href":"https:\/\/api.w.org\/{rel}","templated":true}]}}