{"id":7144,"date":"2023-06-30T15:15:42","date_gmt":"2023-06-30T14:15:42","guid":{"rendered":"https:\/\/thecomptoir.com\/fr\/?post_type=product&#038;p=7144"},"modified":"2026-02-16T14:45:12","modified_gmt":"2026-02-16T13:45:12","slug":"la-sardiniere-kit-de-broderie","status":"publish","type":"product","link":"https:\/\/thecomptoir.com\/fr\/produit\/la-sardiniere-kit-de-broderie\/","title":{"rendered":"La sardini\u00e8re &#8211; kit de broderie"},"content":{"rendered":"<p>Ce kit a \u00e9t\u00e9 cr\u00e9\u00e9 \u00e0 l&rsquo;occasion de l&rsquo;exposition Fashion Folklore qui d\u00e9butera au MUCEM de Marseille le 7 juillet 2023. Cette exposition a pour but de mettre en lumi\u00e8re l&rsquo;importance du costume r\u00e9gional et traditionnel dans la mode d&rsquo;hier et d&rsquo;aujourd&rsquo;hui.<\/p>\n<p>Ce kit comprend:<br \/>\n-1 cercle \u00e0 broder des 12 cm<br \/>\n-1 photo \u00e0 broder imprim\u00e9e sur popeline de coton bio<br \/>\n-1 aiguille \u00e0 broder<br \/>\n-4 couleurs de fil \u00e0 broder<br \/>\n-1 livret explicatif pour vous accompagner dans la r\u00e9alisation de ce projet<\/p>\n<p>Ce kit conviendra tr\u00e8s bien aux d\u00e9butants.es, mais \u00e9galement \u00e0 celleux qui sont d\u00e9j\u00e0 \u00e0 l\u2019aise pour broder.<br \/>\nDans le livret, vous trouver les explications pour apprendre 5 points de broderie : le point de noeud, le point arri\u00e8re et le point arri\u00e8re surjet\u00e9, le point de bouclette et le point de feston.<\/p>\n","protected":false},"excerpt":{"rendered":"[embed]https:\/\/www.youtube.com\/watch?v=aYlycsvAiPo&#038;ab_channel=EliseTheComptoir[\/embed]\n","protected":false},"featured_media":7142,"comment_status":"open","ping_status":"closed","template":"","meta":{"jetpack_post_was_ever_published":false,"jetpack_publicize_message":"","jetpack_publicize_feature_enabled":true,"jetpack_social_post_already_shared":true,"jetpack_social_options":{"image_generator_settings":{"template":"highway","default_image_id":0,"font":"","enabled":false},"version":2}},"product_brand":[],"product_cat":[1594],"product_tag":[1627,1626],"class_list":{"0":"post-7144","1":"product","2":"type-product","3":"status-publish","4":"has-post-thumbnail","6":"product_cat-projets-guides","7":"product_tag-fashin-folklore","8":"product_tag-mucem","10":"first","11":"instock","12":"shipping-taxable","13":"purchasable","14":"product-type-simple"},"jetpack_publicize_connections":[],"jetpack_sharing_enabled":true,"_links":{"self":[{"href":"https:\/\/thecomptoir.com\/fr\/wp-json\/wp\/v2\/product\/7144","targetHints":{"allow":["GET"]}}],"collection":[{"href":"https:\/\/thecomptoir.com\/fr\/wp-json\/wp\/v2\/product"}],"about":[{"href":"https:\/\/thecomptoir.com\/fr\/wp-json\/wp\/v2\/types\/product"}],"replies":[{"embeddable":true,"href":"https:\/\/thecomptoir.com\/fr\/wp-json\/wp\/v2\/comments?post=7144"}],"wp:featuredmedia":[{"embeddable":true,"href":"https:\/\/thecomptoir.com\/fr\/wp-json\/wp\/v2\/media\/7142"}],"wp:attachment":[{"href":"https:\/\/thecomptoir.com\/fr\/wp-json\/wp\/v2\/media?parent=7144"}],"wp:term":[{"taxonomy":"product_brand","embeddable":true,"href":"https:\/\/thecomptoir.com\/fr\/wp-json\/wp\/v2\/product_brand?post=7144"},{"taxonomy":"product_cat","embeddable":true,"href":"https:\/\/thecomptoir.com\/fr\/wp-json\/wp\/v2\/product_cat?post=7144"},{"taxonomy":"product_tag","embeddable":true,"href":"https:\/\/thecomptoir.com\/fr\/wp-json\/wp\/v2\/product_tag?post=7144"}],"curies":[{"name":"wp","href":"https:\/\/api.w.org\/{rel}","templated":true}]}}