{"id":7141,"date":"2023-06-30T15:06:45","date_gmt":"2023-06-30T14:06:45","guid":{"rendered":"https:\/\/thecomptoir.com\/fr\/?post_type=product&#038;p=7141"},"modified":"2023-10-20T14:08:48","modified_gmt":"2023-10-20T13:08:48","slug":"les-mots-fleuris-kit-de-broderie","status":"publish","type":"product","link":"https:\/\/thecomptoir.com\/fr\/produit\/les-mots-fleuris-kit-de-broderie\/","title":{"rendered":"Les mots fleuris &#8211; Les Essentiels"},"content":{"rendered":"<p>Vous avez ador\u00e9 le kit de l&rsquo;herbier, voici une nouveaut\u00e9 dans le m\u00eame esprit : la Couronne pour broder des mots fleuris. Que ce soit pour faire une d\u00e9claration d&rsquo;amour ou faire passer des messages qui peuvent d\u00e9ranger en douceur, c&rsquo;est le projet qu&rsquo;il vous faudra.<\/p>\n<p>Ce projet est un projet libre. Ce kit conviendra aux d\u00e9butants.es mais aussi aux personnes plus \u00e0 l\u2019aise en broderie. Ce kit est disponible en anglais ou en fran\u00e7ais.<\/p>\n<p>Ce kit contient :<\/p>\n<ul>\n<li>1 photo imprim\u00e9e sur de la popeline de coton biologique \u00e0 broder<\/li>\n<li>1 livret expliquant tout ce que vous devez savoir<\/li>\n<\/ul>\n<p>N\u2019h\u00e9sitez pas \u00e0 me contacter avant ou apr\u00e8s avoir pass\u00e9 votre commande : thecomptoir@gmail.com<\/p>\n","protected":false},"excerpt":{"rendered":"[embed]https:\/\/www.youtube.com\/watch?v=_EPNl2bkKTM&#038;t=1s&#038;ab_channel=EliseTheComptoir[\/embed]\n","protected":false},"featured_media":7137,"comment_status":"open","ping_status":"closed","template":"","meta":{"jetpack_post_was_ever_published":true,"jetpack_publicize_message":"","jetpack_publicize_feature_enabled":true,"jetpack_social_post_already_shared":true,"jetpack_social_options":{"image_generator_settings":{"template":"highway","default_image_id":0,"font":"","enabled":false},"version":2}},"product_brand":[],"product_cat":[1629,1593],"product_tag":[],"class_list":{"0":"post-7141","1":"product","2":"type-product","3":"status-publish","4":"has-post-thumbnail","6":"product_cat-les-essentiels","7":"product_cat-projets-libres","8":"product_shipping_class-lettre","10":"first","11":"instock","12":"shipping-taxable","13":"purchasable","14":"product-type-simple"},"jetpack_publicize_connections":[],"jetpack_sharing_enabled":true,"_links":{"self":[{"href":"https:\/\/thecomptoir.com\/fr\/wp-json\/wp\/v2\/product\/7141","targetHints":{"allow":["GET"]}}],"collection":[{"href":"https:\/\/thecomptoir.com\/fr\/wp-json\/wp\/v2\/product"}],"about":[{"href":"https:\/\/thecomptoir.com\/fr\/wp-json\/wp\/v2\/types\/product"}],"replies":[{"embeddable":true,"href":"https:\/\/thecomptoir.com\/fr\/wp-json\/wp\/v2\/comments?post=7141"}],"wp:featuredmedia":[{"embeddable":true,"href":"https:\/\/thecomptoir.com\/fr\/wp-json\/wp\/v2\/media\/7137"}],"wp:attachment":[{"href":"https:\/\/thecomptoir.com\/fr\/wp-json\/wp\/v2\/media?parent=7141"}],"wp:term":[{"taxonomy":"product_brand","embeddable":true,"href":"https:\/\/thecomptoir.com\/fr\/wp-json\/wp\/v2\/product_brand?post=7141"},{"taxonomy":"product_cat","embeddable":true,"href":"https:\/\/thecomptoir.com\/fr\/wp-json\/wp\/v2\/product_cat?post=7141"},{"taxonomy":"product_tag","embeddable":true,"href":"https:\/\/thecomptoir.com\/fr\/wp-json\/wp\/v2\/product_tag?post=7141"}],"curies":[{"name":"wp","href":"https:\/\/api.w.org\/{rel}","templated":true}]}}