{"id":7113,"date":"2023-06-16T14:16:04","date_gmt":"2023-06-16T13:16:04","guid":{"rendered":"https:\/\/thecomptoir.com\/fr\/?post_type=product&#038;p=7113"},"modified":"2023-06-20T08:01:46","modified_gmt":"2023-06-20T07:01:46","slug":"printable-rocket-ladies","status":"publish","type":"product","link":"https:\/\/thecomptoir.com\/fr\/produit\/printable-rocket-ladies\/","title":{"rendered":"printable \u00ab\u00a0Rocket Ladies\u00a0\u00bb"},"content":{"rendered":"<p>Ce projet a \u00e9t\u00e9 cr\u00e9\u00e9 pour c\u00e9l\u00e9brer la barri\u00e8re des 10 000 abonn\u00e9.e.s atteint.e.s sur Instagram. Ce projet \u00e9tait gratuit et libre au t\u00e9l\u00e9chargement du 15 mai au 15 juin 2023, il est par la suite devenu payant.<\/p>\n<p>Dans cette fiche produit, vous trouverez les diff\u00e9rents \u00e9l\u00e9ments \u00e0 t\u00e9l\u00e9charger et \u00e0 imprimer pour r\u00e9aliser une broderie sur papier. Le fichier de ce projet intitul\u00e9 \u00ab\u00a0Rocket Ladies\u00a0\u00bb contient deux versions, une version guid\u00e9e et une version libre, pour laisser plus de place \u00e0 votre imagination.<\/p>\n<p>N&rsquo;h\u00e9sitez pas \u00e0 me contacter si vous avez des questions avant ou apr\u00e8s avoir pass\u00e9 votre commande : thecomptoir@gmail.com<\/p>\n<p>Ce projet s\u2019accompagne d\u2019une vid\u00e9o tutoriel, comprenant \u00e9galement tous les conseils pour le choix du papier sur lequel imprimer votre photo. Vous retrouverez \u00e9galement davantage d&rsquo;explications dans <a href=\"https:\/\/thecomptoir.com\/fr\/armoire\/broderie\/le-cadeau-des-10k-6879\/\" target=\"_blank\" rel=\"noopener\">cet article<\/a>.<\/p>\n<div class=\"jetpack-video-wrapper\"><span class=\"embed-youtube\" style=\"text-align:center; display: block;\"><iframe loading=\"lazy\" class=\"youtube-player\" width=\"1140\" height=\"642\" src=\"https:\/\/www.youtube.com\/embed\/EZE6eG3dcPY?version=3&#038;rel=1&#038;showsearch=0&#038;showinfo=1&#038;iv_load_policy=1&#038;fs=1&#038;hl=fr-FR&#038;autohide=2&#038;start=5&#038;wmode=transparent\" allowfullscreen=\"true\" style=\"border:0;\" sandbox=\"allow-scripts allow-same-origin allow-popups allow-presentation allow-popups-to-escape-sandbox\"><\/iframe><\/span><\/div>\n","protected":false},"excerpt":{"rendered":"<p>Ce projet a \u00e9t\u00e9 cr\u00e9\u00e9 pour c\u00e9l\u00e9brer la barri\u00e8re des 10 000 abonn\u00e9.e.s atteint.e.s sur Instagram. Ce projet \u00e9tait gratuit et libre au t\u00e9l\u00e9chargement du 15 mai au 15 juin [&hellip;]<\/p>\n","protected":false},"featured_media":7090,"comment_status":"open","ping_status":"closed","template":"","meta":{"jetpack_post_was_ever_published":false,"jetpack_publicize_message":"","jetpack_publicize_feature_enabled":true,"jetpack_social_post_already_shared":true,"jetpack_social_options":{"image_generator_settings":{"template":"highway","default_image_id":0,"font":"","enabled":false},"version":2}},"product_brand":[],"product_cat":[1596],"product_tag":[],"class_list":{"0":"post-7113","1":"product","2":"type-product","3":"status-publish","4":"has-post-thumbnail","6":"product_cat-projets-sur-papier","8":"first","9":"instock","10":"downloadable","11":"virtual","12":"purchasable","13":"product-type-simple"},"jetpack_publicize_connections":[],"jetpack_sharing_enabled":true,"_links":{"self":[{"href":"https:\/\/thecomptoir.com\/fr\/wp-json\/wp\/v2\/product\/7113","targetHints":{"allow":["GET"]}}],"collection":[{"href":"https:\/\/thecomptoir.com\/fr\/wp-json\/wp\/v2\/product"}],"about":[{"href":"https:\/\/thecomptoir.com\/fr\/wp-json\/wp\/v2\/types\/product"}],"replies":[{"embeddable":true,"href":"https:\/\/thecomptoir.com\/fr\/wp-json\/wp\/v2\/comments?post=7113"}],"wp:featuredmedia":[{"embeddable":true,"href":"https:\/\/thecomptoir.com\/fr\/wp-json\/wp\/v2\/media\/7090"}],"wp:attachment":[{"href":"https:\/\/thecomptoir.com\/fr\/wp-json\/wp\/v2\/media?parent=7113"}],"wp:term":[{"taxonomy":"product_brand","embeddable":true,"href":"https:\/\/thecomptoir.com\/fr\/wp-json\/wp\/v2\/product_brand?post=7113"},{"taxonomy":"product_cat","embeddable":true,"href":"https:\/\/thecomptoir.com\/fr\/wp-json\/wp\/v2\/product_cat?post=7113"},{"taxonomy":"product_tag","embeddable":true,"href":"https:\/\/thecomptoir.com\/fr\/wp-json\/wp\/v2\/product_tag?post=7113"}],"curies":[{"name":"wp","href":"https:\/\/api.w.org\/{rel}","templated":true}]}}