{"id":6905,"date":"2023-05-28T07:28:13","date_gmt":"2023-05-28T06:28:13","guid":{"rendered":"https:\/\/thecomptoir.com\/fr\/?post_type=product&#038;p=6905"},"modified":"2026-02-16T14:56:42","modified_gmt":"2026-02-16T13:56:42","slug":"wesh-sis-kit-de-broderie","status":"publish","type":"product","link":"https:\/\/thecomptoir.com\/fr\/produit\/wesh-sis-kit-de-broderie\/","title":{"rendered":"Wesh Sis&rsquo; &#8211; kit de broderie"},"content":{"rendered":"<p>Ce kit est bas\u00e9 sur le c\u00e9l\u00e8bre portrait <a href=\"https:\/\/collections.louvre.fr\/ark:\/53355\/cl010065402\" target=\"_blank\" rel=\"noopener\">\u00e9nigmatique de Gabrielle d&rsquo;Estr\u00e9e et d&rsquo;une de ses soeurs<\/a>.<\/p>\n<p>Ce kit de broderie contient tout ce dont vous avez besoin pour mener \u00e0 bien votre projet. Vous pourrez apprendre diff\u00e9rents points de broderie. Toutes les explications dont vous aurez besoin pour broder cette c\u00e9l\u00e8bre toile se trouve dans le livret inclus dans ce kit. Vous y trouverez toutes les informations n\u00e9cessaires en commen\u00e7ant par \u201ccomment placer le tissu dans le tambour\u201d \u00e0 \u201ccomment finir le dos de la broderie\u201d. Ce projet est un projet libre, ce qui signifie que vous ne trouverez aucun dessin sur le tissu, vous pourrez broder o\u00f9 vous le souhaitez.<\/p>\n<p>Ce kit conviendra aux d\u00e9butants.es mais aussi aux personnes plus \u00e0 l\u2019aise en broderie. Ce kit est disponible en anglais ou en fran\u00e7ais.<\/p>\n<p>Ce kit contient :<\/p>\n<p>1 aiguille \u00e0 broder<br \/>\n1 tambour de 12 cm<br \/>\n3 \u00e9chevettes de fil \u00e0 broder<br \/>\n1 photo imprim\u00e9e sur de la popeline de coton biologique \u00e0 broder<br \/>\n1 livret \u201c\u00e0 la carte\u201d expliquant tout ce que vous devez savoir<\/p>\n<p>N\u2019h\u00e9sitez pas \u00e0 me contacter avant ou apr\u00e8s avoir pass\u00e9 votre commande.<\/p>\n","protected":false},"excerpt":{"rendered":"<p>Ce kit est bas\u00e9 sur le c\u00e9l\u00e8bre portrait \u00e9nigmatique de Gabrielle d&rsquo;Estr\u00e9e et d&rsquo;une de ses soeurs. Ce kit de broderie contient tout ce dont vous avez besoin pour mener [&hellip;]<\/p>\n","protected":false},"featured_media":6906,"comment_status":"open","ping_status":"closed","template":"","meta":{"jetpack_post_was_ever_published":false,"jetpack_publicize_message":"","jetpack_publicize_feature_enabled":true,"jetpack_social_post_already_shared":true,"jetpack_social_options":{"image_generator_settings":{"template":"highway","default_image_id":0,"font":"","enabled":false},"version":2}},"product_brand":[],"product_cat":[1593],"product_tag":[],"class_list":{"0":"post-6905","1":"product","2":"type-product","3":"status-publish","4":"has-post-thumbnail","6":"product_cat-projets-libres","7":"product_shipping_class-lettre","9":"first","10":"instock","11":"shipping-taxable","12":"purchasable","13":"product-type-simple"},"jetpack_publicize_connections":[],"jetpack_sharing_enabled":true,"_links":{"self":[{"href":"https:\/\/thecomptoir.com\/fr\/wp-json\/wp\/v2\/product\/6905","targetHints":{"allow":["GET"]}}],"collection":[{"href":"https:\/\/thecomptoir.com\/fr\/wp-json\/wp\/v2\/product"}],"about":[{"href":"https:\/\/thecomptoir.com\/fr\/wp-json\/wp\/v2\/types\/product"}],"replies":[{"embeddable":true,"href":"https:\/\/thecomptoir.com\/fr\/wp-json\/wp\/v2\/comments?post=6905"}],"wp:featuredmedia":[{"embeddable":true,"href":"https:\/\/thecomptoir.com\/fr\/wp-json\/wp\/v2\/media\/6906"}],"wp:attachment":[{"href":"https:\/\/thecomptoir.com\/fr\/wp-json\/wp\/v2\/media?parent=6905"}],"wp:term":[{"taxonomy":"product_brand","embeddable":true,"href":"https:\/\/thecomptoir.com\/fr\/wp-json\/wp\/v2\/product_brand?post=6905"},{"taxonomy":"product_cat","embeddable":true,"href":"https:\/\/thecomptoir.com\/fr\/wp-json\/wp\/v2\/product_cat?post=6905"},{"taxonomy":"product_tag","embeddable":true,"href":"https:\/\/thecomptoir.com\/fr\/wp-json\/wp\/v2\/product_tag?post=6905"}],"curies":[{"name":"wp","href":"https:\/\/api.w.org\/{rel}","templated":true}]}}