{"id":6899,"date":"2023-05-26T15:25:11","date_gmt":"2023-05-26T14:25:11","guid":{"rendered":"https:\/\/thecomptoir.com\/fr\/?post_type=product&#038;p=6899"},"modified":"2025-01-20T13:16:23","modified_gmt":"2025-01-20T12:16:23","slug":"les-coquelicots-de-monet","status":"publish","type":"product","link":"https:\/\/thecomptoir.com\/fr\/produit\/les-coquelicots-de-monet\/","title":{"rendered":"les coquelicots de Monet &#8211; kit de broderie"},"content":{"rendered":"<p>Ce kit de broderie contient tout ce dont vous avez besoin pour mener \u00e0 bien votre projet. Vous pourrez apprendre diff\u00e9rents points de broderie. Toutes les explications dont vous aurez besoin pour broder cette c\u00e9l\u00e8bre toile se trouve dans le livret inclus dans ce kit. Vous y trouverez toutes les informations n\u00e9cessaires en commen\u00e7ant par \u201ccomment placer le tissu dans le tambour\u201d \u00e0 \u201ccomment finir le dos de la broderie\u201d. Ce projet est un projet libre, ce qui signifie que vous ne trouverez aucun dessin sur le tissu, vous pourrez broder o\u00f9 vous le souhaitez.<\/p>\n<p>Ce kit conviendra aux d\u00e9butants.es mais aussi aux personnes plus \u00e0 l\u2019aise en broderie. Ce kit est disponible en anglais ou en fran\u00e7ais.<\/p>\n<p>Ce kit contient :<\/p>\n<p>1 aiguille \u00e0 broder<br \/>\n1 tambour de 22 cm<br \/>\n6 couleurs de fil (dont 3 laines \u00e0 broder de chez <a href=\"https:\/\/www.maisonseptembre.com\/\" target=\"_blank\" rel=\"noopener\">Maison Septembre<\/a> teinture v\u00e9g\u00e9tale)<br \/>\n1 photo imprim\u00e9e sur de la popeline de coton biologique \u00e0 broder<br \/>\n1 livret \u00ab\u00a0\u00e0 la carte\u00a0\u00bb expliquant tout ce que vous devez savoir<\/p>\n<p>N\u2019h\u00e9sitez pas \u00e0 me contacter avant ou apr\u00e8s avoir pass\u00e9 votre commande.<\/p>\n<p>Ce kit existe \u00e9galement en version \u00ab\u00a0Essentiels\u00a0\u00bb, incluant uniquement le tissu imprim\u00e9 \u00e0 broder et le livret explicatif. Pour trouver cette option, rendez-vous dans la cat\u00e9gorie du m\u00eame nom.<\/p>\n","protected":false},"excerpt":{"rendered":"<p>Ce kit de broderie contient tout ce dont vous avez besoin pour mener \u00e0 bien votre projet. Vous pourrez apprendre diff\u00e9rents points de broderie. Toutes les explications dont vous aurez [&hellip;]<\/p>\n","protected":false},"featured_media":6902,"comment_status":"open","ping_status":"closed","template":"","meta":{"jetpack_post_was_ever_published":false,"jetpack_publicize_message":"","jetpack_publicize_feature_enabled":true,"jetpack_social_post_already_shared":true,"jetpack_social_options":{"image_generator_settings":{"template":"highway","default_image_id":0,"font":"","enabled":false},"version":2}},"product_brand":[],"product_cat":[1593],"product_tag":[1620,601,1619,1487,1622,1621],"class_list":{"0":"post-6899","1":"product","2":"type-product","3":"status-publish","4":"has-post-thumbnail","6":"product_cat-projets-libres","7":"product_tag-art","8":"product_tag-broderie","9":"product_tag-coquelicot","10":"product_tag-kit-de-broderie","11":"product_tag-monet","12":"product_tag-peinture","13":"product_shipping_class-lettre","15":"first","16":"instock","17":"shipping-taxable","18":"purchasable","19":"product-type-simple"},"jetpack_publicize_connections":[],"jetpack_sharing_enabled":true,"_links":{"self":[{"href":"https:\/\/thecomptoir.com\/fr\/wp-json\/wp\/v2\/product\/6899","targetHints":{"allow":["GET"]}}],"collection":[{"href":"https:\/\/thecomptoir.com\/fr\/wp-json\/wp\/v2\/product"}],"about":[{"href":"https:\/\/thecomptoir.com\/fr\/wp-json\/wp\/v2\/types\/product"}],"replies":[{"embeddable":true,"href":"https:\/\/thecomptoir.com\/fr\/wp-json\/wp\/v2\/comments?post=6899"}],"wp:featuredmedia":[{"embeddable":true,"href":"https:\/\/thecomptoir.com\/fr\/wp-json\/wp\/v2\/media\/6902"}],"wp:attachment":[{"href":"https:\/\/thecomptoir.com\/fr\/wp-json\/wp\/v2\/media?parent=6899"}],"wp:term":[{"taxonomy":"product_brand","embeddable":true,"href":"https:\/\/thecomptoir.com\/fr\/wp-json\/wp\/v2\/product_brand?post=6899"},{"taxonomy":"product_cat","embeddable":true,"href":"https:\/\/thecomptoir.com\/fr\/wp-json\/wp\/v2\/product_cat?post=6899"},{"taxonomy":"product_tag","embeddable":true,"href":"https:\/\/thecomptoir.com\/fr\/wp-json\/wp\/v2\/product_tag?post=6899"}],"curies":[{"name":"wp","href":"https:\/\/api.w.org\/{rel}","templated":true}]}}