{"id":6809,"date":"2023-03-29T10:29:54","date_gmt":"2023-03-29T09:29:54","guid":{"rendered":"https:\/\/thecomptoir.com\/fr\/?post_type=product&#038;p=6809"},"modified":"2023-10-20T14:11:14","modified_gmt":"2023-10-20T13:11:14","slug":"kit-sur-bois-sororite","status":"publish","type":"product","link":"https:\/\/thecomptoir.com\/fr\/produit\/kit-sur-bois-sororite\/","title":{"rendered":"kit sur bois &#8211; SORORIT\u00c9"},"content":{"rendered":"<p>Ce kit est fait pour broder un projet simple et facile en apprenant 4 points de broderie. La broderie se fait sur un disque de bois qui a \u00e9t\u00e9 grav\u00e9 et s\u00e9rigraphi\u00e9, les deux par mois m\u00eame. Les trous sont bien-s\u00fbr d\u00e9j\u00e0 fait, vous n&rsquo;avez plus qu&rsquo;\u00e0 broder !<\/p>\n<h4>Dans ce kit<\/h4>\n<p>Dans ce kit vous trouverez tout ce dont vous aurez besoin pour r\u00e9aliser ce projet :<\/p>\n<ul>\n<li>1 disque en bois grav\u00e9 et s\u00e9rigraphi\u00e9 (par mes soins) de 10cm<\/li>\n<li>1 aiguille \u00e0 broder<\/li>\n<li>4 couleurs de fil \u00e0 broder (verts)<\/li>\n<li>l\u2019acc\u00e8s \u00e0 un tutoriel en ligne accompagn\u00e9 d&rsquo;une vid\u00e9o pour vous aider \u00e0 r\u00e9aliser ce projet<\/li>\n<\/ul>\n","protected":false},"excerpt":{"rendered":"[embed]https:\/\/www.youtube.com\/watch?v=zsiekYpUxRI&#038;t=340s&#038;ab_channel=EliseTheComptoir[\/embed]\n","protected":false},"featured_media":6803,"comment_status":"open","ping_status":"closed","template":"","meta":{"jetpack_post_was_ever_published":false,"jetpack_publicize_message":"","jetpack_publicize_feature_enabled":true,"jetpack_social_post_already_shared":true,"jetpack_social_options":{"image_generator_settings":{"template":"highway","default_image_id":0,"font":"","enabled":false},"version":2}},"product_brand":[],"product_cat":[1598],"product_tag":[1610],"class_list":{"0":"post-6809","1":"product","2":"type-product","3":"status-publish","4":"has-post-thumbnail","6":"product_cat-projets-sur-bois","7":"product_tag-broderie-sororite","8":"product_shipping_class-lettre","10":"first","11":"instock","12":"shipping-taxable","13":"purchasable","14":"product-type-simple"},"jetpack_publicize_connections":[],"jetpack_sharing_enabled":true,"_links":{"self":[{"href":"https:\/\/thecomptoir.com\/fr\/wp-json\/wp\/v2\/product\/6809","targetHints":{"allow":["GET"]}}],"collection":[{"href":"https:\/\/thecomptoir.com\/fr\/wp-json\/wp\/v2\/product"}],"about":[{"href":"https:\/\/thecomptoir.com\/fr\/wp-json\/wp\/v2\/types\/product"}],"replies":[{"embeddable":true,"href":"https:\/\/thecomptoir.com\/fr\/wp-json\/wp\/v2\/comments?post=6809"}],"wp:featuredmedia":[{"embeddable":true,"href":"https:\/\/thecomptoir.com\/fr\/wp-json\/wp\/v2\/media\/6803"}],"wp:attachment":[{"href":"https:\/\/thecomptoir.com\/fr\/wp-json\/wp\/v2\/media?parent=6809"}],"wp:term":[{"taxonomy":"product_brand","embeddable":true,"href":"https:\/\/thecomptoir.com\/fr\/wp-json\/wp\/v2\/product_brand?post=6809"},{"taxonomy":"product_cat","embeddable":true,"href":"https:\/\/thecomptoir.com\/fr\/wp-json\/wp\/v2\/product_cat?post=6809"},{"taxonomy":"product_tag","embeddable":true,"href":"https:\/\/thecomptoir.com\/fr\/wp-json\/wp\/v2\/product_tag?post=6809"}],"curies":[{"name":"wp","href":"https:\/\/api.w.org\/{rel}","templated":true}]}}