{"id":6795,"date":"2023-03-27T10:12:06","date_gmt":"2023-03-27T09:12:06","guid":{"rendered":"https:\/\/thecomptoir.com\/fr\/?post_type=product&#038;p=6795"},"modified":"2025-01-20T10:09:01","modified_gmt":"2025-01-20T09:09:01","slug":"6795","status":"publish","type":"product","link":"https:\/\/thecomptoir.com\/fr\/produit\/6795\/","title":{"rendered":"Mini kit d\u2019apprentissage de broderie 3 en 1 &#8211; Les Essentiels"},"content":{"rendered":"<p>Ce projet est n\u00e9 apr\u00e8s de nombreux ateliers que j\u2019ai fait pour les d\u00e9butants.<br \/>\nApr\u00e8s avoir essay\u00e9 de nombreuses fa\u00e7ons de donner \u00e0 mes \u00e9l\u00e8ves tous mes secrets et conseils pour commencer la broderie, j\u2019ai cr\u00e9\u00e9 le kit de broderie pour d\u00e9butant, aussi disponible sur ma boutique.<br \/>\nPuis j\u2019ai voulu proposer davantage de points de broderie \u00e0 apprendre. C\u2019est pourquoi j\u2019ai cr\u00e9\u00e9 les kits doubles, puis le triple et vous trouverez m\u00eame le quadruple en fouillant dans mon shop.<br \/>\nCe kit convient aux d\u00e9butants ou si vous voulez d\u00e9couvrir plus de points de broderie. Vous allez apprendre \u00e0 faire 30 points de broderie. Vous trouverez toutes les explications dont vous avez besoin dans les livrets qui accompagnent ce kit.<\/p>\n<p>Ce produit est la version \u00ab\u00a0all\u00e9g\u00e9e\u00a0\u00bb du kit quadruple \u00e9galement en vente sur ma boutique. \u00c0 vous de compl\u00e9ter le mat\u00e9riel n\u00e9cessaire avec ce que vous pourriez d\u00e9j\u00e0 avoir (tambours, fils et aiguilles).<\/p>\n<p>Ce kit de broderie comprend :<\/p>\n<p>3 mod\u00e8les imprim\u00e9s sur tissu pour apprendre les different points de broderie<br \/>\n3 livrets de 20, 24 et 28 pages agr\u00e9ment\u00e9 de photos afin de vous guider dans la r\u00e9alisation de ce projet<\/p>\n","protected":false},"excerpt":{"rendered":"<p>Ce projet est n\u00e9 apr\u00e8s de nombreux ateliers que j\u2019ai fait pour les d\u00e9butants. Apr\u00e8s avoir essay\u00e9 de nombreuses fa\u00e7ons de donner \u00e0 mes \u00e9l\u00e8ves tous mes secrets et conseils [&hellip;]<\/p>\n","protected":false},"featured_media":7297,"comment_status":"open","ping_status":"closed","template":"","meta":{"jetpack_post_was_ever_published":false,"jetpack_publicize_message":"","jetpack_publicize_feature_enabled":true,"jetpack_social_post_already_shared":true,"jetpack_social_options":{"image_generator_settings":{"template":"highway","default_image_id":0,"font":"","enabled":false},"version":2}},"product_brand":[],"product_cat":[1629,1595],"product_tag":[],"class_list":{"0":"post-6795","1":"product","2":"type-product","3":"status-publish","4":"has-post-thumbnail","6":"product_cat-les-essentiels","7":"product_cat-projets-dapprentissage","8":"product_shipping_class-lettre","10":"first","11":"instock","12":"shipping-taxable","13":"purchasable","14":"product-type-simple"},"jetpack_publicize_connections":[],"jetpack_sharing_enabled":true,"_links":{"self":[{"href":"https:\/\/thecomptoir.com\/fr\/wp-json\/wp\/v2\/product\/6795","targetHints":{"allow":["GET"]}}],"collection":[{"href":"https:\/\/thecomptoir.com\/fr\/wp-json\/wp\/v2\/product"}],"about":[{"href":"https:\/\/thecomptoir.com\/fr\/wp-json\/wp\/v2\/types\/product"}],"replies":[{"embeddable":true,"href":"https:\/\/thecomptoir.com\/fr\/wp-json\/wp\/v2\/comments?post=6795"}],"wp:featuredmedia":[{"embeddable":true,"href":"https:\/\/thecomptoir.com\/fr\/wp-json\/wp\/v2\/media\/7297"}],"wp:attachment":[{"href":"https:\/\/thecomptoir.com\/fr\/wp-json\/wp\/v2\/media?parent=6795"}],"wp:term":[{"taxonomy":"product_brand","embeddable":true,"href":"https:\/\/thecomptoir.com\/fr\/wp-json\/wp\/v2\/product_brand?post=6795"},{"taxonomy":"product_cat","embeddable":true,"href":"https:\/\/thecomptoir.com\/fr\/wp-json\/wp\/v2\/product_cat?post=6795"},{"taxonomy":"product_tag","embeddable":true,"href":"https:\/\/thecomptoir.com\/fr\/wp-json\/wp\/v2\/product_tag?post=6795"}],"curies":[{"name":"wp","href":"https:\/\/api.w.org\/{rel}","templated":true}]}}