{"id":6750,"date":"2023-03-23T14:54:32","date_gmt":"2023-03-23T13:54:32","guid":{"rendered":"https:\/\/thecomptoir.com\/fr\/?post_type=product&#038;p=6750"},"modified":"2023-09-07T19:34:17","modified_gmt":"2023-09-07T18:34:17","slug":"merveilleux-cheveux-kit-triple","status":"publish","type":"product","link":"https:\/\/thecomptoir.com\/fr\/produit\/merveilleux-cheveux-kit-triple\/","title":{"rendered":"Merveilleux cheveux &#8211; kit triple"},"content":{"rendered":"<p>La cr\u00e9ation de ce projet m\u2019a \u00e9t\u00e9 command\u00e9e par la boutique du Mus\u00e9e des Arts D\u00e9coratifs de Paris \u00e0 l\u2019occasion de l\u2019exposition \u201c<a href=\"https:\/\/madparis.fr\/cheveuxetpoils#:~:text=Du%205%20avril%20au%2017%20septembre%202023%2C%20le%20mus%C3%A9e%20des,poils%20dans%20le%20monde%20occidental.\" target=\"_blank\" rel=\"noopener\">Des poils et des cheveux<\/a>\u201d qui aura lieu du 5 avril au 17 septembre 2023.<\/p>\n<p>Ces projets de broderie sont des projets libres, si vous \u00eates d\u00e9butant.e.s, \u00e7a ne sera pas les projets les plus simples mais rien d\u2019insurmontable. Si vous \u00eates motiv\u00e9.e, vous y arriverez sans soucis !<\/p>\n<p>Dans ce kit vous trouverez tout ce dont vous aurez besoin pour r\u00e9aliser ces trois projets :<\/p>\n<ul>\n<li>3 tambours \u00e0 broder de 10cm<\/li>\n<li>3 photos \u00e0 broder imprim\u00e9e sur popeline de coton bio<\/li>\n<li>1 aiguille \u00e0 broder<\/li>\n<li>3 \u00e9chevette compl\u00e8te de fil + 6 autres couleurs de fil<\/li>\n<li>1 livret explicatif pour vous accompagner tout au long de votre projet<\/li>\n<\/ul>\n<p>Ce kit existe \u00e9galement en version \u00ab\u00a0Essentiels\u00a0\u00bb, incluant uniquement les 3 tissus imprim\u00e9s \u00e0 broder et le livret explicatif. Pour trouver cette option, rendez-vous dans la cat\u00e9gorie du m\u00eame nom.<\/p>\n","protected":false},"excerpt":{"rendered":"<p>La cr\u00e9ation de ce projet m\u2019a \u00e9t\u00e9 command\u00e9e par la boutique du Mus\u00e9e des Arts D\u00e9coratifs de Paris \u00e0 l\u2019occasion de l\u2019exposition \u201cDes poils et des cheveux\u201d qui aura lieu [&hellip;]<\/p>\n","protected":false},"featured_media":6734,"comment_status":"open","ping_status":"closed","template":"","meta":{"jetpack_post_was_ever_published":false,"jetpack_publicize_message":"","jetpack_publicize_feature_enabled":true,"jetpack_social_post_already_shared":true,"jetpack_social_options":{"image_generator_settings":{"template":"highway","default_image_id":0,"font":"","enabled":false},"version":2}},"product_brand":[],"product_cat":[1593],"product_tag":[601,1609,1367],"class_list":{"0":"post-6750","1":"product","2":"type-product","3":"status-publish","4":"has-post-thumbnail","6":"product_cat-projets-libres","7":"product_tag-broderie","8":"product_tag-broderie-cheveux","9":"product_tag-diy","10":"product_shipping_class-lettre","12":"first","13":"instock","14":"shipping-taxable","15":"purchasable","16":"product-type-simple"},"jetpack_publicize_connections":[],"jetpack_sharing_enabled":true,"_links":{"self":[{"href":"https:\/\/thecomptoir.com\/fr\/wp-json\/wp\/v2\/product\/6750","targetHints":{"allow":["GET"]}}],"collection":[{"href":"https:\/\/thecomptoir.com\/fr\/wp-json\/wp\/v2\/product"}],"about":[{"href":"https:\/\/thecomptoir.com\/fr\/wp-json\/wp\/v2\/types\/product"}],"replies":[{"embeddable":true,"href":"https:\/\/thecomptoir.com\/fr\/wp-json\/wp\/v2\/comments?post=6750"}],"wp:featuredmedia":[{"embeddable":true,"href":"https:\/\/thecomptoir.com\/fr\/wp-json\/wp\/v2\/media\/6734"}],"wp:attachment":[{"href":"https:\/\/thecomptoir.com\/fr\/wp-json\/wp\/v2\/media?parent=6750"}],"wp:term":[{"taxonomy":"product_brand","embeddable":true,"href":"https:\/\/thecomptoir.com\/fr\/wp-json\/wp\/v2\/product_brand?post=6750"},{"taxonomy":"product_cat","embeddable":true,"href":"https:\/\/thecomptoir.com\/fr\/wp-json\/wp\/v2\/product_cat?post=6750"},{"taxonomy":"product_tag","embeddable":true,"href":"https:\/\/thecomptoir.com\/fr\/wp-json\/wp\/v2\/product_tag?post=6750"}],"curies":[{"name":"wp","href":"https:\/\/api.w.org\/{rel}","templated":true}]}}