{"id":6683,"date":"2023-02-23T16:12:53","date_gmt":"2023-02-23T15:12:53","guid":{"rendered":"https:\/\/thecomptoir.com\/fr\/?post_type=product&#038;p=6683"},"modified":"2026-02-16T14:57:09","modified_gmt":"2026-02-16T13:57:09","slug":"kit-de-broderie-dirty-dancing","status":"publish","type":"product","link":"https:\/\/thecomptoir.com\/fr\/produit\/kit-de-broderie-dirty-dancing\/","title":{"rendered":"kit de broderie &#8211; Dirty Dancing"},"content":{"rendered":"<p>Ce projet de broderie est un projet libre, ce qui veut dire qu&rsquo;aucune information ne vous guidera \u00e0 la r\u00e9alisation de ce projet MAIS vous trouverez toutes les informations n\u00e9cessaires (y compris le pas \u00e0 pas pour r\u00e9aliser plusieurs points) dans le livret qui accompagne le kit.<\/p>\n<p>Dans ce kit vous trouverez tout ce dont vous aurez besoin pour r\u00e9aliser ce projet :<\/p>\n<ul>\n<li>1 tambour \u00e0 broder de 10cm<\/li>\n<li>1 photo \u00e0 broder imprim\u00e9e sur popeline de coton bio<\/li>\n<li>1 aiguille \u00e0 broder<\/li>\n<li>4 couleurs de fil \u00e0 broder<\/li>\n<li>1 livret explicatif pour vous accompagner tout au long de votre projet (le livret du kit \u00ab\u00a0\u00e0 la carte\u00a0\u00bb)<\/li>\n<\/ul>\n","protected":false},"excerpt":{"rendered":"<p>Ce projet de broderie est un projet libre, ce qui veut dire qu&rsquo;aucune information ne vous guidera \u00e0 la r\u00e9alisation de ce projet MAIS vous trouverez toutes les informations n\u00e9cessaires [&hellip;]<\/p>\n","protected":false},"featured_media":6701,"comment_status":"open","ping_status":"closed","template":"","meta":{"jetpack_post_was_ever_published":false,"jetpack_publicize_message":"","jetpack_publicize_feature_enabled":true,"jetpack_social_post_already_shared":true,"jetpack_social_options":{"image_generator_settings":{"template":"highway","default_image_id":0,"font":"","enabled":false},"version":2}},"product_brand":[],"product_cat":[1593],"product_tag":[],"class_list":{"0":"post-6683","1":"product","2":"type-product","3":"status-publish","4":"has-post-thumbnail","6":"product_cat-projets-libres","8":"first","9":"instock","10":"shipping-taxable","11":"purchasable","12":"product-type-simple"},"jetpack_publicize_connections":[],"jetpack_sharing_enabled":true,"_links":{"self":[{"href":"https:\/\/thecomptoir.com\/fr\/wp-json\/wp\/v2\/product\/6683","targetHints":{"allow":["GET"]}}],"collection":[{"href":"https:\/\/thecomptoir.com\/fr\/wp-json\/wp\/v2\/product"}],"about":[{"href":"https:\/\/thecomptoir.com\/fr\/wp-json\/wp\/v2\/types\/product"}],"replies":[{"embeddable":true,"href":"https:\/\/thecomptoir.com\/fr\/wp-json\/wp\/v2\/comments?post=6683"}],"wp:featuredmedia":[{"embeddable":true,"href":"https:\/\/thecomptoir.com\/fr\/wp-json\/wp\/v2\/media\/6701"}],"wp:attachment":[{"href":"https:\/\/thecomptoir.com\/fr\/wp-json\/wp\/v2\/media?parent=6683"}],"wp:term":[{"taxonomy":"product_brand","embeddable":true,"href":"https:\/\/thecomptoir.com\/fr\/wp-json\/wp\/v2\/product_brand?post=6683"},{"taxonomy":"product_cat","embeddable":true,"href":"https:\/\/thecomptoir.com\/fr\/wp-json\/wp\/v2\/product_cat?post=6683"},{"taxonomy":"product_tag","embeddable":true,"href":"https:\/\/thecomptoir.com\/fr\/wp-json\/wp\/v2\/product_tag?post=6683"}],"curies":[{"name":"wp","href":"https:\/\/api.w.org\/{rel}","templated":true}]}}