{"id":6672,"date":"2023-02-23T14:24:40","date_gmt":"2023-02-23T13:24:40","guid":{"rendered":"https:\/\/thecomptoir.com\/fr\/?post_type=product&#038;p=6672"},"modified":"2023-11-25T19:48:19","modified_gmt":"2023-11-25T18:48:19","slug":"kit-de-broderie-genitals-party-pre-commande","status":"publish","type":"product","link":"https:\/\/thecomptoir.com\/fr\/produit\/kit-de-broderie-genitals-party-pre-commande\/","title":{"rendered":"kit de broderie \u2013 Genitals Party"},"content":{"rendered":"<p><strong>This kit is available in French or English.<\/strong><\/p>\n<p><strong>Ce kit est disponible en fran\u00e7ais ou en anglais.<\/strong><\/p>\n<p>Si vous connaissez mon travail, vous savez que le design du Cuterus est vraiment ma marque de fabrique et je ne compte plus le nombre de fois que je l\u2019ai brod\u00e9. Depuis 4 ans que le kit du Cuterus existe, et 1 an pour le kit FarPhallus, il \u00e9tait temps de finaliser cette famille de kits. Vous l\u2019avez attendu, le kit Clit&amp;Stitch est l\u00e0 et avec lui plein de d\u00e9clainaisons.<br \/>\nCe kit est fait pour r\u00e9aliser trois broderies. Tout comme le kit Cuterus est fait pour c\u00e9l\u00e9brer la femme, son corps, son parcours, qu\u2019elle soit nait ainsi ou non, le kit Phallus porte exactement le m\u00eame message tout comme le kit Clit&amp;Stitch.<\/p>\n<p>En fait les kits Farphallus, Cuterus ou Clit&amp;Stitch existent en kit simple, comprenant de quoi faire un projet, mais ils existent aussi en kit double : 2 Cuterus, 2 Farphallus, 1 de chaque ou 1 Cuterus et 1 Clit&amp;Stitch. Pour voir ces autres fiches produit, n\u2019h\u00e9sitez pas \u00e0 regarder l\u2019ensemble de la section \u201cprojets guid\u00e9s\u201d dans mon shop.<\/p>\n<p>Ce projet de broderie est un projet guid\u00e9, il conviendra donc tr\u00e8s bien aux d\u00e9butant.e.s.<\/p>\n<p>Dans ce kit vous trouverez tout ce dont vous aurez besoin pour r\u00e9aliser ces trois projets :<\/p>\n<ul>\n<li>3 tambours \u00e0 broder de 10cm<\/li>\n<li>3 designs imprim\u00e9s sur tissu sur popeline de coton biologique (\u00e0 broder)<\/li>\n<li>1 aiguille \u00e0 broder<\/li>\n<li>4 couleurs de fil \u00e0 broder<\/li>\n<li>3 livrets explicatifs pour vous accompagner tout au long de votre projet<\/li>\n<\/ul>\n<p>Ce kit existe \u00e9galement en version \u00ab\u00a0Essentiels\u00a0\u00bb, incluant uniquement les 3 tissus imprim\u00e9s \u00e0 broder et le livret explicatif. Pour trouver cette option, rendez-vous dans la cat\u00e9gorie du m\u00eame nom.<\/p>\n","protected":false},"excerpt":{"rendered":"<p>This kit is available in French or English. Ce kit est disponible en fran\u00e7ais ou en anglais. Si vous connaissez mon travail, vous savez que le design du Cuterus est [&hellip;]<\/p>\n","protected":false},"featured_media":6673,"comment_status":"open","ping_status":"closed","template":"","meta":{"jetpack_post_was_ever_published":false,"jetpack_publicize_message":"","jetpack_publicize_feature_enabled":true,"jetpack_social_post_already_shared":true,"jetpack_social_options":{"image_generator_settings":{"template":"highway","default_image_id":0,"font":"","enabled":false},"version":2}},"product_brand":[],"product_cat":[1594],"product_tag":[601,1607,1527,1367,1606,1605,1487],"class_list":{"0":"post-6672","1":"product","2":"type-product","3":"status-publish","4":"has-post-thumbnail","6":"product_cat-projets-guides","7":"product_tag-broderie","8":"product_tag-clitoris","9":"product_tag-cuterus","10":"product_tag-diy","11":"product_tag-feminisme","12":"product_tag-feministe","13":"product_tag-kit-de-broderie","15":"first","16":"instock","17":"shipping-taxable","18":"purchasable","19":"product-type-simple"},"jetpack_publicize_connections":[],"jetpack_sharing_enabled":true,"_links":{"self":[{"href":"https:\/\/thecomptoir.com\/fr\/wp-json\/wp\/v2\/product\/6672","targetHints":{"allow":["GET"]}}],"collection":[{"href":"https:\/\/thecomptoir.com\/fr\/wp-json\/wp\/v2\/product"}],"about":[{"href":"https:\/\/thecomptoir.com\/fr\/wp-json\/wp\/v2\/types\/product"}],"replies":[{"embeddable":true,"href":"https:\/\/thecomptoir.com\/fr\/wp-json\/wp\/v2\/comments?post=6672"}],"wp:featuredmedia":[{"embeddable":true,"href":"https:\/\/thecomptoir.com\/fr\/wp-json\/wp\/v2\/media\/6673"}],"wp:attachment":[{"href":"https:\/\/thecomptoir.com\/fr\/wp-json\/wp\/v2\/media?parent=6672"}],"wp:term":[{"taxonomy":"product_brand","embeddable":true,"href":"https:\/\/thecomptoir.com\/fr\/wp-json\/wp\/v2\/product_brand?post=6672"},{"taxonomy":"product_cat","embeddable":true,"href":"https:\/\/thecomptoir.com\/fr\/wp-json\/wp\/v2\/product_cat?post=6672"},{"taxonomy":"product_tag","embeddable":true,"href":"https:\/\/thecomptoir.com\/fr\/wp-json\/wp\/v2\/product_tag?post=6672"}],"curies":[{"name":"wp","href":"https:\/\/api.w.org\/{rel}","templated":true}]}}