{"id":6661,"date":"2023-02-22T15:14:04","date_gmt":"2023-02-22T14:14:04","guid":{"rendered":"https:\/\/thecomptoir.com\/fr\/?post_type=product&#038;p=6661"},"modified":"2025-01-20T11:21:53","modified_gmt":"2025-01-20T10:21:53","slug":"kit-de-broderie-clitstitch-pre-commande","status":"publish","type":"product","link":"https:\/\/thecomptoir.com\/fr\/produit\/kit-de-broderie-clitstitch-pre-commande\/","title":{"rendered":"kit de broderie &#8211; Clit&#038;Stitch"},"content":{"rendered":"<p><strong>This kit is available in French or English.<\/strong><\/p>\n<p><strong>Ce kit est disponible en fran\u00e7ais ou en anglais.<\/strong><\/p>\n<p>Si vous connaissez mon travail, vous savez que le design du Cuterus est vraiment ma marque de fabrique et je ne compte plus le nombre de fois que je l\u2019ai brod\u00e9. Depuis 4 ans que le kit du Cuterus existe, et 1 an pour le kit FarPhallus, il \u00e9tait temps de finaliser cette famille de kits. Vous l&rsquo;avez attendu, le kit Clit&amp;Stitch est l\u00e0 !<br \/>\nCe kit est fait pour r\u00e9aliser une broderie. Tout comme le kit Cuterus est fait pour c\u00e9l\u00e9brer la femme, son corps, son parcours, qu&rsquo;elle soit nait ainsi ou non, le kit Phallus porte exactement le m\u00eame message tout comme le kit Clit&amp;Stitch. Et avec les autres kits de cette s\u00e9rie, vous pouvez m\u00eame choisir l&rsquo;option de couple (si vous le d\u00e9sirez) de votre choix voire m\u00eame le kit triple. En fait les kits Farphallus, Cuterus ou celui-ci existent en kit simple, comprenant de quoi faire un projet, mais ils existent aussi en kit double : 2 Cuterus, 2 Farphallus, 1 de chaque ou 1 Cuterus et 1 Clit&amp;Stitch. Pour voir ces autres fiches produit, n&rsquo;h\u00e9sitez pas \u00e0 regarder l&rsquo;ensemble de la section \u00ab\u00a0projets guid\u00e9s\u00a0\u00bb dans mon shop.<\/p>\n<p>Ce projet de broderie est un projet guid\u00e9, il conviendra donc tr\u00e8s bien aux d\u00e9butant.e.s.<\/p>\n<p>Dans ce kit vous trouverez tout ce dont vous aurez besoin pour r\u00e9aliser ce projet :<\/p>\n<ul>\n<li>1 tambour \u00e0 broder de 10cm<\/li>\n<li>1 design imprim\u00e9 sur tissu (\u00e0 broder)<\/li>\n<li>1 aiguille \u00e0 broder<\/li>\n<li>4 couleurs de fil \u00e0 broder<\/li>\n<li>1 livret explicatif pour vous accompagner tout au long de votre projet<\/li>\n<\/ul>\n<p>&nbsp;<\/p>\n","protected":false},"excerpt":{"rendered":"<p>This kit is available in French or English. Ce kit est disponible en fran\u00e7ais ou en anglais. Si vous connaissez mon travail, vous savez que le design du Cuterus est [&hellip;]<\/p>\n","protected":false},"featured_media":6662,"comment_status":"open","ping_status":"closed","template":"","meta":{"jetpack_publicize_message":"","jetpack_publicize_feature_enabled":true,"jetpack_social_post_already_shared":true,"jetpack_social_options":{"image_generator_settings":{"template":"highway","default_image_id":0,"font":"","enabled":false},"version":2}},"product_brand":[],"product_cat":[1594],"product_tag":[601,1607,1367,1487],"class_list":{"0":"post-6661","1":"product","2":"type-product","3":"status-publish","4":"has-post-thumbnail","6":"product_cat-projets-guides","7":"product_tag-broderie","8":"product_tag-clitoris","9":"product_tag-diy","10":"product_tag-kit-de-broderie","12":"first","13":"instock","14":"shipping-taxable","15":"purchasable","16":"product-type-simple"},"jetpack_publicize_connections":[],"jetpack_sharing_enabled":true,"_links":{"self":[{"href":"https:\/\/thecomptoir.com\/fr\/wp-json\/wp\/v2\/product\/6661","targetHints":{"allow":["GET"]}}],"collection":[{"href":"https:\/\/thecomptoir.com\/fr\/wp-json\/wp\/v2\/product"}],"about":[{"href":"https:\/\/thecomptoir.com\/fr\/wp-json\/wp\/v2\/types\/product"}],"replies":[{"embeddable":true,"href":"https:\/\/thecomptoir.com\/fr\/wp-json\/wp\/v2\/comments?post=6661"}],"wp:featuredmedia":[{"embeddable":true,"href":"https:\/\/thecomptoir.com\/fr\/wp-json\/wp\/v2\/media\/6662"}],"wp:attachment":[{"href":"https:\/\/thecomptoir.com\/fr\/wp-json\/wp\/v2\/media?parent=6661"}],"wp:term":[{"taxonomy":"product_brand","embeddable":true,"href":"https:\/\/thecomptoir.com\/fr\/wp-json\/wp\/v2\/product_brand?post=6661"},{"taxonomy":"product_cat","embeddable":true,"href":"https:\/\/thecomptoir.com\/fr\/wp-json\/wp\/v2\/product_cat?post=6661"},{"taxonomy":"product_tag","embeddable":true,"href":"https:\/\/thecomptoir.com\/fr\/wp-json\/wp\/v2\/product_tag?post=6661"}],"curies":[{"name":"wp","href":"https:\/\/api.w.org\/{rel}","templated":true}]}}