{"id":6651,"date":"2023-02-22T13:56:44","date_gmt":"2023-02-22T12:56:44","guid":{"rendered":"https:\/\/thecomptoir.com\/fr\/?post_type=product&#038;p=6651"},"modified":"2026-02-16T14:45:37","modified_gmt":"2026-02-16T13:45:37","slug":"elle-etait-une-fois-kit-de-broderie","status":"publish","type":"product","link":"https:\/\/thecomptoir.com\/fr\/produit\/elle-etait-une-fois-kit-de-broderie\/","title":{"rendered":"Elle \u00e9tait une fois &#8211; kit de broderie"},"content":{"rendered":"<h4>This kit is only available in French.<\/h4>\n<p>Ce kit comprend:<br \/>\n-1 cercle \u00e0 broder des 15 cm<br \/>\n-1 photo \u00e0 broder imprim\u00e9e sur popeline de coton bio<br \/>\n-1 aiguille \u00e0 broder<br \/>\n-3 couleurs de fil \u00e0 broder<br \/>\n-1 livret explicatif pour vous accompagner dans la r\u00e9alisation de ce projet<\/p>\n<p>Ce kit conviendra tr\u00e8s bien aux d\u00e9butants.es, mais \u00e9galement \u00e0 celleux qui sont d\u00e9j\u00e0 \u00e0 l\u2019aise pour broder.<br \/>\nDans le livret, vous trouver les explications pour apprendre 6 points de broderie : le point de noeud, le point arri\u00e8re et le point arri\u00e8re surjet\u00e9, le point de bouclette, le point d\u2019araign\u00e9e et le point de brique.<\/p>\n","protected":false},"excerpt":{"rendered":"[embed]https:\/\/www.youtube.com\/watch?v=w25_qh2KyHI&#038;ab_channel=EliseTheComptoir[\/embed]\n","protected":false},"featured_media":6654,"comment_status":"open","ping_status":"closed","template":"","meta":{"jetpack_post_was_ever_published":false,"jetpack_publicize_message":"","jetpack_publicize_feature_enabled":true,"jetpack_social_post_already_shared":true,"jetpack_social_options":{"image_generator_settings":{"template":"highway","default_image_id":0,"font":"","enabled":false},"version":2}},"product_brand":[],"product_cat":[1594],"product_tag":[1367,1606,1487],"class_list":{"0":"post-6651","1":"product","2":"type-product","3":"status-publish","4":"has-post-thumbnail","6":"product_cat-projets-guides","7":"product_tag-diy","8":"product_tag-feminisme","9":"product_tag-kit-de-broderie","10":"product_shipping_class-lettre","12":"first","13":"instock","14":"shipping-taxable","15":"purchasable","16":"product-type-simple"},"jetpack_publicize_connections":[],"jetpack_sharing_enabled":true,"_links":{"self":[{"href":"https:\/\/thecomptoir.com\/fr\/wp-json\/wp\/v2\/product\/6651","targetHints":{"allow":["GET"]}}],"collection":[{"href":"https:\/\/thecomptoir.com\/fr\/wp-json\/wp\/v2\/product"}],"about":[{"href":"https:\/\/thecomptoir.com\/fr\/wp-json\/wp\/v2\/types\/product"}],"replies":[{"embeddable":true,"href":"https:\/\/thecomptoir.com\/fr\/wp-json\/wp\/v2\/comments?post=6651"}],"wp:featuredmedia":[{"embeddable":true,"href":"https:\/\/thecomptoir.com\/fr\/wp-json\/wp\/v2\/media\/6654"}],"wp:attachment":[{"href":"https:\/\/thecomptoir.com\/fr\/wp-json\/wp\/v2\/media?parent=6651"}],"wp:term":[{"taxonomy":"product_brand","embeddable":true,"href":"https:\/\/thecomptoir.com\/fr\/wp-json\/wp\/v2\/product_brand?post=6651"},{"taxonomy":"product_cat","embeddable":true,"href":"https:\/\/thecomptoir.com\/fr\/wp-json\/wp\/v2\/product_cat?post=6651"},{"taxonomy":"product_tag","embeddable":true,"href":"https:\/\/thecomptoir.com\/fr\/wp-json\/wp\/v2\/product_tag?post=6651"}],"curies":[{"name":"wp","href":"https:\/\/api.w.org\/{rel}","templated":true}]}}