{"id":6557,"date":"2023-01-25T11:02:41","date_gmt":"2023-01-25T10:02:41","guid":{"rendered":"https:\/\/thecomptoir.com\/fr\/?post_type=product&#038;p=6557"},"modified":"2025-01-18T12:18:29","modified_gmt":"2025-01-18T11:18:29","slug":"prevente-livre-points-et-poings-leves","status":"publish","type":"product","link":"https:\/\/thecomptoir.com\/fr\/produit\/prevente-livre-points-et-poings-leves\/","title":{"rendered":"Mon livre &#8211; Points et poings lev\u00e9s"},"content":{"rendered":"<h3>R\u00e9sum\u00e9 :<\/h3>\n<p>Dans ce livre, \u00c9lise de The Comptoir vous propose 28 projets de broderie engag\u00e9e \u00e0 r\u00e9aliser. Vous pourrez vous essayer \u00e0 des techniques classiques \u2013 mais d\u00e9poussi\u00e9r\u00e9es \u2013 comme le point de croix et la broderie sur tissu. Vous y trouverez \u00e9galement 10 projets \u00e0 r\u00e9aliser sur photographies papier (incluses dans<br \/>\ncet ouvrage). Toutes les informations techniques dont vous pourriez avoir besoin, particuli\u00e8rement si vous \u00eates novice, sont \u00e9galement \u00e0 d\u00e9couvrir dans le cahier technique.<br \/>\nAu-del\u00e0 de vous offrir la possibilit\u00e9 de r\u00e9aliser ces cr\u00e9ations, \u00c9lise vous invite \u00e0 vous questionner tout en brodant sur des sujets qui nous animent au quotidien autour de la lutte f\u00e9ministe tels que l\u2019\u00e9cologie, la maternit\u00e9, la parentalit\u00e9, la sororit\u00e9, la grossophobie, le joug du patriarcat, la tol\u00e9rance, et bien plus encore,<br \/>\net ce peu importe vos origines, votre genre et votre \u00e2ge.<\/p>\n<p>&nbsp;<\/p>\n","protected":false},"excerpt":{"rendered":"[embed]https:\/\/www.youtube.com\/watch?v=et3XlLEzN9Y&#038;t=429s[\/embed]\n<p>Fabriqu\u00e9 en France &#8211; 16 projets de broderie f\u00e9ministe et 10 cartes \u00e0 broder<\/p>\n<p>livre broch\u00e9<\/p>\n<p><strong>Les exp\u00e9ditions commenceront la premi\u00e8re semaine de f\u00e9vrier<\/strong><\/p>\n","protected":false},"featured_media":6559,"comment_status":"open","ping_status":"closed","template":"","meta":{"jetpack_post_was_ever_published":false,"jetpack_publicize_message":"","jetpack_publicize_feature_enabled":true,"jetpack_social_post_already_shared":true,"jetpack_social_options":{"image_generator_settings":{"template":"highway","default_image_id":0,"font":"","enabled":false},"version":2}},"product_brand":[],"product_cat":[1603],"product_tag":[601,1606,1605,1604],"class_list":{"0":"post-6557","1":"product","2":"type-product","3":"status-publish","4":"has-post-thumbnail","6":"product_cat-mon-livre","7":"product_tag-broderie","8":"product_tag-feminisme","9":"product_tag-feministe","10":"product_tag-livre","11":"product_shipping_class-lettre","13":"first","14":"instock","15":"shipping-taxable","16":"purchasable","17":"product-type-simple"},"jetpack_publicize_connections":[],"jetpack_sharing_enabled":true,"_links":{"self":[{"href":"https:\/\/thecomptoir.com\/fr\/wp-json\/wp\/v2\/product\/6557","targetHints":{"allow":["GET"]}}],"collection":[{"href":"https:\/\/thecomptoir.com\/fr\/wp-json\/wp\/v2\/product"}],"about":[{"href":"https:\/\/thecomptoir.com\/fr\/wp-json\/wp\/v2\/types\/product"}],"replies":[{"embeddable":true,"href":"https:\/\/thecomptoir.com\/fr\/wp-json\/wp\/v2\/comments?post=6557"}],"wp:featuredmedia":[{"embeddable":true,"href":"https:\/\/thecomptoir.com\/fr\/wp-json\/wp\/v2\/media\/6559"}],"wp:attachment":[{"href":"https:\/\/thecomptoir.com\/fr\/wp-json\/wp\/v2\/media?parent=6557"}],"wp:term":[{"taxonomy":"product_brand","embeddable":true,"href":"https:\/\/thecomptoir.com\/fr\/wp-json\/wp\/v2\/product_brand?post=6557"},{"taxonomy":"product_cat","embeddable":true,"href":"https:\/\/thecomptoir.com\/fr\/wp-json\/wp\/v2\/product_cat?post=6557"},{"taxonomy":"product_tag","embeddable":true,"href":"https:\/\/thecomptoir.com\/fr\/wp-json\/wp\/v2\/product_tag?post=6557"}],"curies":[{"name":"wp","href":"https:\/\/api.w.org\/{rel}","templated":true}]}}