{"id":6431,"date":"2022-12-09T12:03:25","date_gmt":"2022-12-09T11:03:25","guid":{"rendered":"https:\/\/thecomptoir.com\/fr\/?post_type=product&#038;p=6431"},"modified":"2023-02-01T18:45:11","modified_gmt":"2023-02-01T17:45:11","slug":"in-your-face-kit-sur-papier","status":"publish","type":"product","link":"https:\/\/thecomptoir.com\/fr\/produit\/in-your-face-kit-sur-papier\/","title":{"rendered":"In your face &#8211; kit sur papier"},"content":{"rendered":"<p>envoi \u00e0 partir du 16 d\u00e9cembre<\/p>\n<p>&nbsp;<\/p>\n<p><strong>In English<\/strong><\/p>\n<p>If you follow me on Instagram (@thecomptoir) you know that I love making embroideries on paper, more than on fabric. I am using this technic daily and I am happy for finally being able to share it with you. Yes, that\u2019s correct, I am making embroidery on paper kits !<br \/>\nThis project is a free project, that means that you\u2019ll not find any indications on the picture, be creative! I am explaining all the basics including how to make the different stitches in a tutorial video coming with the kit.<\/p>\n<p>This project is a beginner friendly project, I am here to help if you have any questions.<\/p>\n<p>This kit includes:<br \/>\n1 picture to embroider printed on a A4 paper<br \/>\n1 template sheet to exercise<br \/>\n1 guide page<br \/>\n1 embroidery needle<br \/>\n5 colors of embroidery flosses<br \/>\n1 online tutorial<\/p>\n<p>All papers are coming from an eco-friendly printing company working only with 100% recycled paper.<\/p>\n<p><strong>En fran\u00e7ais<\/strong><\/p>\n<p>Si vous me suivez sur Instagram @thecomptoir vous savez que j\u2019adore broder le papier, bien plus que le tissu. C\u2019est une technique que j\u2019utilise quotidiennement dans mes cr\u00e9ations et je suis contente de pouvoir enfin partager \u00e7a avec vous. Vous avez bien lu, je sors des kits de broderie sur papier !<br \/>\nCe projet est un projet libre, ce qui signifie que vous ne trouverez aucune indication de broderie sur la photo. Tous les points de broderie sont expliqu\u00e9s dans le tutoriel vid\u00e9o qui accompagne le kit.<\/p>\n<p>Ce projet est tout \u00e0 fait \u00e0 la port\u00e9e des d\u00e9butant.e.s, je suis l\u00e0 pour vous accompagner et pour que vous puissiez mener \u00e0 bien ce projet.<\/p>\n<p>Ce kit comprend :<br \/>\n1 photo \u00e0 broder sur une feuille A4<br \/>\n1 page d\u2019exercice<br \/>\n1 page guide<br \/>\n1 aiguille \u00e0 broder<br \/>\n5 couleurs de fil \u00e0 broder<br \/>\nun tutoriel en ligne<\/p>\n<p>Tous les papiers utilis\u00e9s pour ce kit sont des papiers faits 100% de papiers recycl\u00e9s et sont imprim\u00e9s par une imprimerie \u00e9co-responsable.<\/p>\n","protected":false},"excerpt":{"rendered":"<p>envoi \u00e0 partir du 16 d\u00e9cembre &nbsp; In English If you follow me on Instagram (@thecomptoir) you know that I love making embroideries on paper, more than on fabric. I [&hellip;]<\/p>\n","protected":false},"featured_media":6432,"comment_status":"open","ping_status":"closed","template":"","meta":{"jetpack_post_was_ever_published":false,"jetpack_publicize_message":"","jetpack_publicize_feature_enabled":true,"jetpack_social_post_already_shared":true,"jetpack_social_options":{"image_generator_settings":{"template":"highway","default_image_id":0,"font":"","enabled":false},"version":2}},"product_brand":[],"product_cat":[1596],"product_tag":[],"class_list":{"0":"post-6431","1":"product","2":"type-product","3":"status-publish","4":"has-post-thumbnail","6":"product_cat-projets-sur-papier","8":"first","9":"instock","10":"shipping-taxable","11":"purchasable","12":"product-type-simple"},"jetpack_publicize_connections":[],"jetpack_sharing_enabled":true,"_links":{"self":[{"href":"https:\/\/thecomptoir.com\/fr\/wp-json\/wp\/v2\/product\/6431","targetHints":{"allow":["GET"]}}],"collection":[{"href":"https:\/\/thecomptoir.com\/fr\/wp-json\/wp\/v2\/product"}],"about":[{"href":"https:\/\/thecomptoir.com\/fr\/wp-json\/wp\/v2\/types\/product"}],"replies":[{"embeddable":true,"href":"https:\/\/thecomptoir.com\/fr\/wp-json\/wp\/v2\/comments?post=6431"}],"wp:featuredmedia":[{"embeddable":true,"href":"https:\/\/thecomptoir.com\/fr\/wp-json\/wp\/v2\/media\/6432"}],"wp:attachment":[{"href":"https:\/\/thecomptoir.com\/fr\/wp-json\/wp\/v2\/media?parent=6431"}],"wp:term":[{"taxonomy":"product_brand","embeddable":true,"href":"https:\/\/thecomptoir.com\/fr\/wp-json\/wp\/v2\/product_brand?post=6431"},{"taxonomy":"product_cat","embeddable":true,"href":"https:\/\/thecomptoir.com\/fr\/wp-json\/wp\/v2\/product_cat?post=6431"},{"taxonomy":"product_tag","embeddable":true,"href":"https:\/\/thecomptoir.com\/fr\/wp-json\/wp\/v2\/product_tag?post=6431"}],"curies":[{"name":"wp","href":"https:\/\/api.w.org\/{rel}","templated":true}]}}