{"id":6169,"date":"2022-10-20T18:06:15","date_gmt":"2022-10-20T17:06:15","guid":{"rendered":"https:\/\/thecomptoir.com\/fr\/?post_type=product&#038;p=6169"},"modified":"2026-02-16T15:01:01","modified_gmt":"2026-02-16T14:01:01","slug":"kit-de-broderie-a-la-carte","status":"publish","type":"product","link":"https:\/\/thecomptoir.com\/fr\/produit\/kit-de-broderie-a-la-carte\/","title":{"rendered":"kit de broderie \u00ab\u00a0\u00c0 la carte\u00a0\u00bb"},"content":{"rendered":"<p class=\"p3\"><span class=\"s1\">Broder sur photo est quelque chose que j&rsquo;adore et qui est au coeur m\u00eame de chacune de mes cr\u00e9ations. Il n&rsquo;y a pas de raison que je sois la seule \u00e0 avoir ce plaisir. Aujourd&rsquo;hui, je vous propose de composer votre propre kit de broderie personnalis\u00e9 ! Que ce soit pour offrir ou pour vous m\u00eame, ce kit peut \u00eatre le parfait moyen de broder et de cr\u00e9er une oeuvre unique \u00e0 la hauteur de vos souvenirs.<\/span><\/p>\n<p>La photo sera adapt\u00e9e \u00e0 la taille du tambour que vous commanderez. La photo sera laiss\u00e9e dans le format (portrait, paysage, rond, carr\u00e9) que vous m&rsquo;enverrez. Si vous pr\u00e9f\u00e9rez que la photo soit redimensionn\u00e9e, n&rsquo;h\u00e9sitez pas \u00e0 me le sp\u00e9cifier au moment de m&rsquo;envoyer la photo par email (cf \u00ab\u00a0marche \u00e0 suivre\u00a0\u00bb).<\/p>\n<p class=\"p5\"><span class=\"s1\"><b>Ce kit contient :<\/b><\/span><\/p>\n<p class=\"p6\"><span class=\"s1\">Comme dans tous les kits que je propose, celui-ci sera compos\u00e9 de tout le mat\u00e9riel n\u00e9cessaire pour r\u00e9aliser votre projet :<\/span><\/p>\n<ul class=\"ul1\">\n<li class=\"li7\"><span class=\"s1\">1 tambour de 12cm, 19 cm ou 22 cm<\/span><\/li>\n<li class=\"li7\"><span class=\"s1\">1 aiguille \u00e0 broder<\/span><\/li>\n<li class=\"li7\"><span class=\"s1\">1 livret explicatif<\/span><\/li>\n<li class=\"li7\"><span class=\"s1\">3 \u00e9chevettes de fil DMC<\/span><\/li>\n<\/ul>\n<p class=\"p9\"><span class=\"s1\"><b>La marche \u00e0 suivre<\/b><\/span><\/p>\n<ul class=\"ul1\">\n<li class=\"li7\"><span class=\"s1\">Passez votre commande<\/span><\/li>\n<li class=\"li7\"><span class=\"s1\">Envoyez moi un email avec la photo (de la meilleure qualit\u00e9 possible) de votre choix : thecomptoir@gmail.com <\/span><\/li>\n<li class=\"li7\"><span class=\"s1\">Dans l&#8217;email, merci de m&rsquo;indiquer 3 couleurs pour les \u00e9chevettes de fil qui seront dans le kit.<\/span><\/li>\n<li class=\"li7\"><span class=\"s1\">Soyez patient.e ! Je vais retravailler et redimensionner votre photo. Si vous pr\u00e9f\u00e9rez que votre photo soit imprim\u00e9e en couleur plut\u00f4t qu&rsquo;en noir et blanc, n&rsquo;h\u00e9sitez pas \u00e0 le sp\u00e9cifier dans votre email. Mais honn\u00eatement je ne vous conseille pas de broder sur une photo en couleur.<\/span><\/li>\n<li class=\"li7\"><span class=\"s1\">Avant de commander le tissu, je vous contacterai pour valider la photo.<\/span><\/li>\n<li class=\"li7\"><span class=\"s1\">Restez patient.e ! Il faut compter jusqu&rsquo;\u00e0 6 semaines de d\u00e9lai.<\/span><\/li>\n<\/ul>\n<p class=\"p10\"><span class=\"s1\">Avant de passer commande, n\u2019h\u00e9sitez pas \u00e0 me contacter : thecomptoir@gmail.com<\/span><\/p>\n","protected":false},"excerpt":{"rendered":"[embed]https:\/\/www.youtube.com\/watch?v=eHK_qIImYvM&#038;ab_channel=EliseTheComptoir[\/embed]\n","protected":false},"featured_media":6170,"comment_status":"open","ping_status":"closed","template":"","meta":{"jetpack_post_was_ever_published":false,"jetpack_publicize_message":"","jetpack_publicize_feature_enabled":true,"jetpack_social_post_already_shared":true,"jetpack_social_options":{"image_generator_settings":{"template":"highway","default_image_id":0,"font":"","enabled":false},"version":2}},"product_brand":[],"product_cat":[1593],"product_tag":[1640,1586,1367,1381,1487],"class_list":{"0":"post-6169","1":"product","2":"type-product","3":"status-publish","4":"has-post-thumbnail","6":"product_cat-projets-libres","7":"product_tag-broderie-personnalisee","8":"product_tag-custom","9":"product_tag-diy","10":"product_tag-embroidery-kit","11":"product_tag-kit-de-broderie","13":"first","14":"instock","15":"shipping-taxable","16":"purchasable","17":"product-type-variable"},"jetpack_publicize_connections":[],"jetpack_sharing_enabled":true,"_links":{"self":[{"href":"https:\/\/thecomptoir.com\/fr\/wp-json\/wp\/v2\/product\/6169","targetHints":{"allow":["GET"]}}],"collection":[{"href":"https:\/\/thecomptoir.com\/fr\/wp-json\/wp\/v2\/product"}],"about":[{"href":"https:\/\/thecomptoir.com\/fr\/wp-json\/wp\/v2\/types\/product"}],"replies":[{"embeddable":true,"href":"https:\/\/thecomptoir.com\/fr\/wp-json\/wp\/v2\/comments?post=6169"}],"wp:featuredmedia":[{"embeddable":true,"href":"https:\/\/thecomptoir.com\/fr\/wp-json\/wp\/v2\/media\/6170"}],"wp:attachment":[{"href":"https:\/\/thecomptoir.com\/fr\/wp-json\/wp\/v2\/media?parent=6169"}],"wp:term":[{"taxonomy":"product_brand","embeddable":true,"href":"https:\/\/thecomptoir.com\/fr\/wp-json\/wp\/v2\/product_brand?post=6169"},{"taxonomy":"product_cat","embeddable":true,"href":"https:\/\/thecomptoir.com\/fr\/wp-json\/wp\/v2\/product_cat?post=6169"},{"taxonomy":"product_tag","embeddable":true,"href":"https:\/\/thecomptoir.com\/fr\/wp-json\/wp\/v2\/product_tag?post=6169"}],"curies":[{"name":"wp","href":"https:\/\/api.w.org\/{rel}","templated":true}]}}