{"id":6131,"date":"2022-09-16T09:43:58","date_gmt":"2022-09-16T08:43:58","guid":{"rendered":"https:\/\/thecomptoir.com\/fr\/?post_type=product&#038;p=6131"},"modified":"2026-02-16T14:02:16","modified_gmt":"2026-02-16T13:02:16","slug":"6131","status":"publish","type":"product","link":"https:\/\/thecomptoir.com\/fr\/produit\/6131\/","title":{"rendered":"Kit d&rsquo;apprentissage de broderie 4 en 1"},"content":{"rendered":"<h4>En fran\u00e7ais<\/h4>\n<p>Ce projet est n\u00e9 apr\u00e8s de nombreux ateliers que j\u2019ai faits pour les d\u00e9butants.<br \/>\nApr\u00e8s avoir essay\u00e9 de nombreuses fa\u00e7ons de donner \u00e0 mes \u00e9l\u00e8ves tous mes secrets et conseils pour commencer la broderie, j\u2019ai cr\u00e9\u00e9 le kit de broderie pour d\u00e9butant, aussi disponible sur ma boutique.<br \/>\nPuis j\u2019ai voulu proposer davantage de points de broderie \u00e0 apprendre. C\u2019est pourquoi j\u2019ai cr\u00e9\u00e9 les kits doubles, puis le triple et enfin ce quadruple kit.<br \/>\nCe kit convient aux d\u00e9butants ou si vous voulez d\u00e9couvrir plus de points de broderie. Vous allez apprendre \u00e0 faire 42 points de broderie. Vous trouverez toutes les explications dont vous avez besoin dans les livrets qui accompagnent ce kit.<\/p>\n<p>Ce kit de broderie comprend :<\/p>\n<p>4 cercles de broderie de 12,7 cm<br \/>\n4 mod\u00e8les imprim\u00e9s sur tissu pour apprendre les different points de broderie<br \/>\n2 aiguilles<br \/>\n1 \u00e9pingle<br \/>\n12 fils \u00e0 broder DMC (nuances de bleu, vert, rose et violet)<br \/>\n4 livrets de 20, 24, 24 et 28 pages agr\u00e9ment\u00e9 de photos afin de vous guider dans la r\u00e9alisation de ce projet<\/p>\n<p>Pour voir la vid\u00e9o de pr\u00e9sentation de ce kit, suivez ce lien : https:\/\/youtu.be\/sF6khjiINuM<\/p>\n<h4>In English<\/h4>\n<p>This project is born after many workshops I did for beginners. Each of the kit (basics, Advanced, botanic &amp; expert) are reunited here in on giant kit! But all of them are also available separately in my Etsy shop.<\/p>\n<p>After trying many ways to give to my students all my secrets and tips to start embroidery, I created these three templates.<\/p>\n<p>This kit is fitting for beginners but also for advanced fiber lovers that would like to discover more stitches. You are going to learn how to make 42 embroidery stitches. You will find all explanations you need in the booklets or the PDF coming with the kit. My advice is to start with the basic embroidery project, then the three others, but finish with the expert kit.<\/p>\n<p>-About this kit<br \/>\nThis kit is to make one Basics embroidery, one Advanced embroidery, one botanical embroidery and one expert embroidery.<\/p>\n<p>With the Basic embroidery kit, you are going to learn 10 stitches. With the Advanced embroidery kit, you are going to learn 11 stitches. With the botanical embroidery kit, you are going to learn 10 stitches. And finally with the expert kit, you are going to learn 11 stitches. Some stitches (brick stitch, Lazy Daisy stitch and blanket stitch) are the only stitches that are in two kits.<\/p>\n<p>-This Triple kit includes:<\/p>\n<p>4 5\u2033 embroidery hoop<br \/>\n4 printed template on cotton fabric<br \/>\n2 needle (2 sizes)<br \/>\n1 pin<br \/>\n12 full floss (3 shades of pink, 3 of blue, 3 of green &amp; 3 of purple)<br \/>\n4 20-pages, 2&#215;24-pages and 28-pages booklets (printed or PDF)<\/p>\n<p>To watch the full video of this kit, please follow this link: https:\/\/youtu.be\/sF6khjiINuM<\/p>\n","protected":false},"excerpt":{"rendered":"[embed]https:\/\/youtu.be\/sF6khjiINuM[\/embed]\n","protected":false},"featured_media":6631,"comment_status":"open","ping_status":"closed","template":"","meta":{"jetpack_post_was_ever_published":false,"jetpack_publicize_message":"","jetpack_publicize_feature_enabled":true,"jetpack_social_post_already_shared":true,"jetpack_social_options":{"image_generator_settings":{"template":"highway","default_image_id":0,"font":"","enabled":false},"version":2}},"product_brand":[],"product_cat":[1595],"product_tag":[1367,1381,1584,1553],"class_list":{"0":"post-6131","1":"product","2":"type-product","3":"status-publish","4":"has-post-thumbnail","6":"product_cat-projets-dapprentissage","7":"product_tag-diy","8":"product_tag-embroidery-kit","9":"product_tag-embroidery-stitches","10":"product_tag-how-to","11":"product_shipping_class-colissimo","13":"first","14":"instock","15":"shipping-taxable","16":"purchasable","17":"product-type-variable"},"jetpack_publicize_connections":[],"jetpack_sharing_enabled":true,"_links":{"self":[{"href":"https:\/\/thecomptoir.com\/fr\/wp-json\/wp\/v2\/product\/6131","targetHints":{"allow":["GET"]}}],"collection":[{"href":"https:\/\/thecomptoir.com\/fr\/wp-json\/wp\/v2\/product"}],"about":[{"href":"https:\/\/thecomptoir.com\/fr\/wp-json\/wp\/v2\/types\/product"}],"replies":[{"embeddable":true,"href":"https:\/\/thecomptoir.com\/fr\/wp-json\/wp\/v2\/comments?post=6131"}],"wp:featuredmedia":[{"embeddable":true,"href":"https:\/\/thecomptoir.com\/fr\/wp-json\/wp\/v2\/media\/6631"}],"wp:attachment":[{"href":"https:\/\/thecomptoir.com\/fr\/wp-json\/wp\/v2\/media?parent=6131"}],"wp:term":[{"taxonomy":"product_brand","embeddable":true,"href":"https:\/\/thecomptoir.com\/fr\/wp-json\/wp\/v2\/product_brand?post=6131"},{"taxonomy":"product_cat","embeddable":true,"href":"https:\/\/thecomptoir.com\/fr\/wp-json\/wp\/v2\/product_cat?post=6131"},{"taxonomy":"product_tag","embeddable":true,"href":"https:\/\/thecomptoir.com\/fr\/wp-json\/wp\/v2\/product_tag?post=6131"}],"curies":[{"name":"wp","href":"https:\/\/api.w.org\/{rel}","templated":true}]}}