{"id":6122,"date":"2022-09-16T08:38:36","date_gmt":"2022-09-16T07:38:36","guid":{"rendered":"https:\/\/thecomptoir.com\/fr\/?post_type=product&#038;p=6122"},"modified":"2026-02-16T14:16:04","modified_gmt":"2026-02-16T13:16:04","slug":"experts-stitches-embroidery-kit","status":"publish","type":"product","link":"https:\/\/thecomptoir.com\/fr\/produit\/experts-stitches-embroidery-kit\/","title":{"rendered":"Kit d&rsquo;apprentissage de broderie expert"},"content":{"rendered":"<h4>En fran\u00e7ais<\/h4>\n<p>Ce projet est un compl\u00e9ment \u00e0 mes trois pr\u00e9c\u00e9dents kits de broderie d\u2019apprentissage. Je propose \u00e9galement un kit double, ainsi qu\u2019un kit triple et m\u00eame un quadruple kit r\u00e9unissant ces quatre kits d\u2019apprentissage en un!\u2028 N&rsquo;h\u00e9sitez pas jeter un oeil \u00e0 ma boutique pour voir tous les kits de cette collection que je propose. Ce kit convient donc aux d\u00e9butants mais aussi \u00e0 celleux qui ont d\u00e9j\u00e0 quelques notions et souhaitent apprendre de nouveaux points. Gr\u00e2ce \u00e0 ce kit, vous apprendrez 11 points de broderie.\u2028Toutes les explications dont vous aurez besoin se trouve dans le livret de 24 pages compris dans le kit. Il contient \u00e9galement tout le mat\u00e9riel dont vous aurez besoin :<\/p>\n<ul>\n<li>1 tambour \u00e0 broder de 13cm<\/li>\n<li>1 patron \u00e0 broder imprim\u00e9 sur tissu bio<\/li>\n<li>1 aiguille \u00e0 broder<\/li>\n<li>3 \u00e9chevettes de fil \u00e0 broder<\/li>\n<li>1 livret explicatif<\/li>\n<\/ul>\n<p>N\u2019h\u00e9sitez pas \u00e0 me contacter avant ou apr\u00e8s avoir pass\u00e9 votre commande @TheComptoir ou thecomptoir@gmail.com<\/p>\n<h4>In English<\/h4>\n<p>This project is coming after the first three learning kits I already made. You can also find on my shop these kits in different options : 2 in 1, 3 in 1 and even 4 in 1 now!!! Take a look to my shop to see which options fits for you and your needs.<\/p>\n<p>This expert stitches embroidery kit fits for adventurous beginners or for people who already know embroidery. Thanks to this kit you are going to learn how to make 11 embroidery stitches. All explanations you&rsquo;ll need are in the 24-pages booklet coming with the kit. It also includes all the supplies you need to make this embroidery:<\/p>\n<ul>\n<li>1 5in embroidery hoop<\/li>\n<li>1 template to embroider printed on organic cotton fabric<\/li>\n<li>1 embroidery needle<\/li>\n<li>3 skeins of embroidery floss<\/li>\n<li>1 booklet<\/li>\n<\/ul>\n<p>Feel free to contact me for any question before placing your order @TheComptoir or thecomptoir@gmail.com<\/p>\n<p>&nbsp;<\/p>\n","protected":false},"excerpt":{"rendered":"[embed]https:\/\/www.youtube.com\/watch?v=b6uZEDMXqHo[\/embed]\n[embed]https:\/\/youtu.be\/sF6khjiINuM[\/embed]\n","protected":false},"featured_media":6633,"comment_status":"open","ping_status":"closed","template":"","meta":{"jetpack_post_was_ever_published":false,"jetpack_publicize_message":"","jetpack_publicize_feature_enabled":true,"jetpack_social_post_already_shared":true,"jetpack_social_options":{"image_generator_settings":{"template":"highway","default_image_id":0,"font":"","enabled":false},"version":2}},"product_brand":[],"product_cat":[1595],"product_tag":[1367,506,1381,1583,1582],"class_list":{"0":"post-6122","1":"product","2":"type-product","3":"status-publish","4":"has-post-thumbnail","6":"product_cat-projets-dapprentissage","7":"product_tag-diy","8":"product_tag-embroidery","9":"product_tag-embroidery-kit","10":"product_tag-expert","11":"product_tag-stitches","13":"first","14":"instock","15":"shipping-taxable","16":"purchasable","17":"product-type-variable"},"jetpack_publicize_connections":[],"jetpack_sharing_enabled":true,"_links":{"self":[{"href":"https:\/\/thecomptoir.com\/fr\/wp-json\/wp\/v2\/product\/6122","targetHints":{"allow":["GET"]}}],"collection":[{"href":"https:\/\/thecomptoir.com\/fr\/wp-json\/wp\/v2\/product"}],"about":[{"href":"https:\/\/thecomptoir.com\/fr\/wp-json\/wp\/v2\/types\/product"}],"replies":[{"embeddable":true,"href":"https:\/\/thecomptoir.com\/fr\/wp-json\/wp\/v2\/comments?post=6122"}],"wp:featuredmedia":[{"embeddable":true,"href":"https:\/\/thecomptoir.com\/fr\/wp-json\/wp\/v2\/media\/6633"}],"wp:attachment":[{"href":"https:\/\/thecomptoir.com\/fr\/wp-json\/wp\/v2\/media?parent=6122"}],"wp:term":[{"taxonomy":"product_brand","embeddable":true,"href":"https:\/\/thecomptoir.com\/fr\/wp-json\/wp\/v2\/product_brand?post=6122"},{"taxonomy":"product_cat","embeddable":true,"href":"https:\/\/thecomptoir.com\/fr\/wp-json\/wp\/v2\/product_cat?post=6122"},{"taxonomy":"product_tag","embeddable":true,"href":"https:\/\/thecomptoir.com\/fr\/wp-json\/wp\/v2\/product_tag?post=6122"}],"curies":[{"name":"wp","href":"https:\/\/api.w.org\/{rel}","templated":true}]}}