{"id":6077,"date":"2022-06-30T14:20:06","date_gmt":"2022-06-30T13:20:06","guid":{"rendered":"https:\/\/thecomptoir.com\/fr\/?post_type=product&#038;p=6077"},"modified":"2026-02-16T14:57:29","modified_gmt":"2026-02-16T13:57:29","slug":"free-the-nipple-embroidery-kit","status":"publish","type":"product","link":"https:\/\/thecomptoir.com\/fr\/produit\/free-the-nipple-embroidery-kit\/","title":{"rendered":"Free the Nipple"},"content":{"rendered":"<h4>In English<\/h4>\n<p>This is an embroidery kit to make a free project called \u00ab\u00a0Free the Nipple\u00a0\u00bb. It including everything you need to complete your project. All the explanations, from A to Z are coming in a 16 pages booklet. It\u2019s going to explain everything you need to know from how to put the fabric in the hoop to how finish the back.<br \/>\nThis project can fit for beginners even if it\u2019s an ambitious project. If you are looking for more beginners friendly kits, please take a look to my shop I have many options to learn embroidery.<\/p>\n<p>This kit is available in french or english.<\/p>\n<p>The full kit includes :<br \/>\n-1 embroidery needle<br \/>\n-1 5\u2033\/12,5cm embroidery hoop<br \/>\n-3 colors of embroidery thread (including two organic and local handmade ones by <a href=\"https:\/\/www.maisonseptembre.com\/\">Maison Septembre<\/a>)<br \/>\n-1 picture printed on organic white cotton fabric<br \/>\n-a 16 pages booklet<\/p>\n<p>Please feel free to contact me before purchasing for any questions.<\/p>\n<h4>En Fran\u00e7ais<\/h4>\n<p>Voici mon kit de broderie \u00ab\u00a0Free the Nipple\u00a0\u00bb. Ce kit est fait pour r\u00e9aliser un projet de broderie de fa\u00e7on libre, donc non guid\u00e9 mais vous serez accompagn\u00e9.\u00e9e par le livret explicatif. Toutes les informations dont vous aurez besoin pour mener \u00e0 bien ce projet se trouve dans le livret de 16 pages accompagnant le kit.<\/p>\n<p>Ce projet peut convenir aux d\u00e9butant.e.s mais \u00e7a peut \u00eatre un peu trop ambitieux. Si vous cherchez un projet moins compliqu\u00e9, je vous conseille de jeter un coup d\u2019oeil \u00e0 l\u2019ensemble des autres kits que je propose sur ma boutique, plus accessibles aux d\u00e9butant.e.s.<\/p>\n<p>Ce kit est disponible en Fran\u00e7ais ou en Anglais.<\/p>\n<p>Ce kit de broderie contient :<\/p>\n<p>-1 aiguille \u00e0 broder<br \/>\n-1 tambour \u00e0 broder de 12,5cm<br \/>\n-3 fils \u00e0 broder (dont deux laines \u00e0 broder provenant de chez <a href=\"https:\/\/www.maisonseptembre.com\/\">Maison Septembre<\/a>)<br \/>\n-1 photo imprim\u00e9e sur tissu bio<br \/>\n-1 livret explicatif de 16 pages<\/p>\n<p>Avant de passer votre commande, si vous avez des questions, n\u2019h\u00e9sitez pas \u00e0 me contacter<\/p>\n","protected":false},"excerpt":{"rendered":"<p>In English This is an embroidery kit to make a free project called \u00ab\u00a0Free the Nipple\u00a0\u00bb. It including everything you need to complete your project. All the explanations, from A [&hellip;]<\/p>\n","protected":false},"featured_media":6700,"comment_status":"open","ping_status":"closed","template":"","meta":{"jetpack_post_was_ever_published":false,"jetpack_publicize_message":"","jetpack_publicize_feature_enabled":true,"jetpack_social_post_already_shared":true,"jetpack_social_options":{"image_generator_settings":{"template":"highway","default_image_id":0,"font":"","enabled":false},"version":2}},"product_brand":[],"product_cat":[1593],"product_tag":[1403,1367,1381,1412,1577],"class_list":{"0":"post-6077","1":"product","2":"type-product","3":"status-publish","4":"has-post-thumbnail","6":"product_cat-projets-libres","7":"product_tag-craft","8":"product_tag-diy","9":"product_tag-embroidery-kit","10":"product_tag-feminist","11":"product_tag-free-the-nipple","13":"first","14":"instock","15":"purchasable","16":"product-type-simple"},"jetpack_publicize_connections":[],"jetpack_sharing_enabled":true,"_links":{"self":[{"href":"https:\/\/thecomptoir.com\/fr\/wp-json\/wp\/v2\/product\/6077","targetHints":{"allow":["GET"]}}],"collection":[{"href":"https:\/\/thecomptoir.com\/fr\/wp-json\/wp\/v2\/product"}],"about":[{"href":"https:\/\/thecomptoir.com\/fr\/wp-json\/wp\/v2\/types\/product"}],"replies":[{"embeddable":true,"href":"https:\/\/thecomptoir.com\/fr\/wp-json\/wp\/v2\/comments?post=6077"}],"wp:featuredmedia":[{"embeddable":true,"href":"https:\/\/thecomptoir.com\/fr\/wp-json\/wp\/v2\/media\/6700"}],"wp:attachment":[{"href":"https:\/\/thecomptoir.com\/fr\/wp-json\/wp\/v2\/media?parent=6077"}],"wp:term":[{"taxonomy":"product_brand","embeddable":true,"href":"https:\/\/thecomptoir.com\/fr\/wp-json\/wp\/v2\/product_brand?post=6077"},{"taxonomy":"product_cat","embeddable":true,"href":"https:\/\/thecomptoir.com\/fr\/wp-json\/wp\/v2\/product_cat?post=6077"},{"taxonomy":"product_tag","embeddable":true,"href":"https:\/\/thecomptoir.com\/fr\/wp-json\/wp\/v2\/product_tag?post=6077"}],"curies":[{"name":"wp","href":"https:\/\/api.w.org\/{rel}","templated":true}]}}