{"id":6000,"date":"2022-04-13T17:44:57","date_gmt":"2022-04-13T16:44:57","guid":{"rendered":"https:\/\/thecomptoir.com\/fr\/?post_type=product&#038;p=6000"},"modified":"2025-01-20T11:36:46","modified_gmt":"2025-01-20T10:36:46","slug":"phallus-embroidery-kit","status":"publish","type":"product","link":"https:\/\/thecomptoir.com\/fr\/produit\/phallus-embroidery-kit\/","title":{"rendered":"Kit de broderie Phallus"},"content":{"rendered":"<h3>In english<\/h3>\n<p>If you already know my work, I am sure you know my Cuterus embroideries and embroidery kits. I started to make them when life became harder for women, in USA but also in so many other countries. I started to make these kits in 2019, and for 3 years many many people were asking for a phallus embroidery kit! And now it does exist!<\/p>\n<p>I am making the Cuterus embroideries and kits to protest against all these new and so old in the same way laws who are making women\u2019s lives so hard. It\u2019s my way to support all women and their rights. I made it for all women, the mothers, the women who decided not being a mother, young girls who deserve a beautiful future, the women who lost a child, the women who want so hard being a mother but also for people than are women even if they are not born this way. If the phallus kit is here, it&rsquo;s for the same reason, it&rsquo;s completing my \u00ab\u00a0make your own couple (or more!)\u00a0\u00bb embroidery kit. You can buy it as is, or a cuterus and a phallus in the same kit, or 2 phallus embroidery kit or 2 cuterus embroidery kit. You are free to choose any meaning that fits for you.<\/p>\n<p>This kit is fitting for beginners. You are going to find all the explanations you need in the booklet coming with the kit.<\/p>\n<p>In your kit, you will find everything you need to make your Phallus embroidery:<\/p>\n<ul>\n<li>1x4in embroidery hoop<\/li>\n<li>1 printed piece of cotton fabric<\/li>\n<li>1 embroidery needle<\/li>\n<li>4 different embroidery floss<\/li>\n<li>1 booklet<\/li>\n<\/ul>\n<p>&nbsp;<\/p>\n<h3>En Fran\u00e7ais<\/h3>\n<p>Ce kit est disponible en fran\u00e7ais ou en anglais.<\/p>\n<p>Si vous connaissez mon travail, vous savez que le design du Cuterus est vraiment ma marque de fabrique et je ne compte plus le nombre de fois que je l\u2019ai brod\u00e9. Depuis 3 ans que le kit du Cuterus existe, et apr\u00e8s qu&rsquo;on me l&rsquo;ait r\u00e9clam\u00e9 un tr\u00e8s grand nombre de fois, il \u00e9tait temps pour moi de r\u00e9aliser le kit de broderie Phallus !<br \/>\nCe kit est fait pour r\u00e9aliser une broderie. Tout comme le kit Cuterus est fait pour c\u00e9l\u00e9brer la femme, son corps, son parcours, qu&rsquo;elle soit nait ainsi ou non, le kit Phallus porte exactement le m\u00eame message. Et avec les autres kits de cette s\u00e9rie, vous pouvez m\u00eame choisir l&rsquo;option de couple (si vous le d\u00e9sirez) de votre choix. En fait le kit Phallus ou le Cuterus existe en kit simple, comprenant de quoi faire un projet, mais ils existent aussi en kit double : 2 cuterus, 2 phallus ou 1 de chaque. Pour voir ces autres fiches produit, n&rsquo;h\u00e9sitez pas \u00e0 regarder l&rsquo;ensemble de la section \u00ab\u00a0embroidery kit\u00a0\u00bb dans mon shop.<\/p>\n<p>Ce projet de broderie est un projet guid\u00e9, il conviendra donc tr\u00e8s bien aux d\u00e9butant.e.s.<\/p>\n<p>Dans ce kit vous trouverez tout ce dont vous aurez besoin pour r\u00e9aliser ce projet :<\/p>\n<ul>\n<li>1 tambour \u00e0 broder de 10cm<\/li>\n<li>1 design imprim\u00e9 sur tissu (\u00e0 broder)<\/li>\n<li>1 aiguille \u00e0 broder<\/li>\n<li>4 couleurs de fil \u00e0 broder<\/li>\n<li>1 livret explicatif pour vous accompagner tout au long de votre projet<\/li>\n<\/ul>\n<p>&nbsp;<\/p>\n","protected":false},"excerpt":{"rendered":"<p>In english If you already know my work, I am sure you know my Cuterus embroideries and embroidery kits. I started to make them when life became harder for women, [&hellip;]<\/p>\n","protected":false},"featured_media":8244,"comment_status":"open","ping_status":"closed","template":"","meta":{"jetpack_post_was_ever_published":false,"jetpack_publicize_message":"","jetpack_publicize_feature_enabled":true,"jetpack_social_post_already_shared":true,"jetpack_social_options":{"image_generator_settings":{"template":"highway","default_image_id":0,"font":"","enabled":false},"version":2}},"product_brand":[],"product_cat":[1594],"product_tag":[1424,1381,1487,1568,1569],"class_list":{"0":"post-6000","1":"product","2":"type-product","3":"status-publish","4":"has-post-thumbnail","6":"product_cat-projets-guides","7":"product_tag-craft-kit","8":"product_tag-embroidery-kit","9":"product_tag-kit-de-broderie","10":"product_tag-phallus","11":"product_tag-safe-place","13":"first","14":"instock","15":"purchasable","16":"product-type-simple"},"jetpack_publicize_connections":[],"jetpack_sharing_enabled":true,"_links":{"self":[{"href":"https:\/\/thecomptoir.com\/fr\/wp-json\/wp\/v2\/product\/6000","targetHints":{"allow":["GET"]}}],"collection":[{"href":"https:\/\/thecomptoir.com\/fr\/wp-json\/wp\/v2\/product"}],"about":[{"href":"https:\/\/thecomptoir.com\/fr\/wp-json\/wp\/v2\/types\/product"}],"replies":[{"embeddable":true,"href":"https:\/\/thecomptoir.com\/fr\/wp-json\/wp\/v2\/comments?post=6000"}],"wp:featuredmedia":[{"embeddable":true,"href":"https:\/\/thecomptoir.com\/fr\/wp-json\/wp\/v2\/media\/8244"}],"wp:attachment":[{"href":"https:\/\/thecomptoir.com\/fr\/wp-json\/wp\/v2\/media?parent=6000"}],"wp:term":[{"taxonomy":"product_brand","embeddable":true,"href":"https:\/\/thecomptoir.com\/fr\/wp-json\/wp\/v2\/product_brand?post=6000"},{"taxonomy":"product_cat","embeddable":true,"href":"https:\/\/thecomptoir.com\/fr\/wp-json\/wp\/v2\/product_cat?post=6000"},{"taxonomy":"product_tag","embeddable":true,"href":"https:\/\/thecomptoir.com\/fr\/wp-json\/wp\/v2\/product_tag?post=6000"}],"curies":[{"name":"wp","href":"https:\/\/api.w.org\/{rel}","templated":true}]}}