{"id":5923,"date":"2022-02-18T18:10:56","date_gmt":"2022-02-18T17:10:56","guid":{"rendered":"https:\/\/thecomptoir.com\/fr\/?post_type=product&#038;p=5923"},"modified":"2023-10-20T14:22:58","modified_gmt":"2023-10-20T13:22:58","slug":"5923","status":"publish","type":"product","link":"https:\/\/thecomptoir.com\/fr\/produit\/5923\/","title":{"rendered":"kit de broderie points \u00e0 relier &#8211; Pour enfants"},"content":{"rendered":"<p><strong>This kit is available in English and in French.<\/strong><\/p>\n<p><strong>Ce kit est disponible en anglais et en fran\u00e7ais<\/strong><\/p>\n<h4>In English<\/h4>\n<p>First I made a traditional embroidery kit (still available in my shop) and now I am also making this kind of kits to be made on an engraved (by myself) wooden disk.<\/p>\n<h4>About this kit<\/h4>\n<p>Kids can finally have fun while learning embroidery!<\/p>\n<p>This kit is fitting for beginners. You are going to find all the explanations you need in the booklet coming with the kit.<\/p>\n<h4>In this kit<\/h4>\n<p>In your kit, you will find everything you need to make your embroidery on wood:<\/p>\n<ul>\n<li>2x4in engraved disk of wood<\/li>\n<li>1 (not pointy) embroidery needle<\/li>\n<li>3 different embroidery flosses<\/li>\n<li>an online step-by-step tutorial<\/li>\n<\/ul>\n<h3>En Fran\u00e7ais<\/h3>\n<p>J&rsquo;ai d&rsquo;abord cr\u00e9\u00e9 un kit de broderie \u00ab\u00a0traditionnelle\u00a0\u00bb pour broder sur tissu, mais j&rsquo;avais envie de pouvoir proposer autre chose, de moins attendu peut-\u00eatre : la broderie sur bois.<br \/>\nCe kit est fait pour r\u00e9aliser deux broderies. Les enfants vont pouvoir apprendre \u00e0 broder avec un support familier, les points \u00e0 relier.<\/p>\n<p>Dans ce kit vous trouverez tout ce dont vous aurez besoin pour r\u00e9aliser ce projet :<\/p>\n<ul>\n<li>2 disques en bois grav\u00e9 (par mes soins) de 10cm<\/li>\n<li>1 aiguille \u00e0 broder non pointue<\/li>\n<li>3 couleurs de fil \u00e0 broder<\/li>\n<li>l&rsquo;acc\u00e8s \u00e0 un tutoriel en ligne, accompagn\u00e9 d&rsquo;une vid\u00e9o, pour vous aider \u00e0 r\u00e9aliser ce projet<\/li>\n<\/ul>\n","protected":false},"excerpt":{"rendered":"[embed]https:\/\/www.youtube.com\/watch?v=ZxvMDebnPcY&#038;t=10s&#038;ab_channel=EliseTheComptoir[\/embed]\n","protected":false},"featured_media":5924,"comment_status":"open","ping_status":"closed","template":"","meta":{"jetpack_post_was_ever_published":false,"jetpack_publicize_message":"","jetpack_publicize_feature_enabled":true,"jetpack_social_post_already_shared":true,"jetpack_social_options":{"image_generator_settings":{"template":"highway","default_image_id":0,"font":"","enabled":false},"version":2}},"product_brand":[],"product_cat":[1598],"product_tag":[1403,1367,506,1553,1487,1556,1555],"class_list":{"0":"post-5923","1":"product","2":"type-product","3":"status-publish","4":"has-post-thumbnail","6":"product_cat-projets-sur-bois","7":"product_tag-craft","8":"product_tag-diy","9":"product_tag-embroidery","10":"product_tag-how-to","11":"product_tag-kit-de-broderie","12":"product_tag-kit-for-kids","13":"product_tag-pour-enfant","15":"first","16":"instock","17":"purchasable","18":"product-type-simple"},"jetpack_publicize_connections":[],"jetpack_sharing_enabled":true,"_links":{"self":[{"href":"https:\/\/thecomptoir.com\/fr\/wp-json\/wp\/v2\/product\/5923","targetHints":{"allow":["GET"]}}],"collection":[{"href":"https:\/\/thecomptoir.com\/fr\/wp-json\/wp\/v2\/product"}],"about":[{"href":"https:\/\/thecomptoir.com\/fr\/wp-json\/wp\/v2\/types\/product"}],"replies":[{"embeddable":true,"href":"https:\/\/thecomptoir.com\/fr\/wp-json\/wp\/v2\/comments?post=5923"}],"wp:featuredmedia":[{"embeddable":true,"href":"https:\/\/thecomptoir.com\/fr\/wp-json\/wp\/v2\/media\/5924"}],"wp:attachment":[{"href":"https:\/\/thecomptoir.com\/fr\/wp-json\/wp\/v2\/media?parent=5923"}],"wp:term":[{"taxonomy":"product_brand","embeddable":true,"href":"https:\/\/thecomptoir.com\/fr\/wp-json\/wp\/v2\/product_brand?post=5923"},{"taxonomy":"product_cat","embeddable":true,"href":"https:\/\/thecomptoir.com\/fr\/wp-json\/wp\/v2\/product_cat?post=5923"},{"taxonomy":"product_tag","embeddable":true,"href":"https:\/\/thecomptoir.com\/fr\/wp-json\/wp\/v2\/product_tag?post=5923"}],"curies":[{"name":"wp","href":"https:\/\/api.w.org\/{rel}","templated":true}]}}