{"id":5907,"date":"2022-02-18T17:44:47","date_gmt":"2022-02-18T16:44:47","guid":{"rendered":"https:\/\/thecomptoir.com\/fr\/?post_type=product&#038;p=5907"},"modified":"2026-02-16T14:27:13","modified_gmt":"2026-02-16T13:27:13","slug":"5907","status":"publish","type":"product","link":"https:\/\/thecomptoir.com\/fr\/produit\/5907\/","title":{"rendered":"Kit d&rsquo;apprentissage de broderie double (version 2)"},"content":{"rendered":"<h4>En Fran\u00e7ais<\/h4>\n<p>Ce projet est n\u00e9 apr\u00e8s de nombreux ateliers que j\u2019ai fait pour les d\u00e9butants.<br \/>\nApr\u00e8s avoir essay\u00e9 de nombreuses fa\u00e7ons de donner \u00e0 mes \u00e9l\u00e8ves tous mes secrets et conseils pour commencer la broderie, j\u2019ai cr\u00e9\u00e9 le kit de broderie pour d\u00e9butant, aussi disponible sur ma boutique.<br \/>\nPuis j&rsquo;ai voulu proposer davantage de points de broderie \u00e0 apprendre. C&rsquo;est pourquoi j&rsquo;ai cr\u00e9\u00e9 ce kit double.<br \/>\nCe kit convient aux d\u00e9butants ou si vous voulez d\u00e9couvrir plus de points de broderie. Vous allez apprendre \u00e0 faire 20 points de broderie. Vous trouverez toutes les explications dont vous avez besoin dans les livrets qui accompagnent ce kit.<\/p>\n<p>Ce kit de broderie comprend :<\/p>\n<p>2 cercles de broderie de 12,7 cm<br \/>\n2 mod\u00e8les imprim\u00e9s sur tissu pour apprendre les different points de broderie<br \/>\n2 aiguilles et 1 \u00e9pingle<br \/>\n6 fils \u00e0 broder DMC (nuances de bleu et vert)<br \/>\n2 livrets de 20 et 28 pages agr\u00e9ment\u00e9s de photos afin de vous guider dans la r\u00e9alisation de ce projet (imprim\u00e9 ou PDF)<\/p>\n<p>Ce kit est disponible en Fran\u00e7ais ou Anglais (Livret et tissu imprim\u00e9)<\/p>\n<h4>In English<\/h4>\n<p>This project is born after many workshops I did for beginners. Each of the kit (basics and Advanced) are reunited here in on big kit. But both of them are also available separately in my Etsy shop.<\/p>\n<p>After trying many ways to give to my students all my secrets and tips to start embroidery, I created these two templates.<\/p>\n<p>This kit is fitting for beginners but also for advanced fiber lovers that would like to discover more stitches. You are going to learn how to make 21 embroidery stitches. You will find all explanations you need in the booklet or the PDF coming with the kit. If you already try my basic embroidery kit, this kit is made for you. If you don&rsquo;t that&rsquo;s okay! This kit is a little bit more advanced.<br \/>\nThis kit is to make one advanced stitches embroidery and one botanical stitches embroidery.<\/p>\n<p>With the Basic stitches embroidery kit, you are going to learn 10 stitches and with the Botanic stitches embroidery kit, you are going to learn 10 stitches. 1 stitch (the brick stitch) is the only stitch that is in both kits.<\/p>\n<p>-This Double kit includes:<\/p>\n<p>2 5\u2033 embroidery hoop<br \/>\n2 printed template on cotton fabric<br \/>\n2 needle (2 sizes) + 1 pin<br \/>\n6 full floss (3 shades of blue and 3 of green)<br \/>\n2 28-pages and 20-pages booklets (printed or PDF)<\/p>\n","protected":false},"excerpt":{"rendered":"<p>En Fran\u00e7ais Ce projet est n\u00e9 apr\u00e8s de nombreux ateliers que j\u2019ai fait pour les d\u00e9butants. Apr\u00e8s avoir essay\u00e9 de nombreuses fa\u00e7ons de donner \u00e0 mes \u00e9l\u00e8ves tous mes secrets [&hellip;]<\/p>\n","protected":false},"featured_media":6628,"comment_status":"open","ping_status":"closed","template":"","meta":{"jetpack_post_was_ever_published":false,"jetpack_publicize_message":"","jetpack_publicize_feature_enabled":true,"jetpack_social_post_already_shared":true,"jetpack_social_options":{"image_generator_settings":{"template":"highway","default_image_id":0,"font":"","enabled":false},"version":2}},"product_brand":[],"product_cat":[1595],"product_tag":[601,1367,1553,1364,1554,1552],"class_list":{"0":"post-5907","1":"product","2":"type-product","3":"status-publish","4":"has-post-thumbnail","6":"product_cat-projets-dapprentissage","7":"product_tag-broderie","8":"product_tag-diy","9":"product_tag-how-to","10":"product_tag-kit","11":"product_tag-kit-dapprentissage","12":"product_tag-learning-embroidery","14":"first","15":"instock","16":"purchasable","17":"product-type-variable"},"jetpack_publicize_connections":[],"jetpack_sharing_enabled":true,"_links":{"self":[{"href":"https:\/\/thecomptoir.com\/fr\/wp-json\/wp\/v2\/product\/5907","targetHints":{"allow":["GET"]}}],"collection":[{"href":"https:\/\/thecomptoir.com\/fr\/wp-json\/wp\/v2\/product"}],"about":[{"href":"https:\/\/thecomptoir.com\/fr\/wp-json\/wp\/v2\/types\/product"}],"replies":[{"embeddable":true,"href":"https:\/\/thecomptoir.com\/fr\/wp-json\/wp\/v2\/comments?post=5907"}],"wp:featuredmedia":[{"embeddable":true,"href":"https:\/\/thecomptoir.com\/fr\/wp-json\/wp\/v2\/media\/6628"}],"wp:attachment":[{"href":"https:\/\/thecomptoir.com\/fr\/wp-json\/wp\/v2\/media?parent=5907"}],"wp:term":[{"taxonomy":"product_brand","embeddable":true,"href":"https:\/\/thecomptoir.com\/fr\/wp-json\/wp\/v2\/product_brand?post=5907"},{"taxonomy":"product_cat","embeddable":true,"href":"https:\/\/thecomptoir.com\/fr\/wp-json\/wp\/v2\/product_cat?post=5907"},{"taxonomy":"product_tag","embeddable":true,"href":"https:\/\/thecomptoir.com\/fr\/wp-json\/wp\/v2\/product_tag?post=5907"}],"curies":[{"name":"wp","href":"https:\/\/api.w.org\/{rel}","templated":true}]}}