{"id":5744,"date":"2021-10-22T20:20:54","date_gmt":"2021-10-22T19:20:54","guid":{"rendered":"https:\/\/thecomptoir.com\/fr\/?post_type=product&#038;p=5744"},"modified":"2026-02-16T14:29:25","modified_gmt":"2026-02-16T13:29:25","slug":"les-points-vegetaux-kit-de-broderie","status":"publish","type":"product","link":"https:\/\/thecomptoir.com\/fr\/produit\/les-points-vegetaux-kit-de-broderie\/","title":{"rendered":"Kit d&rsquo;apprentissage de broderie points v\u00e9g\u00e9taux"},"content":{"rendered":"<p>Ce projet est un compl\u00e9ment \u00e0 mes deux pr\u00e9c\u00e9dents kits de broderie d\u2019apprentissage. Je propose \u00e9galement un kit double avec le kit des points de base et le kit des points avanc\u00e9s ainsi qu\u2019un kit triple r\u00e9unissant ces trois kits d\u2019apprentissage en un!\u2028Ce kit convient donc aux d\u00e9butants mais aussi \u00e0 celleux qui ont d\u00e9j\u00e0 quelques notions et souhaitent apprendre de nouveaux points. Gr\u00e2ce \u00e0 ce kit, vous apprendrez 10 points de broderie.\u2028Toutes les explications dont vous aurez besoin se trouve dans le livret de 20 pages compris dans le kit. Il contient \u00e9galement tout le mat\u00e9riel dont vous aurez besoin :<br \/>\n-1 tambour \u00e0 broder de 13cm<br \/>\n-1 patron \u00e0 broder imprim\u00e9 sur tissu<br \/>\n-1 aiguille \u00e0 broder et une \u00e9pingle<br \/>\n-3 \u00e9chevettes de fil \u00e0 broder<br \/>\n-1 livret explicatif<\/p>\n<p>N\u2019h\u00e9sitez pas \u00e0 me contacter avant ou apr\u00e8s avoir pass\u00e9 votre commande @TheComptoir ou thecomptoir@gmail.com<\/p>\n","protected":false},"excerpt":{"rendered":"<p>Ce projet est un compl\u00e9ment \u00e0 mes deux pr\u00e9c\u00e9dents kits de broderie d\u2019apprentissage. Je propose \u00e9galement un kit double avec le kit des points de base et le kit des [&hellip;]<\/p>\n","protected":false},"featured_media":6635,"comment_status":"open","ping_status":"closed","template":"","meta":{"jetpack_post_was_ever_published":false,"jetpack_publicize_message":"","jetpack_publicize_feature_enabled":true,"jetpack_social_post_already_shared":true,"jetpack_social_options":{"image_generator_settings":{"template":"highway","default_image_id":0,"font":"","enabled":false},"version":2}},"product_brand":[],"product_cat":[1595],"product_tag":[],"class_list":{"0":"post-5744","1":"product","2":"type-product","3":"status-publish","4":"has-post-thumbnail","6":"product_cat-projets-dapprentissage","8":"first","9":"instock","10":"purchasable","11":"product-type-variable"},"jetpack_publicize_connections":[],"jetpack_sharing_enabled":true,"_links":{"self":[{"href":"https:\/\/thecomptoir.com\/fr\/wp-json\/wp\/v2\/product\/5744","targetHints":{"allow":["GET"]}}],"collection":[{"href":"https:\/\/thecomptoir.com\/fr\/wp-json\/wp\/v2\/product"}],"about":[{"href":"https:\/\/thecomptoir.com\/fr\/wp-json\/wp\/v2\/types\/product"}],"replies":[{"embeddable":true,"href":"https:\/\/thecomptoir.com\/fr\/wp-json\/wp\/v2\/comments?post=5744"}],"wp:featuredmedia":[{"embeddable":true,"href":"https:\/\/thecomptoir.com\/fr\/wp-json\/wp\/v2\/media\/6635"}],"wp:attachment":[{"href":"https:\/\/thecomptoir.com\/fr\/wp-json\/wp\/v2\/media?parent=5744"}],"wp:term":[{"taxonomy":"product_brand","embeddable":true,"href":"https:\/\/thecomptoir.com\/fr\/wp-json\/wp\/v2\/product_brand?post=5744"},{"taxonomy":"product_cat","embeddable":true,"href":"https:\/\/thecomptoir.com\/fr\/wp-json\/wp\/v2\/product_cat?post=5744"},{"taxonomy":"product_tag","embeddable":true,"href":"https:\/\/thecomptoir.com\/fr\/wp-json\/wp\/v2\/product_tag?post=5744"}],"curies":[{"name":"wp","href":"https:\/\/api.w.org\/{rel}","templated":true}]}}