{"id":5730,"date":"2021-10-20T20:19:56","date_gmt":"2021-10-20T19:19:56","guid":{"rendered":"https:\/\/thecomptoir.com\/fr\/?post_type=product&#038;p=5730"},"modified":"2026-02-16T15:02:39","modified_gmt":"2026-02-16T14:02:39","slug":"bienvenue-2022-kit-de-broderie","status":"publish","type":"product","link":"https:\/\/thecomptoir.com\/fr\/produit\/bienvenue-2022-kit-de-broderie\/","title":{"rendered":"Bonne Ann\u00e9e ! &#8211; Kit de broderie"},"content":{"rendered":"<p>This kit is going to be available in French or English<\/p>\n<h4>\u00c0 propos de ce kit<\/h4>\n<p class=\"p1\">suite au succ\u00e8s de la version 2022 de ce kit, j\u2019ai eu l\u2019envie de cr\u00e9er une nouvelle \u00e9dition de ce kit.<\/p>\n<p class=\"p1\">Le but de se projet est d\u2019abord d\u2019apprendre 12 diff\u00e9rents points de ligne mais aussi de garder une trace de l\u2019ann\u00e9e \u00e9coul\u00e9e tout en s\u2019accordant un peu de d\u00e9tente gr\u00e2ce \u00e0 une broderie journali\u00e8re. Cinq minutes par jour (plus ou moins) peuvent suffirent, vous n\u2019\u00eates pas oblig\u00e9 d\u2019y passer des heures.<\/p>\n<p class=\"p1\">Ce kit peut convenir aux d\u00e9butants mais gardez en t\u00eate qu\u2019il vous demandera un peu d\u2019assiduit\u00e9. Vous trouverez toutes les informations dont vous aurez besoin dans ce livret, si vous avez des questions, n\u2019h\u00e9sitez pas \u00e0 me contacter.<\/p>\n<p class=\"p1\">Si vous d\u00e9butez en broderie, ne soyez pas effray\u00e9.e ! Ce projet est un petit peu ambitieux mais vous ne serait pas compl\u00e8tement l\u00e2ch\u00e9 dans la nature. <b>Ce projet s&rsquo;accompagne de 3 vid\u00e9os sur ma <a href=\"https:\/\/www.youtube.com\/channel\/UCOLa-WMQZkh_nJTG06Hv1aw\">cha\u00eene YouTube<\/a>.<\/b><\/p>\n<h4>Dans ce kit<\/h4>\n<p class=\"p1\">Dans ce kit, vous trouverez tout ce dont vous avez besoin pour r\u00e9aliser une broderie: :<\/p>\n<ul>\n<li>1 cercle \u00e0 broder de 23 cm<\/li>\n<li>1 carr\u00e9 de tissu imprim\u00e9<\/li>\n<li>2 aiguilles \u00e0 broder<\/li>\n<li>7 \u00e9chevettes de fil \u00e0 broder<\/li>\n<li>1 livret explicatif<\/li>\n<\/ul>\n<h4>\u00c0 vous de choisir<\/h4>\n<p>Vous pouvez choisir le kit complet incluant tout ce qui est d\u00e9crit ci-dessus ou de recevoir la version <em>light<\/em> incluant uniquement le tissu et le livret explicatif.<\/p>\n<h4><\/h4>\n<p>&nbsp;<\/p>\n<p>&nbsp;<\/p>\n","protected":false},"excerpt":{"rendered":"[embed]https:\/\/www.youtube.com\/watch?v=-7P7qbxRIdc&#038;ab_channel=EliseTheComptoir[\/embed]\n","protected":false},"featured_media":6174,"comment_status":"open","ping_status":"closed","template":"","meta":{"jetpack_post_was_ever_published":false,"jetpack_publicize_message":"","jetpack_publicize_feature_enabled":true,"jetpack_social_post_already_shared":true,"jetpack_social_options":{"image_generator_settings":{"template":"highway","default_image_id":0,"font":"","enabled":false},"version":2}},"product_brand":[],"product_cat":[1593],"product_tag":[1535,1367,1487],"class_list":{"0":"post-5730","1":"product","2":"type-product","3":"status-publish","4":"has-post-thumbnail","6":"product_cat-projets-libres","7":"product_tag-broderie-phenologie","8":"product_tag-diy","9":"product_tag-kit-de-broderie","11":"first","12":"instock","13":"purchasable","14":"product-type-variable","15":"has-default-attributes"},"jetpack_publicize_connections":[],"jetpack_sharing_enabled":true,"_links":{"self":[{"href":"https:\/\/thecomptoir.com\/fr\/wp-json\/wp\/v2\/product\/5730","targetHints":{"allow":["GET"]}}],"collection":[{"href":"https:\/\/thecomptoir.com\/fr\/wp-json\/wp\/v2\/product"}],"about":[{"href":"https:\/\/thecomptoir.com\/fr\/wp-json\/wp\/v2\/types\/product"}],"replies":[{"embeddable":true,"href":"https:\/\/thecomptoir.com\/fr\/wp-json\/wp\/v2\/comments?post=5730"}],"wp:featuredmedia":[{"embeddable":true,"href":"https:\/\/thecomptoir.com\/fr\/wp-json\/wp\/v2\/media\/6174"}],"wp:attachment":[{"href":"https:\/\/thecomptoir.com\/fr\/wp-json\/wp\/v2\/media?parent=5730"}],"wp:term":[{"taxonomy":"product_brand","embeddable":true,"href":"https:\/\/thecomptoir.com\/fr\/wp-json\/wp\/v2\/product_brand?post=5730"},{"taxonomy":"product_cat","embeddable":true,"href":"https:\/\/thecomptoir.com\/fr\/wp-json\/wp\/v2\/product_cat?post=5730"},{"taxonomy":"product_tag","embeddable":true,"href":"https:\/\/thecomptoir.com\/fr\/wp-json\/wp\/v2\/product_tag?post=5730"}],"curies":[{"name":"wp","href":"https:\/\/api.w.org\/{rel}","templated":true}]}}