{"id":5699,"date":"2021-10-10T15:40:29","date_gmt":"2021-10-10T14:40:29","guid":{"rendered":"https:\/\/thecomptoir.com\/fr\/?post_type=product&#038;p=5699"},"modified":"2024-09-17T13:16:23","modified_gmt":"2024-09-17T12:16:23","slug":"des-fleurs-plein-la-tete-kit-de-broderie-sur-bois","status":"publish","type":"product","link":"https:\/\/thecomptoir.com\/fr\/produit\/des-fleurs-plein-la-tete-kit-de-broderie-sur-bois\/","title":{"rendered":"Des fleurs plein la t\u00eate &#8211; Broderie sur bois"},"content":{"rendered":"<p>This kit is available in English and in French.<\/p>\n<h2>In English<\/h2>\n<h4>About this kit<\/h4>\n<p>I am working on a huge embroidery since January 2021, about this amazing picture. It&rsquo;s so inspiring for me to work on it that I wanted to find a way to create a kit about this picture. And BAM!<\/p>\n<p>This kit is fitting for beginners. You are going to find all the explanations you need in the online tutorial coming with the kit.<\/p>\n<h4>In this kit<\/h4>\n<p>In your kit, you will find everything you need to make your \u00ab\u00a0flowers in my head\u00a0\u00bb on wood embroidery:<\/p>\n<ul>\n<li>1x4in hand screenprinted and engraved disk of wood<\/li>\n<li>1 embroidery needle<\/li>\n<li>7 different embroidery floss<\/li>\n<li>an online step-by-step tutorial<\/li>\n<\/ul>\n<p>&nbsp;<\/p>\n<h2>En Fran\u00e7ais<\/h2>\n<p>Si vous me suivez sur Instagram, vous savez que je travaille sur une tr\u00e8s grosse pi\u00e8ce avec cette photo comme inspiration principale. C&rsquo;est une image qui m&rsquo;a longtemps fascin\u00e9e et sur laquelle j&rsquo;aime beaucoup travailler et j&rsquo;avais vraiment \u00e0 coeur de trouver un moyen de l&rsquo;utiliser pour en faire un kit. Et voil\u00e0! C&rsquo;est chose faite!<\/p>\n<h4>Dans ce kit<\/h4>\n<p>Dans ce kit vous trouverez tout ce dont vous aurez besoin pour r\u00e9aliser ce projet :<\/p>\n<ul>\n<li>1 disque en bois grav\u00e9 et s\u00e9rigraphi\u00e9 (par mes soins) de 10cm<\/li>\n<li>1 aiguille \u00e0 broder<\/li>\n<li>7 couleurs de fil \u00e0 broder<\/li>\n<li>l\u2019acc\u00e8s \u00e0 un tutoriel en ligne pour vous aider \u00e0 r\u00e9aliser ce projet<\/li>\n<\/ul>\n","protected":false},"excerpt":{"rendered":"[embed]https:\/\/www.youtube.com\/watch?v=etHHeVIKiiI&#038;t=17s&#038;ab_channel=EliseTheComptoir[\/embed]\n","protected":false},"featured_media":5700,"comment_status":"open","ping_status":"closed","template":"","meta":{"jetpack_post_was_ever_published":false,"jetpack_publicize_message":"","jetpack_publicize_feature_enabled":true,"jetpack_social_post_already_shared":true,"jetpack_social_options":{"image_generator_settings":{"template":"highway","default_image_id":0,"font":"","enabled":false},"version":2}},"product_brand":[],"product_cat":[1598],"product_tag":[1529,1487,1521],"class_list":{"0":"post-5699","1":"product","2":"type-product","3":"status-publish","4":"has-post-thumbnail","6":"product_cat-projets-sur-bois","7":"product_tag-broderie-sur-bois","8":"product_tag-kit-de-broderie","9":"product_tag-pour-debutant","11":"first","12":"outofstock","13":"purchasable","14":"product-type-simple"},"jetpack_publicize_connections":[],"jetpack_sharing_enabled":true,"_links":{"self":[{"href":"https:\/\/thecomptoir.com\/fr\/wp-json\/wp\/v2\/product\/5699","targetHints":{"allow":["GET"]}}],"collection":[{"href":"https:\/\/thecomptoir.com\/fr\/wp-json\/wp\/v2\/product"}],"about":[{"href":"https:\/\/thecomptoir.com\/fr\/wp-json\/wp\/v2\/types\/product"}],"replies":[{"embeddable":true,"href":"https:\/\/thecomptoir.com\/fr\/wp-json\/wp\/v2\/comments?post=5699"}],"wp:featuredmedia":[{"embeddable":true,"href":"https:\/\/thecomptoir.com\/fr\/wp-json\/wp\/v2\/media\/5700"}],"wp:attachment":[{"href":"https:\/\/thecomptoir.com\/fr\/wp-json\/wp\/v2\/media?parent=5699"}],"wp:term":[{"taxonomy":"product_brand","embeddable":true,"href":"https:\/\/thecomptoir.com\/fr\/wp-json\/wp\/v2\/product_brand?post=5699"},{"taxonomy":"product_cat","embeddable":true,"href":"https:\/\/thecomptoir.com\/fr\/wp-json\/wp\/v2\/product_cat?post=5699"},{"taxonomy":"product_tag","embeddable":true,"href":"https:\/\/thecomptoir.com\/fr\/wp-json\/wp\/v2\/product_tag?post=5699"}],"curies":[{"name":"wp","href":"https:\/\/api.w.org\/{rel}","templated":true}]}}